{"id":4083,"date":"2020-10-01T15:26:56","date_gmt":"2020-10-01T13:26:56","guid":{"rendered":"https:\/\/www.badantianzianigenova.it\/agenzia-badanti-genova-assistenza-anziani-badanti-qualificate\/"},"modified":"2020-10-01T15:26:56","modified_gmt":"2020-10-01T13:26:56","slug":"agenzia-badanti-genova-assistenza-anziani-badanti-qualificate","status":"publish","type":"page","link":"https:\/\/www.badantianzianigenova.it\/de\/","title":{"rendered":"Agenzia Badanti Genova Assistenza Anziani Badanti Qualificate"},"content":{"rendered":"<p>[et_pb_section fb_built=&#8220;1&#8243; fullwidth=&#8220;on&#8220; theme_builder_area=&#8220;post_content&#8220; _builder_version=&#8220;4.21.0&#8243; _module_preset=&#8220;default&#8220;][et_pb_fullwidth_header title=&#8220;  Betreuungsagentur Genua  &#8220; subhead=&#8220;Assistenza Anziani. Badanti Qualificate Genova&#8220; button_one_text=&#8220;3385877021&#8243; button_one_url=&#8220;  tel:3385877021&#8243; button_two_text=&#8220;genova@consorzioangelus.com&#8220; logo_image_url=&#8220;https:\/\/www.badantianzianigenova.it\/wp-content\/uploads\/2021\/05\/unnamed.png&#8220; logo_alt_text=&#8220;  Agenzia Badanti Genova Il Sorriso&#8220; logo_title=&#8220;  Agenzia Badanti Genova Cooperativa il Sorriso  &#8220; header_image_url=&#8220;https:\/\/www.badantianzianigenova.it\/wp-content\/uploads\/2021\/12\/headercontentbg2.png&#8220; image_alt_text=&#8220;  Agenzia Badanti Genova Assistenza Anziani&#8220; image_title=&#8220;  Agenzia Badanti Genova Baddanti Qualificate&#8220; _builder_version=&#8220;4.19.0&#8243; title_level=&#8220;h2&#8243; content_text_align=&#8220;left&#8220; background_color=&#8220;#00278c&#8220; custom_button_one=&#8220;on&#8220; button_one_text_color=&#8220;#0C71C3&#8243; button_one_bg_color=&#8220;#FFFFFF&#8220; button_one_border_color=&#8220;#FFFFFF&#8220; button_one_border_radius=&#8220;20px&#8220; button_one_font=&#8220;||||||||&#8220; button_one_icon=&#8220;\ue00b||divi||400&#8243; button_one_icon_color=&#8220;#7CDA24&#8243; button_one_icon_placement=&#8220;left&#8220; button_one_on_hover=&#8220;off&#8220; custom_button_two=&#8220;on&#8220; button_two_text_color=&#8220;#0C71C3&#8243; button_two_bg_color=&#8220;#FFFFFF&#8220; button_two_border_color=&#8220;#7CDA24&#8243; button_two_border_radius=&#8220;21px&#8220; button_two_font=&#8220;||||||||&#8220; button_two_icon=&#8220;\ue010||divi||400&#8243; button_two_icon_color=&#8220;#7CDA24&#8243; button_two_icon_placement=&#8220;left&#8220; button_two_on_hover=&#8220;off&#8220; global_colors_info=&#8220;{}&#8220; theme_builder_area=&#8220;post_content&#8220;][\/et_pb_fullwidth_header][\/et_pb_section][et_pb_section fb_built=&#8220;1&#8243; _builder_version=&#8220;4.16&#8243; min_height=&#8220;228px&#8220; custom_margin=&#8220;||-116px|||&#8220; global_colors_info=&#8220;{}&#8220;][et_pb_row column_structure=&#8220;1_3,1_3,1_3&#8243; _builder_version=&#8220;4.14.3&#8243; _module_preset=&#8220;default&#8220; global_module=&#8220;2074&#8243; saved_tabs=&#8220;all&#8220; global_colors_info=&#8220;{}&#8220;][et_pb_column type=&#8220;1_3&#8243; _builder_version=&#8220;4.16&#8243; _module_preset=&#8220;default&#8220; global_colors_info=&#8220;{}&#8220;][et_pb_blurb title=&#8220;Betreuungsagentur Genua&#8220; url=&#8220;https:\/\/www.badantianzianigenova.it\/agenzia-badanti-genova-badanti-qualificate\/&#8220; use_icon=&#8220;on&#8220; font_icon=&#8220;\ue026||divi||400&#8243; _builder_version=&#8220;4.16&#8243; _module_preset=&#8220;default&#8220; link_option_url=&#8220;https:\/\/www.badantianzianigenova.it\/agenzia-badanti-genova-badanti-qualificate\/&#8220; global_colors_info=&#8220;{}&#8220;]<\/p>\n<p>Finden Sie mit uns Ihre vertraute Pflegekraft. Wir verwalten Vertrag, Gehaltsabrechnung und Beitr\u00e4ge. Betreuungsperson, Nachtbetreuungsperson, Betreuungsperson f\u00fcr \u00e4ltere und behinderte Menschen. In Genua, Recco, Camogli, Arenziano. Denn sie ist viel mehr <strong>als nur eine Agentur f\u00fcr Pflegekr\u00e4fte in Genua<\/strong>.<\/p>\n<p>[\/et_pb_blurb][et_pb_button button_url=&#8220;https:\/\/www.badantianzianigenova.it\/agenzia-badanti-genova-badanti-qualificate&#8220; button_text=&#8220;Scopri di pi\u00f9&#8220; _builder_version=&#8220;4.16&#8243; _module_preset=&#8220;default&#8220; global_colors_info=&#8220;{}&#8220;][\/et_pb_button][\/et_pb_column][et_pb_column type=&#8220;1_3&#8243; _builder_version=&#8220;4.16&#8243; _module_preset=&#8220;default&#8220; global_colors_info=&#8220;{}&#8220;][et_pb_blurb title=&#8220;Nachtpflegerin Genua&#8220; url=&#8220;https:\/\/www.badantianzianigenova.it\/badante-notturna-genova-veglia-notturna-ospedale\/&#8220; use_icon=&#8220;on&#8220; font_icon=&#8220;\ue009||divi||400&#8243; _builder_version=&#8220;4.16&#8243; _module_preset=&#8220;default&#8220; link_option_url=&#8220;https:\/\/www.badantianzianigenova.it\/badante-notturna-genova-veglia-notturna-ospedale\/&#8220; global_colors_info=&#8220;{}&#8220;]<\/p>\n<p>Unsere <a href=\"https:\/\/www.badantianzianigenova.it\/badante-notturna-genova-veglia-notturna-ospedale\/\">Genossenschaft<\/a> ist in der Lage, Familien, die sich in einer solchen Situation befinden, mit qualifizierten, zuverl\u00e4ssigen und professionellen Mitarbeitern zu unterst\u00fctzen. Die Nachtpflege erfordert besondere F\u00e4higkeiten und pers\u00f6nliche Eigenschaften.<\/p>\n<p>[\/et_pb_blurb][et_pb_button button_url=&#8220;https:\/\/www.badantianzianigenova.it\/badante-notturna-genova-veglia-notturna-ospedale&#8220; button_text=&#8220;Scopri di pi\u00f9&#8220; _builder_version=&#8220;4.16&#8243; _module_preset=&#8220;default&#8220; global_colors_info=&#8220;{}&#8220;][\/et_pb_button][\/et_pb_column][et_pb_column type=&#8220;1_3&#8243; _builder_version=&#8220;4.16&#8243; _module_preset=&#8220;default&#8220; global_colors_info=&#8220;{}&#8220;][et_pb_blurb title=&#8220;Qualifizierte Pflegekr\u00e4fte Genua&#8220; url=&#8220;https:\/\/www.badantianzianigenova.it\/badanti-qualificate-genova\/&#8220; use_icon=&#8220;on&#8220; font_icon=&#8220;\ue021||divi||400&#8243; _builder_version=&#8220;4.16&#8243; _module_preset=&#8220;default&#8220; global_colors_info=&#8220;{}&#8220;]<\/p>\n<p>Angelus Genova bietet einen Altenpflegeservice, eine Tages- und Nachtpflegekraft oder eine Live-in-Pflegekraft.<br \/>Wenden Sie sich an einen der ANGELUS Standorte, dort finden Sie die Verf\u00fcgbarkeit und Kompetenz unserer Pflegekr\u00e4fte f\u00fcr Ihre Familienmitglieder.<\/p>\n<p>[\/et_pb_blurb][et_pb_button button_url=&#8220;https:\/\/www.badantianzianigenova.it\/badanti-qualificate-genova\/&#8220; button_text=&#8220;Scopri di pi\u00f9&#8220; _builder_version=&#8220;4.16&#8243; _module_preset=&#8220;default&#8220; global_colors_info=&#8220;{}&#8220;][\/et_pb_button][\/et_pb_column][\/et_pb_row][et_pb_row _builder_version=&#8220;4.16&#8243; global_colors_info=&#8220;{}&#8220;][et_pb_column type=&#8220;4_4&#8243; _builder_version=&#8220;4.16&#8243; custom_padding=&#8220;|||&#8220; global_colors_info=&#8220;{}&#8220; custom_padding__hover=&#8220;|||&#8220;][et_pb_text _builder_version=&#8220;4.16&#8243; global_colors_info=&#8220;{}&#8220;]<\/p>\n<h3 class=\"heading-style-3 visible-first\">WIR <span class=\"item_title_part_3 item_title_part_even item_title_part_first_half\">K\u00dcMMERN<\/span> UNS <span class=\"item_title_part_4 item_title_part_odd item_title_part_second_half\">UM<\/span> <span class=\"item_title_part_5 item_title_part_even item_title_part_second_half\">IHRE<\/span> <span class=\"item_title_part_6 item_title_part_odd item_title_part_second_half item_title_part_last\">BED\u00dcRFNISSE IN GENUA UND DER PROVINZ<\/span><\/h3>\n<p>Angelus Genova bietet einen Altenpflegeservice, eine Tages- und Nachtpflegekraft oder eine Live-in-Pflegekraft.<br \/>\nWenden Sie sich an eines der ANGELUS-B\u00fcros, dort stehen Ihnen die Angelus-Familienberater zur Verf\u00fcgung und helfen Ihnen bei Ihren Pflegebed\u00fcrfnissen. Betreuer f\u00fcr \u00e4ltere Menschen und Familien Genua<br \/>\n[\/et_pb_text][\/et_pb_column][\/et_pb_row][\/et_pb_section][et_pb_section fb_built=&#8220;1&#8243; _builder_version=&#8220;4.16&#8243; global_colors_info=&#8220;{}&#8220;][et_pb_row column_structure=&#8220;1_4,3_4&#8243; _builder_version=&#8220;4.16&#8243; global_colors_info=&#8220;{}&#8220;][et_pb_column type=&#8220;1_4&#8243; _builder_version=&#8220;4.16&#8243; global_colors_info=&#8220;{}&#8220;][et_pb_image src=&#8220;https:\/\/www.badantianzianigenova.it\/wp-content\/uploads\/2021\/05\/page-1_img03.jpg&#8220; alt=&#8220;Agenzia Badanti Genua Consorzio Angelus&#8220; title_text=&#8220;Agenzia Badanti Genova  &#8220; _builder_version=&#8220;4.16&#8243; global_colors_info=&#8220;{}&#8220;][\/et_pb_image][\/et_pb_column][et_pb_column type=&#8220;3_4&#8243; _builder_version=&#8220;4.16&#8243; global_colors_info=&#8220;{}&#8220;][et_pb_text _builder_version=&#8220;4.16&#8243; global_colors_info=&#8220;{}&#8220;]<\/p>\n<h3>Pflegekr\u00e4fte f\u00fcr \u00e4ltere Menschen Genua<\/h3>\n<p>Unser Familienberater geht auf Ihre Bed\u00fcrfnisse ein und w\u00e4hlt die richtigen Bewerber f\u00fcr Sie aus. Sie bietet Ihnen kognitive Treffen mit Kandidaten an und hilft Ihnen bei der Auswahl des richtigen Kandidaten. In Genua und seiner Provinz<\/p>\n<p>Bei uns erfahren Sie sofort die monatlichen Kosten und die notwendigen Formalit\u00e4ten f\u00fcr die Einstellung und die Dienste einer Pflegekraft aus Genua<\/p>\n<p>Unser Familienberater von APiCi Genua wird Ihnen bei der Verwaltung des Arbeitsverh\u00e4ltnisses zwischen Ihnen und dem eingestellten Arbeitnehmer stets zur Seite stehen. Wir unterst\u00fctzen Sie bei Ihren Berichten, indem wir uns um Ihr Sozialversicherungsmanagement von der Einstellung bis zur K\u00fcndigung k\u00fcmmern.<br \/>\n[\/et_pb_text][\/et_pb_column][\/et_pb_row][\/et_pb_section][et_pb_section fb_built=&#8220;1&#8243; admin_label=&#8220;Sezione&#8220; _builder_version=&#8220;4.14.4&#8243; _module_preset=&#8220;default&#8220; global_module=&#8220;2020&#8243; global_colors_info=&#8220;{}&#8220;][et_pb_row column_structure=&#8220;1_2,1_2&#8243; _builder_version=&#8220;4.16&#8243; _module_preset=&#8220;default&#8220; global_colors_info=&#8220;{}&#8220;][et_pb_column type=&#8220;1_2&#8243; _builder_version=&#8220;4.16&#8243; _module_preset=&#8220;default&#8220; global_colors_info=&#8220;{}&#8220;][et_pb_contact_form captcha=&#8220;off&#8220; email=&#8220;genova@consorzioangelus.com&#8220; title=&#8220;Kontaktieren Sie uns jetzt&#8220; success_message=&#8220;Grazie per averci contattato&#8220; submit_button_text=&#8220;Invia ora&#8220; _builder_version=&#8220;4.21.0&#8243; _module_preset=&#8220;default&#8220; _unique_id=&#8220;770ee0a6-51c1-49bb-ac49-a022bdbe3aeb&#8220; title_level=&#8220;h3&#8243; global_colors_info=&#8220;{}&#8220;][et_pb_contact_field field_id=&#8220;Name&#8220; field_title=&#8220;Nome&#8220; _builder_version=&#8220;4.16&#8243; global_colors_info=&#8220;{}&#8220; button_text_size__hover_enabled=&#8220;off&#8220; button_one_text_size__hover_enabled=&#8220;off&#8220; button_two_text_size__hover_enabled=&#8220;off&#8220; button_text_color__hover_enabled=&#8220;off&#8220; button_one_text_color__hover_enabled=&#8220;off&#8220; button_two_text_color__hover_enabled=&#8220;off&#8220; button_border_width__hover_enabled=&#8220;off&#8220; button_one_border_width__hover_enabled=&#8220;off&#8220; button_two_border_width__hover_enabled=&#8220;off&#8220; button_border_color__hover_enabled=&#8220;off&#8220; button_one_border_color__hover_enabled=&#8220;off&#8220; button_two_border_color__hover_enabled=&#8220;off&#8220; button_border_radius__hover_enabled=&#8220;off&#8220; button_one_border_radius__hover_enabled=&#8220;off&#8220; button_two_border_radius__hover_enabled=&#8220;off&#8220; button_letter_spacing__hover_enabled=&#8220;off&#8220; button_one_letter_spacing__hover_enabled=&#8220;off&#8220; button_two_letter_spacing__hover_enabled=&#8220;off&#8220; button_bg_color__hover_enabled=&#8220;off&#8220; button_one_bg_color__hover_enabled=&#8220;off&#8220; button_two_bg_color__hover_enabled=&#8220;off&#8220;][\/et_pb_contact_field][et_pb_contact_field field_id=&#8220;Email&#8220; field_title=&#8220;Indirizzo e-mail&#8220; field_type=&#8220;email&#8220; _builder_version=&#8220;4.16&#8243; global_colors_info=&#8220;{}&#8220; button_text_size__hover_enabled=&#8220;off&#8220; button_one_text_size__hover_enabled=&#8220;off&#8220; button_two_text_size__hover_enabled=&#8220;off&#8220; button_text_color__hover_enabled=&#8220;off&#8220; button_one_text_color__hover_enabled=&#8220;off&#8220; button_two_text_color__hover_enabled=&#8220;off&#8220; button_border_width__hover_enabled=&#8220;off&#8220; button_one_border_width__hover_enabled=&#8220;off&#8220; button_two_border_width__hover_enabled=&#8220;off&#8220; button_border_color__hover_enabled=&#8220;off&#8220; button_one_border_color__hover_enabled=&#8220;off&#8220; button_two_border_color__hover_enabled=&#8220;off&#8220; button_border_radius__hover_enabled=&#8220;off&#8220; button_one_border_radius__hover_enabled=&#8220;off&#8220; button_two_border_radius__hover_enabled=&#8220;off&#8220; button_letter_spacing__hover_enabled=&#8220;off&#8220; button_one_letter_spacing__hover_enabled=&#8220;off&#8220; button_two_letter_spacing__hover_enabled=&#8220;off&#8220; button_bg_color__hover_enabled=&#8220;off&#8220; button_one_bg_color__hover_enabled=&#8220;off&#8220; button_two_bg_color__hover_enabled=&#8220;off&#8220;][\/et_pb_contact_field][et_pb_contact_field field_id=&#8220;Message&#8220; field_title=&#8220;Messaggio&#8220; field_type=&#8220;text&#8220; fullwidth_field=&#8220;on&#8220; _builder_version=&#8220;4.16&#8243; global_colors_info=&#8220;{}&#8220; button_text_size__hover_enabled=&#8220;off&#8220; button_one_text_size__hover_enabled=&#8220;off&#8220; button_two_text_size__hover_enabled=&#8220;off&#8220; button_text_color__hover_enabled=&#8220;off&#8220; button_one_text_color__hover_enabled=&#8220;off&#8220; button_two_text_color__hover_enabled=&#8220;off&#8220; button_border_width__hover_enabled=&#8220;off&#8220; button_one_border_width__hover_enabled=&#8220;off&#8220; button_two_border_width__hover_enabled=&#8220;off&#8220; button_border_color__hover_enabled=&#8220;off&#8220; button_one_border_color__hover_enabled=&#8220;off&#8220; button_two_border_color__hover_enabled=&#8220;off&#8220; button_border_radius__hover_enabled=&#8220;off&#8220; button_one_border_radius__hover_enabled=&#8220;off&#8220; button_two_border_radius__hover_enabled=&#8220;off&#8220; button_letter_spacing__hover_enabled=&#8220;off&#8220; button_one_letter_spacing__hover_enabled=&#8220;off&#8220; button_two_letter_spacing__hover_enabled=&#8220;off&#8220; button_bg_color__hover_enabled=&#8220;off&#8220; button_one_bg_color__hover_enabled=&#8220;off&#8220; button_two_bg_color__hover_enabled=&#8220;off&#8220;][\/et_pb_contact_field][\/et_pb_contact_form][\/et_pb_column][et_pb_column type=&#8220;1_2&#8243; _builder_version=&#8220;4.16&#8243; _module_preset=&#8220;default&#8220; global_colors_info=&#8220;{}&#8220;][et_pb_map address=&#8220;Via Al Ponte Reale 1 Genova&#8220; address_lat=&#8220;44.409344908399&#8243; address_lng=&#8220;8.9293955854588&#8243; _builder_version=&#8220;4.16&#8243; _module_preset=&#8220;default&#8220; global_colors_info=&#8220;{}&#8220;][et_pb_map_pin title=&#8220;Consorzio Angelus Genua&#8220; pin_address=&#8220;Via Al Ponte Reale, 1, 16124 Genova GE, Italia&#8220; pin_address_lat=&#8220;44.4092946&#8243; pin_address_lng=&#8220;8.9293514&#8243; _builder_version=&#8220;4.14.4&#8243; _module_preset=&#8220;default&#8220; global_colors_info=&#8220;{}&#8220;][\/et_pb_map_pin][\/et_pb_map][\/et_pb_column][\/et_pb_row][\/et_pb_section][et_pb_section fb_built=&#8220;1&#8243; _builder_version=&#8220;4.16&#8243; _module_preset=&#8220;default&#8220; global_colors_info=&#8220;{}&#8220;][et_pb_row _builder_version=&#8220;4.16&#8243; global_colors_info=&#8220;{}&#8220;][et_pb_column type=&#8220;4_4&#8243; _builder_version=&#8220;4.16&#8243; global_colors_info=&#8220;{}&#8220;][et_pb_text _builder_version=&#8220;4.21.0&#8243; global_colors_info=&#8220;{}&#8220;]<\/p>\n<h2>Consorzio Angelus, Ihre vertrauensw\u00fcrdige Agentur f\u00fcr Pflegekr\u00e4fte in Genua.<\/h2>\n<p>Die h\u00e4usliche Pflege kann eine vorteilhafte Option f\u00fcr Menschen sein, die Langzeitpflege ben\u00f6tigen, aber ihre Unabh\u00e4ngigkeit und Privatsph\u00e4re nicht aufgeben wollen. Wenn Sie sich daf\u00fcr entscheiden, eine Pflegekraft einzustellen, k\u00f6nnen Sie dies \u00fcber eine Agentur tun, die auf h\u00e4usliche Pflegedienste spezialisiert ist.<\/p>\n<p>In diesem Artikel erfahren Sie, warum die Einstellung einer Pflegekraft \u00fcber eine Agentur in Genua f\u00fcr viele Familien die richtige Wahl sein kann.<\/p>\n<p>1. <strong>Hochqualifizierte Fachleute<\/strong><\/p>\n<p>Die h\u00e4uslichen Pflegedienste in Genua w\u00e4hlen hoch qualifizierte und geschulte Pflegekr\u00e4fte aus. Die Pflegekr\u00e4fte, die f\u00fcr diese Agenturen arbeiten, haben in der Regel jahrelange Erfahrung in der h\u00e4uslichen Pflege, sind mit den Techniken f\u00fcr die Pflege von Menschen mit gesundheitlichen Problemen vertraut und k\u00f6nnen mit Notfallsituationen umgehen.<\/p>\n<p>H\u00e4usliche Pflegedienste in Genua bieten ihren Mitarbeitern auch Schulungen an, um sicherzustellen, dass sie immer auf dem neuesten Stand der Techniken und Praktiken in der h\u00e4uslichen Pflege sind.<\/p>\n<p>2. <strong>Mehr Sicherheit und Seelenfrieden<\/strong><\/p>\n<p>Die Beauftragung einer Betreuungsperson durch eine Agentur in Genua kann mehr Sicherheit und Seelenfrieden bieten. Die h\u00e4uslichen Pflegedienste \u00fcberpr\u00fcfen den Hintergrund ihrer Mitarbeiter und kontrollieren regelm\u00e4\u00dfig ihr Verhalten, um sicherzustellen, dass sie den Berufs- und Verhaltensstandards entsprechen.<\/p>\n<p>Dar\u00fcber hinaus bieten h\u00e4usliche Pflegedienste einen Versicherungsschutz f\u00fcr die bei ihnen besch\u00e4ftigten Pflegekr\u00e4fte an, um ihre Kunden bei Unf\u00e4llen oder Verletzungen w\u00e4hrend der Arbeit zu sch\u00fctzen.<\/p>\n<p>3. <strong>Flexibilit\u00e4t und individuelle Anpassung der Dienstleistungen<\/strong><\/p>\n<p>Die h\u00e4uslichen Pflegedienste in Genua bieten ma\u00dfgeschneiderte und flexible Dienstleistungen an, die auf die spezifischen Bed\u00fcrfnisse ihrer Kunden zugeschnitten sind. Sie k\u00f6nnen den Zeitpunkt und die Dauer der h\u00e4uslichen Pflege selbst bestimmen und entscheiden, welche T\u00e4tigkeiten die Pflegekraft w\u00e4hrend ihres Aufenthalts aus\u00fcben soll.<\/p>\n<p>Dar\u00fcber hinaus k\u00f6nnen h\u00e4usliche Pflegedienste je nach den Bed\u00fcrfnissen des Kunden Kurzzeit- oder Langzeitpflege anbieten.<\/p>\n<p>4. <strong>Kontinuierliche Hilfe und Unterst\u00fctzung<\/strong><\/p>\n<p>H\u00e4usliche Pflegedienste in Genua bieten ihren Kunden und deren Betreuern kontinuierliche Hilfe und Unterst\u00fctzung. In Notf\u00e4llen oder bei unvorhergesehenen Ereignissen stehen die Agenturen immer zur Verf\u00fcgung, um Hilfe zu leisten und Probleme zu l\u00f6sen.<\/p>\n<p>Dar\u00fcber hinaus bieten die h\u00e4uslichen Pflegedienste in Genua Vertretungsdienste f\u00fcr Pflegekr\u00e4fte an, die aufgrund von Krankheit oder aus anderen Gr\u00fcnden nicht arbeiten k\u00f6nnen.<\/p>\n<p>5. <strong>Zeit- und Stressersparnis<\/strong><\/p>\n<p>Die Einstellung einer Pflegekraft \u00fcber eine Agentur in Genua kann Zeit und Stress sparen. H\u00e4usliche Pflegedienste k\u00fcmmern sich um die gesamte Personalverwaltung, einschlie\u00dflich Auswahl, Schulung, Verhaltenskontrolle und Abwicklung b\u00fcrokratischer Angelegenheiten.<\/p>\n<p>[\/et_pb_text][et_pb_text _builder_version=&#8220;4.21.0&#8243; _module_preset=&#8220;default&#8220; global_colors_info=&#8220;{}&#8220;]<\/p>\n<div id=\"1187269228\" class=\"u_1187269228 dmNewParagraph\" data-dmtmpl=\"true\" data-element-type=\"paragraph\" data-version=\"5\" data-uialign=\"left\" data-anim-desktop=\"fadeInUp\">\n<h2>Consorzio Angelus Seniorenhilfe und Pflegedienst Genua<\/h2>\n<\/div>\n<div id=\"1088972914\" class=\"u_1088972914 dmNewParagraph\" data-dmtmpl=\"true\" data-element-type=\"paragraph\" data-version=\"5\" data-uialign=\"left\">\n<p><span class=\"\">Die Agenzia Badanti Genova Assistenza Badanti anziani e disabili ist in der Region Ligurien t\u00e4tig und richtet sich mit ihren sozialen Hilfsma\u00dfnahmen vor allem an \u00e4ltere und kranke Menschen sowie an Patienten mit vor\u00fcbergehenden psycho-physischen Behinderungen.<\/span><\/p>\n<p>Die angebotenen Dienstleistungen betreffen Patienten mit Krankheiten wie: ALS, <a href=\"https:\/\/it.wikipedia.org\/wiki\/Malattia_di_Alzheimer\" target=\"_blank\" rel=\"noopener\">Alzheimer<\/a> <a href=\"https:\/\/it.wikipedia.org\/wiki\/Malattia_di_Parkinson\" target=\"_blank\" rel=\"noopener\">, Parkinson<\/a>, Onkologie, <a href=\"https:\/\/it.wikipedia.org\/wiki\/Sclerosi_multipla\" target=\"_blank\" rel=\"noopener\">Multiple Sklerose<\/a>, Schlaganfall, kardio-pulmonale, neurodegenerative oder myo-degenerative Erkrankungen. F\u00fcr \u00e4ltere Menschen, die <strong>sich teilweise selbst versorgen oder nicht selbst versorgen k\u00f6nnen,<\/strong> wurden mehrere Ma\u00dfnahmen in Form von Hilfsdiensten, Sozialisierung und unterst\u00fctzender Besch\u00e4ftigungstherapie durchgef\u00fchrt.<\/p>\n<\/div>\n<p>[\/et_pb_text][\/et_pb_column][\/et_pb_row][\/et_pb_section][et_pb_section fb_built=&#8220;1&#8243; admin_label=&#8220;section&#8220; _builder_version=&#8220;4.16&#8243; global_colors_info=&#8220;{}&#8220;][et_pb_row _builder_version=&#8220;4.16&#8243; global_colors_info=&#8220;{}&#8220;][et_pb_column type=&#8220;4_4&#8243; _builder_version=&#8220;4.16&#8243; global_colors_info=&#8220;{}&#8220;][et_pb_image src=&#8220;https:\/\/www.badantianzianigenova.it\/wp-content\/uploads\/2021\/09\/ContributiBadanti.png&#8220; title_text=&#8220;ContributiBadanti&#8220; _builder_version=&#8220;4.16&#8243; background_color=&#8220;#a0a0a0&#8243; global_colors_info=&#8220;{}&#8220;][\/et_pb_image][et_pb_portfolio posts_number=&#8220;4&#8243; include_categories=&#8220;all&#8220; show_categories=&#8220;off&#8220; show_pagination=&#8220;off&#8220; _builder_version=&#8220;4.16&#8243; _module_preset=&#8220;default&#8220; global_colors_info=&#8220;{}&#8220;][\/et_pb_portfolio][\/et_pb_column][\/et_pb_row][\/et_pb_section]<\/p>\n","protected":false},"excerpt":{"rendered":"<p>Finden Sie mit uns Ihre vertraute Pflegekraft. Wir verwalten Vertrag, Gehaltsabrechnung und Beitr\u00e4ge. Betreuungsperson, Nachtbetreuungsperson, Betreuungsperson f\u00fcr \u00e4ltere und behinderte Menschen. In Genua, Recco, Camogli, Arenziano. Denn sie ist viel mehr als nur eine Agentur f\u00fcr Pflegekr\u00e4fte in Genua.Unsere Genossenschaft ist in der Lage, Familien, die sich in einer solchen Situation befinden, mit qualifizierten, zuverl\u00e4ssigen [&hellip;]<\/p>\n","protected":false},"author":68,"featured_media":3885,"parent":0,"menu_order":0,"comment_status":"closed","ping_status":"closed","template":"","meta":{"_acf_changed":false,"googlesitekit_rrm_CAowmdjEDA:productID":"","_et_pb_use_builder":"on","_et_pb_old_content":"","_et_gb_content_width":"","inline_featured_image":false,"footnotes":""},"class_list":["post-4083","page","type-page","status-publish","has-post-thumbnail","hentry"],"acf":[],"jetpack-related-posts":[],"_links":{"self":[{"href":"https:\/\/www.badantianzianigenova.it\/de\/wp-json\/wp\/v2\/pages\/4083","targetHints":{"allow":["GET"]}}],"collection":[{"href":"https:\/\/www.badantianzianigenova.it\/de\/wp-json\/wp\/v2\/pages"}],"about":[{"href":"https:\/\/www.badantianzianigenova.it\/de\/wp-json\/wp\/v2\/types\/page"}],"author":[{"embeddable":true,"href":"https:\/\/www.badantianzianigenova.it\/de\/wp-json\/wp\/v2\/users\/68"}],"replies":[{"embeddable":true,"href":"https:\/\/www.badantianzianigenova.it\/de\/wp-json\/wp\/v2\/comments?post=4083"}],"version-history":[{"count":0,"href":"https:\/\/www.badantianzianigenova.it\/de\/wp-json\/wp\/v2\/pages\/4083\/revisions"}],"wp:featuredmedia":[{"embeddable":true,"href":"https:\/\/www.badantianzianigenova.it\/de\/wp-json\/wp\/v2\/media\/3885"}],"wp:attachment":[{"href":"https:\/\/www.badantianzianigenova.it\/de\/wp-json\/wp\/v2\/media?parent=4083"}],"curies":[{"name":"wp","href":"https:\/\/api.w.org\/{rel}","templated":true}]}}