{"id":4108,"date":"2021-12-21T06:30:36","date_gmt":"2021-12-21T05:30:36","guid":{"rendered":"https:\/\/www.badantianzianigenova.it\/night-caregiver-genoa-hospital-night-vigil\/"},"modified":"2023-06-13T09:46:40","modified_gmt":"2023-06-13T07:46:40","slug":"night-caregiver-genoa-hospital-night-vigil","status":"publish","type":"page","link":"https:\/\/www.badantianzianigenova.it\/en\/night-caregiver-genoa-hospital-night-vigil\/","title":{"rendered":"Night Caregiver Genoa Hospital Night Vigil"},"content":{"rendered":"<p>[et_pb_section fb_built=&#8221;1&#8243; fullwidth=&#8221;on&#8221; _builder_version=&#8221;4.21.0&#8243; _module_preset=&#8221;default&#8221; global_colors_info=&#8221;{}&#8221;][et_pb_fullwidth_post_title _builder_version=&#8221;4.21.0&#8243; _module_preset=&#8221;default&#8221; global_colors_info=&#8221;{}&#8221;][\/et_pb_fullwidth_post_title][et_pb_fullwidth_header title=&#8221;Badante Notturna Genova&#8221; subhead=&#8221;Agenzia Badanti Notturne Genova&#8221; button_one_text=&#8221;3385877021&#8243; button_one_url=&#8221; tel:3385877021&#8243; button_two_text=&#8221;genova@consorzioangelus.com&#8221; logo_image_url=&#8221;https:\/\/www.badantianzianigenova.it\/wp-content\/uploads\/2021\/05\/unnamed.png&#8221; logo_alt_text=&#8221; Agenzia Badanti Genova Il Sorriso&#8221; logo_title=&#8221; Agenzia Badanti Genova Cooperativa il Sorriso &#8221; header_image_url=&#8221;https:\/\/www.badantianzianigenova.it\/wp-content\/uploads\/2021\/12\/headercontentbg2.png&#8221; image_alt_text=&#8221; Agenzia Badanti Genova Assistenza Anziani&#8221; image_title=&#8221; Agenzia Badanti Genova Baddanti Qualificate&#8221; _builder_version=&#8221;4.21.0&#8243; title_level=&#8221;h2&#8243; content_text_align=&#8221;left&#8221; background_color=&#8221;#00278c&#8221; custom_button_one=&#8221;on&#8221; button_one_text_color=&#8221;#0C71C3&#8243; button_one_bg_color=&#8221;#FFFFFF&#8221; button_one_border_color=&#8221;#FFFFFF&#8221; button_one_border_radius=&#8221;20px&#8221; button_one_font=&#8221;||||||||&#8221; button_one_icon=&#8221;\ue00b||divi||400&#8243; button_one_icon_color=&#8221;#7CDA24&#8243; button_one_icon_placement=&#8221;left&#8221; button_one_on_hover=&#8221;off&#8221; custom_button_two=&#8221;on&#8221; button_two_text_color=&#8221;#0C71C3&#8243; button_two_bg_color=&#8221;#FFFFFF&#8221; button_two_border_color=&#8221;#7CDA24&#8243; button_two_border_radius=&#8221;21px&#8221; button_two_font=&#8221;||||||||&#8221; button_two_icon=&#8221;\ue010||divi||400&#8243; button_two_icon_color=&#8221;#7CDA24&#8243; button_two_icon_placement=&#8221;left&#8221; button_two_on_hover=&#8221;off&#8221; global_colors_info=&#8221;{}&#8221;][\/et_pb_fullwidth_header][\/et_pb_section][et_pb_section fb_built=&#8221;1&#8243; _builder_version=&#8221;4.16&#8243; min_height=&#8221;228px&#8221; custom_margin=&#8221;||-116px|||&#8221; global_colors_info=&#8221;{}&#8221;][et_pb_row column_structure=&#8221;1_3,1_3,1_3&#8243; _builder_version=&#8221;4.16&#8243; _module_preset=&#8221;default&#8221; global_colors_info=&#8221;{}&#8221;][et_pb_column type=&#8221;1_3&#8243; _builder_version=&#8221;4.16&#8243; _module_preset=&#8221;default&#8221; global_colors_info=&#8221;{}&#8221;][et_pb_blurb title=&#8221;Veglia Notturna Genova&#8221; image=&#8221;https:\/\/www.badantianzianigenova.it\/wp-content\/uploads\/2021\/05\/page-1_img03.jpg&#8221; alt=&#8221;Badanti Anziani Genova &#8211; Assistenza Anziani Genova&#8221; _builder_version=&#8221;4.16&#8243; _module_preset=&#8221;default&#8221; box_shadow_style_image=&#8221;preset2&#8243; global_colors_info=&#8221;{}&#8221;]<\/p>\n<p>La nostra <a href=\"https:\/\/www.angelussavona.it\" target=\"_blank\" rel=\"noopener\">Cooperativa<\/a> \u00e8 in grado di supportare le famiglie, che si trovano a dover fronteggiare una simile situazione, con operatori qualificati, affidabili e professionali. Erogare assistenza notturna richiede specifiche competenze e particolari caratteristiche personali.<\/p>\n<p>[\/et_pb_blurb][\/et_pb_column][et_pb_column type=&#8221;1_3&#8243; _builder_version=&#8221;4.16&#8243; _module_preset=&#8221;default&#8221; global_colors_info=&#8221;{}&#8221;][et_pb_blurb title=&#8221;Assistenza Notturna Anziani&#8221; image=&#8221;https:\/\/www.badantianzianigenova.it\/wp-content\/uploads\/2021\/12\/veglia-notturna-anziani.jpg&#8221; alt=&#8221;Assistenza Notturna Anziani&#8221; _builder_version=&#8221;4.16&#8243; _module_preset=&#8221;default&#8221; box_shadow_style_image=&#8221;preset1&#8243; global_colors_info=&#8221;{}&#8221;]<\/p>\n<p>Le persone anziane, purtroppo, vanno incontro ad una variazione del loro ritmo sonno veglia, che ne condiziona negativamente il riposo notturno.<br \/>\nTale modificazione dipende da ragioni legate al naturale invecchiamento del corpo, e\/o da malattie<\/p>\n<p>[\/et_pb_blurb][\/et_pb_column][et_pb_column type=&#8221;1_3&#8243; _builder_version=&#8221;4.16&#8243; _module_preset=&#8221;default&#8221; global_colors_info=&#8221;{}&#8221;][et_pb_blurb title=&#8221;Badante Notturna Genova&#8221; image=&#8221;https:\/\/www.badantianzianigenova.it\/wp-content\/uploads\/2021\/12\/Badante-notturna.jpg&#8221; alt=&#8221;Badante Notturna Genova&#8221; _builder_version=&#8221;4.16&#8243; _module_preset=&#8221;default&#8221; box_shadow_style_image=&#8221;preset1&#8243; global_colors_info=&#8221;{}&#8221;]<\/p>\n<p>Le nostre Badanti possono operare in tutte le strutture ospedaliere e residenziali e nelle cliniche private del territorio di Genova. Potrai richiedere i nostri servizi per assistere il tuo caro che si trova ricoverato,<\/p>\n<p>[\/et_pb_blurb][\/et_pb_column][\/et_pb_row][et_pb_row _builder_version=&#8221;4.16&#8243; global_colors_info=&#8221;{}&#8221;][et_pb_column type=&#8221;4_4&#8243; _builder_version=&#8221;4.16&#8243; custom_padding=&#8221;|||&#8221; global_colors_info=&#8221;{}&#8221; custom_padding__hover=&#8221;|||&#8221;][et_pb_text _builder_version=&#8221;4.16&#8243; global_colors_info=&#8221;{}&#8221;]<\/p>\n<h3 class=\"heading-style-3 visible-first\">CI PRENDIAMO\u00a0<span class=\"item_title_part_3 item_title_part_even item_title_part_first_half\">CURA<\/span> <span class=\"item_title_part_4 item_title_part_odd item_title_part_second_half\">DEI<\/span> <span class=\"item_title_part_5 item_title_part_even item_title_part_second_half\">TUOI<\/span> <span class=\"item_title_part_6 item_title_part_odd item_title_part_second_half item_title_part_last\">BISOGNI A GENOVA E PROVINCIA<\/span><\/h3>\n<p>Angelus Genova offre Servizio di Assistenza Anziani, badante diurna e nottoruna o convivente.<br \/>\nRivolgiti a una delle sedi ANGELUS, troverai la disponibilit\u00e0 e la competenza dei Consulenti Familiari Angelus che ti aiuteranno a risolvere i tuoi bisogni di assistenza.\u00a0Badanti per Anziani e Famiglie Genova<\/p>\n<p>[\/et_pb_text][\/et_pb_column][\/et_pb_row][\/et_pb_section][et_pb_section fb_built=&#8221;1&#8243; _builder_version=&#8221;4.16&#8243; global_colors_info=&#8221;{}&#8221;][et_pb_row column_structure=&#8221;1_4,3_4&#8243; _builder_version=&#8221;4.16&#8243; global_colors_info=&#8221;{}&#8221;][et_pb_column type=&#8221;1_4&#8243; _builder_version=&#8221;4.16&#8243; global_colors_info=&#8221;{}&#8221;][et_pb_image src=&#8221;https:\/\/www.badantianzianigenova.it\/wp-content\/uploads\/2021\/12\/Assistenza-notturna-anziani.jpg&#8221; alt=&#8221;Assistenza notturna Anziani Genova&#8221; title_text=&#8221;Assistenza-notturna-anziani&#8221; _builder_version=&#8221;4.16&#8243; global_colors_info=&#8221;{}&#8221;][\/et_pb_image][\/et_pb_column][et_pb_column type=&#8221;3_4&#8243; _builder_version=&#8221;4.16&#8243; global_colors_info=&#8221;{}&#8221;][et_pb_text _builder_version=&#8221;4.16&#8243; global_colors_info=&#8221;{}&#8221;]<\/p>\n<h3>Badante Notturna Genova, Assistenza notturna Anziani Genova<\/h3>\n<p>Le persone anziane, purtroppo, vanno incontro ad una variazione del loro ritmo sonno veglia, che ne condiziona negativamente il riposo notturno.<br \/>\nTale modificazione dipende da ragioni legate al naturale invecchiamento del corpo (come la ridotta produzione degli ormoni che regolano il sonno, la necessit\u00e0 di andare pi\u00f9 di frequente in bagno, la maggiore sensibilit\u00e0 ai rumori provenienti dall\u2019ambiente circostante), e\/o da malattie, spesso croniche, che, per i loro sintomi oppure per gli effetti collaterali generati dai farmaci, disturbano il riposo notturno dei nostri anziani.<\/p>\n<p>Il servizio di assistenza notturna agli anziani e ai malati \u00e8 fondamentale per molte famiglie che nelle ore diurne riescono a prestare assistenza ai loro cari, ma hanno bisogno di un <strong>aiuto esterno per le notti<\/strong>.<\/p>\n<p>Laddove non ci sia l\u2019esigenza di un\u2019assistenza a tempo indefinito h24, fornita da una badante convivente, i <strong>familiari dell\u2019anziano<\/strong> cercano di assisterlo fino a quando non abbia recuperato la piena autonomia.<\/p>\n<p>Anche nei casi di convalescenza post-operatoria, quando vi sia stato un incidente o una infermit\u00e0 che abbia reso l\u2019<strong>anziano non autosufficiente<\/strong>, i parenti fanno il possibile per assistere il proprio caro facendosi carico delle mansioni ordinarie e di tutte le operazioni necessarie a recuperarne la salute.<\/p>\n<p>Una situazione molto diffusa vede i familiari coprire le ore che vanno dalla mattina alla sera, spesso alternandosi, per dare tutto il sostegno possibile all&#8217;<strong>anziano debilitato da un incidente o da una patologia<\/strong> (molto frequenti sono le cadute con rottura del femore o di una gamba).<\/p>\n<p>Le persone malate di tutte le et\u00e0 possono sperimentare disturbi del sonno. Il malessere psicofisico interferisce pesantemente con il riposo notturno e per questo i pazienti trovano molto conforto nell\u2019avere al proprio fianco un assistente che, con competenza e professionalit\u00e0, sia in grado di alleviare le proprie sofferenze. Il malato, infatti, \u00e8 spesso insofferente, oltre che sofferente, e gli operatori qualificati sanno essere una presenza preziosa. Durante la <strong>veglia notturna<\/strong>\u00a0essi aiutano l\u2019assistito a trovare la posizione pi\u00f9 confortevole, lo mobilizzano cos\u00ec da prevenire arrossamenti della pelle e le piaghe da decubito, gli offrono spesso acqua per mantenere una corretta idratazione del corpo e del cavo orale, si accertano che rimanga pulito, gli offrono conforto e rassicurazione, gli fanno compagnia. Inoltre, se la patologia lo consente, durante l\u2019igiene del mattino possono applicare creme idratanti tramite massaggi su tutto il corpo e praticare una ginnastica passiva degli arti che pu\u00f2 agevolare il processo di guarigione.<\/p>\n<p>[\/et_pb_text][\/et_pb_column][\/et_pb_row][et_pb_row _builder_version=&#8221;4.16&#8243; global_colors_info=&#8221;{}&#8221;][et_pb_column type=&#8221;4_4&#8243; _builder_version=&#8221;4.16&#8243; global_colors_info=&#8221;{}&#8221;][et_pb_text _builder_version=&#8221;4.16&#8243; global_colors_info=&#8221;{}&#8221;]<\/p>\n<p>La <strong>veglia notturna in ospedale a Genova<\/strong> \u00a0\u00e8 un servizio organizzato da Consorzio Angelus Badanti Notturne Genova in caso di ricovero, per non lasciare soli i propri familiari durante la degenza diurna e notturna. La degenza, oltre a non essere piacevole, pu\u00f2 risultare peggiore del previsto se non si ha l\u2019aiuto adeguato di una persona qualificata preparata e cortese.<\/p>\n<p>Questo tipo di assistenza, oltre che alla veglia, al controllo ed alla compagnia, viene fornita anche per necessit\u00e0 come il mangiare, bere, alzarsi dal letto, curare l\u2019igiene personale. Il\u00a0<strong>servizio di veglia notturna in ospedale<\/strong>\u00a0a Genova \u00a0\u00e8 un supporto alla persona e alla famiglia, erogato direttamente in struttura ospedaliera, da parte di assistenti, badanti e operatori socio-sanitari.<\/p>\n<p>Il servizio viene organizzato nel minor tempo possibile e sempre con personale qualificato in particolare modo per la <strong>veglia notturna in ospedale a Genova<\/strong> o in struttura, il tutto per alleviare la famiglia durante il periodo di degenza.<\/p>\n<p>L\u2019assistenza serve oltre che alla veglia, al controllo ed alla compagnia e come aiuto concreto e qualificato per mangiare, bere, alzarsi dal letto, curare l\u2019igiene personale, camminare. Tale assistenza offre anche sostegno e supporto alla famiglia.<\/p>\n<p>Ci sono momenti in cui, durante un ricovero ospedaliero, \u00e8 necessaria la costante presenza di un famigliare che possa aiutare il degente a svolgere le normali attivit\u00e0 quotidiane.<\/p>\n<p>[\/et_pb_text][et_pb_text _builder_version=&#8221;4.16&#8243; _module_preset=&#8221;default&#8221; global_colors_info=&#8221;{}&#8221;]<\/p>\n<div id=\"1187269228\" class=\"u_1187269228 dmNewParagraph\" data-dmtmpl=\"true\" data-element-type=\"paragraph\" data-version=\"5\" data-uialign=\"left\" data-anim-desktop=\"fadeInUp\">\n<h2>Consorzio Angelus Assistenza Anziani e Servizio Badanti Genova<\/h2>\n<\/div>\n<div id=\"1088972914\" class=\"u_1088972914 dmNewParagraph\" data-dmtmpl=\"true\" data-element-type=\"paragraph\" data-version=\"5\" data-uialign=\"left\">\n<p><span class=\"\">Assistenza Badanti anziani e disabili Genova opera sul territorio ligure rivolgendo principalmente i suoi interventi socio assistenziali ad utenti quali: anziani, malati, e pazienti con disabilit\u00e0 psico-fisiche temporanee.<\/span><\/p>\n<p>Le prestazioni erogate riguardano pazienti affetti da patologie quali: SLA, Alzheimer, Parkinson, Oncologie, Sclerosi multipla, ictus, Cardio Polmonari, malattie neurodegenerative o miodegenerative. Molteplici interventi sono stati forniti ad anziani <strong>parzialmente autosufficienti o non autosufficienti<\/strong> relativamente a servizi ausiliari socio assistenziali, socializzazione e terapia occupazionale di sostegno.<\/p>\n<\/div>\n<p>[\/et_pb_text][\/et_pb_column][\/et_pb_row][et_pb_row _builder_version=&#8221;4.16&#8243; global_colors_info=&#8221;{}&#8221;][et_pb_column type=&#8221;4_4&#8243; _builder_version=&#8221;4.16&#8243; global_colors_info=&#8221;{}&#8221;][et_pb_text _builder_version=&#8221;4.16&#8243; global_colors_info=&#8221;{}&#8221;]<\/p>\n<h3 class=\"heading-style-3 visible-first\"><span class=\"item_title_part_1 item_title_part_even item_title_part_first_half\">NON<\/span> <span class=\"item_title_part_2 item_title_part_odd item_title_part_first_half\">TI<\/span> <span class=\"item_title_part_3 item_title_part_even item_title_part_second_half\">LASCIAMO<\/span> <span class=\"item_title_part_4 item_title_part_odd item_title_part_second_half\">MAI<\/span> <span class=\"item_title_part_5 item_title_part_even item_title_part_second_half item_title_part_last\">SOLO\u00a0<\/span><\/h3>\n<h2 class=\"heading-style-2 visible-first\"><span class=\"item_title_part_0 item_title_part_odd item_title_part_first_half item_title_part_first\">HAI<\/span> <span class=\"item_title_part_1 item_title_part_even item_title_part_first_half\">UNA<\/span> <span class=\"item_title_part_2 item_title_part_odd item_title_part_first_half\">BADANTE<\/span>\u00a0<span class=\"item_title_part_3 item_title_part_even item_title_part_first_half\">MA<\/span> <span class=\"item_title_part_4 item_title_part_odd item_title_part_second_half\">CERCHI<\/span> <span class=\"item_title_part_5 item_title_part_even item_title_part_second_half\">AIUTO<\/span> <span class=\"item_title_part_6 item_title_part_odd item_title_part_second_half\">NELLA<\/span> <span class=\"item_title_part_7 item_title_part_even item_title_part_second_half item_title_part_last\">GESTIONE?<\/span><\/h2>\n<h3 class=\"heading-style-3 visible-first\">TI OFFRIAMO\u00a0<span class=\"item_title_part_4 item_title_part_odd item_title_part_first_half\">ANCHE<\/span> <span class=\"item_title_part_5 item_title_part_even item_title_part_first_half\">I<\/span> <span class=\"item_title_part_6 item_title_part_odd item_title_part_first_half\">SERVIZI<\/span> <span class=\"item_title_part_7 item_title_part_even item_title_part_second_half\">DI<\/span> <span class=\"item_title_part_8 item_title_part_odd item_title_part_second_half\">GESTIONE<\/span> <span class=\"item_title_part_9 item_title_part_even item_title_part_second_half\">DEL<\/span> <span class=\"item_title_part_10 item_title_part_odd item_title_part_second_half\">PERSONALE<\/span><span class=\"item_title_part_11 item_title_part_even item_title_part_second_half\">DOMESTICO<\/span> <span class=\"item_title_part_12 item_title_part_odd item_title_part_second_half\">GI\u00c0<\/span> <span class=\"item_title_part_13 item_title_part_even item_title_part_second_half item_title_part_last\">ASSUNTO. A Genova e Provincia puoi contattarci per assumere o gestire Badanti per Anziani Genova<\/span><\/h3>\n<p>[\/et_pb_text][\/et_pb_column][\/et_pb_row][et_pb_row _builder_version=&#8221;4.16&#8243; global_colors_info=&#8221;{}&#8221;][et_pb_column type=&#8221;4_4&#8243; _builder_version=&#8221;4.16&#8243; global_colors_info=&#8221;{}&#8221;][et_pb_image src=&#8221;https:\/\/www.badantianzianigenova.it\/wp-content\/uploads\/2021\/09\/ContributiBadanti.png&#8221; title_text=&#8221;ContributiBadanti&#8221; _builder_version=&#8221;4.16&#8243; background_color=&#8221;#a0a0a0&#8243; global_colors_info=&#8221;{}&#8221;][\/et_pb_image][et_pb_portfolio posts_number=&#8221;4&#8243; include_categories=&#8221;all&#8221; show_categories=&#8221;off&#8221; show_pagination=&#8221;off&#8221; _builder_version=&#8221;4.16&#8243; _module_preset=&#8221;default&#8221; global_colors_info=&#8221;{}&#8221;][\/et_pb_portfolio][et_pb_text _builder_version=&#8221;4.21.0&#8243; _module_preset=&#8221;default&#8221; hover_enabled=&#8221;0&#8243; sticky_enabled=&#8221;0&#8243;]<\/p>\n<h2>La ricerca della giusta badante notturna e l&#8217;assistenza completa durante la notte<\/h2>\n<h3>Genova Consorzio Angelus Agenzia Badanti<\/h3>\n<p>Quando si tratta di garantire l&#8217;assistenza adeguata a una persona durante le ore notturne, affidarsi a professionisti qualificati diventa fondamentale. In questo contesto, il Consorzio Angelus Agenzia Badanti a Genova si distingue come un&#8217;agenzia specializzata nella ricerca e nell&#8217;assunzione di badanti notturne, offrendo un servizio completo e affidabile.<\/p>\n<p>La figura della badante notturna svolge un ruolo cruciale nell&#8217;assistenza a persone fragili, anziani o disabili che richiedono cure e attenzioni costanti anche durante le ore notturne. Questa figura professionale si occupa di monitorare attentamente la persona assistita durante la notte, garantendo un&#8217;assistenza continua e pronta a intervenire in caso di emergenza.<\/p>\n<p>Il Consorzio Angelus Agenzia Badanti si impegna a selezionare e proporre solo badanti notturne altamente qualificate e competenti. Attraverso un attento processo di reclutamento, l&#8217;agenzia valuta le competenze, l&#8217;esperienza e l&#8217;affidabilit\u00e0 delle candidate per garantire un servizio di alta qualit\u00e0 ai propri clienti.<\/p>\n<p>Una delle principali preoccupazioni per chi cerca una badante notturna \u00e8 la sicurezza e la tranquillit\u00e0 durante le ore notturne. Il Consorzio Angelus Agenzia Badanti si assicura che le badanti notturne proposte siano in grado di gestire situazioni di emergenza e fornire cure adeguate durante la notte. Questo permette alle famiglie di dormire serenamente, sapendo che la persona assistita \u00e8 in buone mani.<\/p>\n<p>Oltre alla ricerca della badante notturna pi\u00f9 adatta alle esigenze specifiche, il Consorzio Angelus Agenzia Badanti offre anche supporto nell&#8217;assunzione e nella gestione degli aspetti burocratici. Questo include la gestione dei contratti di lavoro, il calcolo delle retribuzioni, delle tasse e delle assicurazioni sociali, alleviando le famiglie da oneri e responsabilit\u00e0.<\/p>\n<p>L&#8217;agenzia si impegna anche a fornire un&#8217;assistenza costante e un supporto continuo durante tutto il periodo di collaborazione con la badante notturna. Ci\u00f2 assicura un flusso di comunicazione efficace e una risoluzione tempestiva di eventuali problematiche o richieste.<\/p>\n<p>La badante notturna svolge un ruolo fondamentale nell&#8217;assistenza domiciliare, consentendo alle persone bisognose di ricevere le cure necessarie anche durante le ore notturne. Grazie all&#8217;esperienza e alla professionalit\u00e0 delle badanti notturne proposte dal Consorzio Angelus Agenzia Badanti, le famiglie possono affidarsi a un servizio di qualit\u00e0 e garantire una migliore qualit\u00e0 di vita alla persona assistita.<\/p>\n<p>In conclusione, se stai cercando una badante notturna affidabile e competente a Genova, il Consorzio Angelus Agenzia Badanti rappresenta un&#8217;opzione da considerare. Con la loro esperienza e la loro attenzione alle esigenze dei clienti, l&#8217;agenzia si impegna a<\/p>\n<p>trovare la giusta badante notturna e a fornire un servizio completo, garantendo assistenza e cure durante le ore notturne e gestendo le pratiche di assunzione in modo professionale.<\/p>\n<p>[\/et_pb_text][\/et_pb_column][\/et_pb_row][\/et_pb_section]<\/p>\n","protected":false},"excerpt":{"rendered":"<p>La nostra Cooperativa \u00e8 in grado di supportare le famiglie, che si trovano a dover fronteggiare una simile situazione, con operatori qualificati, affidabili e professionali. Erogare assistenza notturna richiede specifiche competenze e particolari caratteristiche personali. Le persone anziane, purtroppo, vanno incontro ad una variazione del loro ritmo sonno veglia, che ne condiziona negativamente il riposo [&hellip;]<\/p>\n","protected":false},"author":68,"featured_media":4097,"parent":0,"menu_order":0,"comment_status":"closed","ping_status":"closed","template":"","meta":{"_acf_changed":false,"googlesitekit_rrm_CAowmdjEDA:productID":"","_et_pb_use_builder":"on","_et_pb_old_content":"","_et_gb_content_width":"","inline_featured_image":false,"footnotes":""},"class_list":["post-4108","page","type-page","status-publish","has-post-thumbnail","hentry"],"acf":[],"jetpack-related-posts":[],"_links":{"self":[{"href":"https:\/\/www.badantianzianigenova.it\/en\/wp-json\/wp\/v2\/pages\/4108","targetHints":{"allow":["GET"]}}],"collection":[{"href":"https:\/\/www.badantianzianigenova.it\/en\/wp-json\/wp\/v2\/pages"}],"about":[{"href":"https:\/\/www.badantianzianigenova.it\/en\/wp-json\/wp\/v2\/types\/page"}],"author":[{"embeddable":true,"href":"https:\/\/www.badantianzianigenova.it\/en\/wp-json\/wp\/v2\/users\/68"}],"replies":[{"embeddable":true,"href":"https:\/\/www.badantianzianigenova.it\/en\/wp-json\/wp\/v2\/comments?post=4108"}],"version-history":[{"count":3,"href":"https:\/\/www.badantianzianigenova.it\/en\/wp-json\/wp\/v2\/pages\/4108\/revisions"}],"predecessor-version":[{"id":4111,"href":"https:\/\/www.badantianzianigenova.it\/en\/wp-json\/wp\/v2\/pages\/4108\/revisions\/4111"}],"wp:featuredmedia":[{"embeddable":true,"href":"https:\/\/www.badantianzianigenova.it\/en\/wp-json\/wp\/v2\/media\/4097"}],"wp:attachment":[{"href":"https:\/\/www.badantianzianigenova.it\/en\/wp-json\/wp\/v2\/media?parent=4108"}],"curies":[{"name":"wp","href":"https:\/\/api.w.org\/{rel}","templated":true}]}}