{"id":4075,"date":"2020-10-01T15:26:56","date_gmt":"2020-10-01T13:26:56","guid":{"rendered":"https:\/\/www.badantianzianigenova.it\/agenzia-badanti-genova-assistenza-anziani-badanti-qualificate\/"},"modified":"2023-06-05T15:37:59","modified_gmt":"2023-06-05T13:37:59","slug":"agenzia-badanti-genova-assistenza-anziani-badanti-qualificate","status":"publish","type":"page","link":"https:\/\/www.badantianzianigenova.it\/fr\/","title":{"rendered":"Agenzia Badanti Genova Assistenza Anziani Badanti Qualificate"},"content":{"rendered":"<p>[et_pb_section fb_built=\u00a0\u00bb1&Prime; fullwidth=\u00a0\u00bbon\u00a0\u00bb theme_builder_area=\u00a0\u00bbpost_content\u00a0\u00bb _builder_version=\u00a0\u00bb4.21.0&Prime; _module_preset=\u00a0\u00bbdefault\u00a0\u00bb][et_pb_fullwidth_header title=\u00a0\u00bb  Agence des aidants de G\u00eanes  \u00a0\u00bb subhead=\u00a0\u00bbAssistenza Anziani. Badanti Qualificate Genova\u00a0\u00bb button_one_text=\u00a0\u00bb3385877021&Prime; button_one_url=\u00a0\u00bb  tel:3385877021&Prime; button_two_text=\u00a0\u00bbgenova@consorzioangelus.com\u00a0\u00bb logo_image_url=\u00a0\u00bbhttps:\/\/www.badantianzianigenova.it\/wp-content\/uploads\/2021\/05\/unnamed.png\u00a0\u00bb logo_alt_text=\u00a0\u00bb  Agenzia Badanti Genova Il Sorriso\u00a0\u00bb logo_title=\u00a0\u00bb  Agenzia Badanti Genova Cooperativa il Sorriso  \u00a0\u00bb header_image_url=\u00a0\u00bbhttps:\/\/www.badantianzianigenova.it\/wp-content\/uploads\/2021\/12\/headercontentbg2.png\u00a0\u00bb image_alt_text=\u00a0\u00bb  Agenzia Badanti Genova Assistenza Anziani\u00a0\u00bb image_title=\u00a0\u00bb  Agenzia Badanti Genova Baddanti Qualificate\u00a0\u00bb _builder_version=\u00a0\u00bb4.19.0&Prime; title_level=\u00a0\u00bbh2&Prime; content_text_align=\u00a0\u00bbleft\u00a0\u00bb background_color=\u00a0\u00bb#00278c\u00a0\u00bb custom_button_one=\u00a0\u00bbon\u00a0\u00bb button_one_text_color=\u00a0\u00bb#0C71C3&Prime; button_one_bg_color=\u00a0\u00bb#FFFFFF\u00a0\u00bb button_one_border_color=\u00a0\u00bb#FFFFFF\u00a0\u00bb button_one_border_radius=\u00a0\u00bb20px\u00a0\u00bb button_one_font=\u00a0\u00bb||||||||\u00a0\u00bb button_one_icon=\u00a0\u00bb\ue00b||divi||400&Prime; button_one_icon_color=\u00a0\u00bb#7CDA24&Prime; button_one_icon_placement=\u00a0\u00bbleft\u00a0\u00bb button_one_on_hover=\u00a0\u00bboff\u00a0\u00bb custom_button_two=\u00a0\u00bbon\u00a0\u00bb button_two_text_color=\u00a0\u00bb#0C71C3&Prime; button_two_bg_color=\u00a0\u00bb#FFFFFF\u00a0\u00bb button_two_border_color=\u00a0\u00bb#7CDA24&Prime; button_two_border_radius=\u00a0\u00bb21px\u00a0\u00bb button_two_font=\u00a0\u00bb||||||||\u00a0\u00bb button_two_icon=\u00a0\u00bb\ue010||divi||400&Prime; button_two_icon_color=\u00a0\u00bb#7CDA24&Prime; button_two_icon_placement=\u00a0\u00bbleft\u00a0\u00bb button_two_on_hover=\u00a0\u00bboff\u00a0\u00bb global_colors_info=\u00a0\u00bb{}\u00a0\u00bb theme_builder_area=\u00a0\u00bbpost_content\u00a0\u00bb][\/et_pb_fullwidth_header][\/et_pb_section][et_pb_section fb_built=\u00a0\u00bb1&Prime; _builder_version=\u00a0\u00bb4.16&Prime; min_height=\u00a0\u00bb228px\u00a0\u00bb custom_margin=\u00a0\u00bb||-116px|||\u00a0\u00bb global_colors_info=\u00a0\u00bb{}\u00a0\u00bb][et_pb_row column_structure=\u00a0\u00bb1_3,1_3,1_3&Prime; _builder_version=\u00a0\u00bb4.14.3&Prime; _module_preset=\u00a0\u00bbdefault\u00a0\u00bb global_module=\u00a0\u00bb2074&Prime; saved_tabs=\u00a0\u00bball\u00a0\u00bb global_colors_info=\u00a0\u00bb{}\u00a0\u00bb][et_pb_column type=\u00a0\u00bb1_3&Prime; _builder_version=\u00a0\u00bb4.16&Prime; _module_preset=\u00a0\u00bbdefault\u00a0\u00bb global_colors_info=\u00a0\u00bb{}\u00a0\u00bb][et_pb_blurb title=\u00a0\u00bbAgence des aidants de G\u00eanes\u00a0\u00bb url=\u00a0\u00bbhttps:\/\/www.badantianzianigenova.it\/agenzia-badanti-genova-badanti-qualificate\/\u00a0\u00bb use_icon=\u00a0\u00bbon\u00a0\u00bb font_icon=\u00a0\u00bb\ue026||divi||400&Prime; _builder_version=\u00a0\u00bb4.16&Prime; _module_preset=\u00a0\u00bbdefault\u00a0\u00bb link_option_url=\u00a0\u00bbhttps:\/\/www.badantianzianigenova.it\/agenzia-badanti-genova-badanti-qualificate\/\u00a0\u00bb global_colors_info=\u00a0\u00bb{}\u00a0\u00bb]<\/p>\n<p>Trouvez votre aidant de confiance avec nous. Nous g\u00e9rons les contrats, les salaires et les cotisations. Aide familiale, aide de nuit, aide aux personnes \u00e2g\u00e9es et handicap\u00e9es. \u00c0 G\u00eanes, Recco, Camogli, Arenziano. Car il s&rsquo;agit de bien plus qu <strong>&lsquo;une simple agence pour les aidants \u00e0 G\u00eanes<\/strong>.<\/p>\n<p>[\/et_pb_blurb][et_pb_button button_url=\u00a0\u00bbhttps:\/\/www.badantianzianigenova.it\/agenzia-badanti-genova-badanti-qualificate\u00a0\u00bb button_text=\u00a0\u00bbScopri di pi\u00f9\u00a0\u00bb _builder_version=\u00a0\u00bb4.16&Prime; _module_preset=\u00a0\u00bbdefault\u00a0\u00bb global_colors_info=\u00a0\u00bb{}\u00a0\u00bb][\/et_pb_button][\/et_pb_column][et_pb_column type=\u00a0\u00bb1_3&Prime; _builder_version=\u00a0\u00bb4.16&Prime; _module_preset=\u00a0\u00bbdefault\u00a0\u00bb global_colors_info=\u00a0\u00bb{}\u00a0\u00bb][et_pb_blurb title=\u00a0\u00bbAide-soignant(e) de nuit Genoa\u00a0\u00bb url=\u00a0\u00bbhttps:\/\/www.badantianzianigenova.it\/badante-notturna-genova-veglia-notturna-ospedale\/\u00a0\u00bb use_icon=\u00a0\u00bbon\u00a0\u00bb font_icon=\u00a0\u00bb\ue009||divi||400&Prime; _builder_version=\u00a0\u00bb4.16&Prime; _module_preset=\u00a0\u00bbdefault\u00a0\u00bb link_option_url=\u00a0\u00bbhttps:\/\/www.badantianzianigenova.it\/badante-notturna-genova-veglia-notturna-ospedale\/\u00a0\u00bb global_colors_info=\u00a0\u00bb{}\u00a0\u00bb]<\/p>\n<p>Notre <a href=\"https:\/\/www.badantianzianigenova.it\/badante-notturna-genova-veglia-notturna-ospedale\/\">coop\u00e9rative<\/a> est en mesure de soutenir les familles qui sont confront\u00e9es \u00e0 une telle situation, gr\u00e2ce \u00e0 des op\u00e9rateurs qualifi\u00e9s, fiables et professionnels. Les soins de nuit requi\u00e8rent des comp\u00e9tences et des caract\u00e9ristiques personnelles sp\u00e9cifiques.<\/p>\n<p>[\/et_pb_blurb][et_pb_button button_url=\u00a0\u00bbhttps:\/\/www.badantianzianigenova.it\/badante-notturna-genova-veglia-notturna-ospedale\u00a0\u00bb button_text=\u00a0\u00bbScopri di pi\u00f9\u00a0\u00bb _builder_version=\u00a0\u00bb4.16&Prime; _module_preset=\u00a0\u00bbdefault\u00a0\u00bb global_colors_info=\u00a0\u00bb{}\u00a0\u00bb][\/et_pb_button][\/et_pb_column][et_pb_column type=\u00a0\u00bb1_3&Prime; _builder_version=\u00a0\u00bb4.16&Prime; _module_preset=\u00a0\u00bbdefault\u00a0\u00bb global_colors_info=\u00a0\u00bb{}\u00a0\u00bb][et_pb_blurb title=\u00a0\u00bbLes aides-soignants qualifi\u00e9s de G\u00eanes\u00a0\u00bb url=\u00a0\u00bbhttps:\/\/www.badantianzianigenova.it\/badanti-qualificate-genova\/\u00a0\u00bb use_icon=\u00a0\u00bbon\u00a0\u00bb font_icon=\u00a0\u00bb\ue021||divi||400&Prime; _builder_version=\u00a0\u00bb4.16&Prime; _module_preset=\u00a0\u00bbdefault\u00a0\u00bb global_colors_info=\u00a0\u00bb{}\u00a0\u00bb]<\/p>\n<p>Angelus Genova propose un service de soins aux personnes \u00e2g\u00e9es, d&rsquo;aide-soignante de jour et de nuit ou d&rsquo;aide-soignante \u00e0 domicile.<br \/>En vous rendant dans l&rsquo;un des sites ANGELUS, vous trouverez la disponibilit\u00e9 et la comp\u00e9tence de nos soignants pour les membres de votre famille.<\/p>\n<p>[\/et_pb_blurb][et_pb_button button_url=\u00a0\u00bbhttps:\/\/www.badantianzianigenova.it\/badanti-qualificate-genova\/\u00a0\u00bb button_text=\u00a0\u00bbScopri di pi\u00f9\u00a0\u00bb _builder_version=\u00a0\u00bb4.16&Prime; _module_preset=\u00a0\u00bbdefault\u00a0\u00bb global_colors_info=\u00a0\u00bb{}\u00a0\u00bb][\/et_pb_button][\/et_pb_column][\/et_pb_row][et_pb_row _builder_version=\u00a0\u00bb4.16&Prime; global_colors_info=\u00a0\u00bb{}\u00a0\u00bb][et_pb_column type=\u00a0\u00bb4_4&Prime; _builder_version=\u00a0\u00bb4.16&Prime; custom_padding=\u00a0\u00bb|||\u00a0\u00bb global_colors_info=\u00a0\u00bb{}\u00a0\u00bb custom_padding__hover=\u00a0\u00bb|||\u00a0\u00bb][et_pb_text _builder_version=\u00a0\u00bb4.16&Prime; global_colors_info=\u00a0\u00bb{}\u00a0\u00bb]<\/p>\n<h3 class=\"heading-style-3 visible-first\">NOUS NOUS <span class=\"item_title_part_3 item_title_part_even item_title_part_first_half\">OCCUPONS<\/span> <span class=\"item_title_part_4 item_title_part_odd item_title_part_second_half\">DE<\/span> <span class=\"item_title_part_5 item_title_part_even item_title_part_second_half\">VOS<\/span> <span class=\"item_title_part_6 item_title_part_odd item_title_part_second_half item_title_part_last\">BESOINS \u00c0 GENOA ET EN PROVINCE<\/span><\/h3>\n<p>Angelus Genova propose un service de soins aux personnes \u00e2g\u00e9es, d&rsquo;aide-soignante de jour et de nuit ou d&rsquo;aide-soignante \u00e0 domicile.<br \/>\nEn vous adressant \u00e0 l&rsquo;un des bureaux ANGELUS, vous trouverez la disponibilit\u00e9 et l&rsquo;expertise des conseillers familiaux Angelus qui vous aideront \u00e0 r\u00e9pondre \u00e0 vos besoins en mati\u00e8re de soins. Soins aux personnes \u00e2g\u00e9es et aux familles G\u00eanes<br \/>\n[\/et_pb_text][\/et_pb_column][\/et_pb_row][\/et_pb_section][et_pb_section fb_built=\u00a0\u00bb1&Prime; _builder_version=\u00a0\u00bb4.16&Prime; global_colors_info=\u00a0\u00bb{}\u00a0\u00bb][et_pb_row column_structure=\u00a0\u00bb1_4,3_4&Prime; _builder_version=\u00a0\u00bb4.16&Prime; global_colors_info=\u00a0\u00bb{}\u00a0\u00bb][et_pb_column type=\u00a0\u00bb1_4&Prime; _builder_version=\u00a0\u00bb4.16&Prime; global_colors_info=\u00a0\u00bb{}\u00a0\u00bb][et_pb_image src=\u00a0\u00bbhttps:\/\/www.badantianzianigenova.it\/wp-content\/uploads\/2021\/05\/page-1_img03.jpg\u00a0\u00bb alt=\u00a0\u00bbAgenzia Badanti Genova Consorzio Angelus\u00a0\u00bb title_text=\u00a0\u00bbAgenzia Badanti Genova  \u00a0\u00bb _builder_version=\u00a0\u00bb4.16&Prime; global_colors_info=\u00a0\u00bb{}\u00a0\u00bb][\/et_pb_image][\/et_pb_column][et_pb_column type=\u00a0\u00bb3_4&Prime; _builder_version=\u00a0\u00bb4.16&Prime; global_colors_info=\u00a0\u00bb{}\u00a0\u00bb][et_pb_text _builder_version=\u00a0\u00bb4.16&Prime; global_colors_info=\u00a0\u00bb{}\u00a0\u00bb]<\/p>\n<h3>Aides-soignants pour personnes \u00e2g\u00e9es G\u00eanes<\/h3>\n<p>Notre conseiller familial est \u00e0 l&rsquo;\u00e9coute de vos besoins et s\u00e9lectionne pour vous les candidats les mieux adapt\u00e9s. Il vous proposera des rencontres cognitives avec des candidats et vous aidera ensuite \u00e0 choisir le bon candidat. \u00c0 G\u00eanes et dans sa province<\/p>\n<p>Avec nous, vous conna\u00eetrez imm\u00e9diatement les co\u00fbts mensuels et les formalit\u00e9s n\u00e9cessaires \u00e0 l&#8217;embauche et aux services d&rsquo;une aide-soignante de G\u00eanes.<\/p>\n<p>Le conseiller familial de l&rsquo;APiCi Genoa sera toujours \u00e0 vos c\u00f4t\u00e9s pour g\u00e9rer la relation de travail entre vous et le travailleur embauch\u00e9. Nous vous soutenons dans vos rapports en prenant en charge la gestion de votre s\u00e9curit\u00e9 sociale, de l&#8217;embauche \u00e0 la cessation d&rsquo;activit\u00e9.<br \/>\n[\/et_pb_text][\/et_pb_column][\/et_pb_row][\/et_pb_section][et_pb_section fb_built=\u00a0\u00bb1&Prime; admin_label=\u00a0\u00bbSezione\u00a0\u00bb _builder_version=\u00a0\u00bb4.14.4&Prime; _module_preset=\u00a0\u00bbdefault\u00a0\u00bb global_module=\u00a0\u00bb2020&Prime; global_colors_info=\u00a0\u00bb{}\u00a0\u00bb][et_pb_row column_structure=\u00a0\u00bb1_2,1_2&Prime; _builder_version=\u00a0\u00bb4.16&Prime; _module_preset=\u00a0\u00bbdefault\u00a0\u00bb global_colors_info=\u00a0\u00bb{}\u00a0\u00bb][et_pb_column type=\u00a0\u00bb1_2&Prime; _builder_version=\u00a0\u00bb4.16&Prime; _module_preset=\u00a0\u00bbdefault\u00a0\u00bb global_colors_info=\u00a0\u00bb{}\u00a0\u00bb][et_pb_contact_form captcha=\u00a0\u00bboff\u00a0\u00bb email=\u00a0\u00bbgenova@consorzioangelus.com\u00a0\u00bb title=\u00a0\u00bbContactez-nous\u00a0\u00bb success_message=\u00a0\u00bbGrazie per averci contattato\u00a0\u00bb submit_button_text=\u00a0\u00bbInvia ora\u00a0\u00bb _builder_version=\u00a0\u00bb4.21.0&Prime; _module_preset=\u00a0\u00bbdefault\u00a0\u00bb _unique_id=\u00a0\u00bb770ee0a6-51c1-49bb-ac49-a022bdbe3aeb\u00a0\u00bb title_level=\u00a0\u00bbh3&Prime; global_colors_info=\u00a0\u00bb{}\u00a0\u00bb][et_pb_contact_field field_id=\u00a0\u00bbName\u00a0\u00bb field_title=\u00a0\u00bbNome\u00a0\u00bb _builder_version=\u00a0\u00bb4.16&Prime; global_colors_info=\u00a0\u00bb{}\u00a0\u00bb button_text_size__hover_enabled=\u00a0\u00bboff\u00a0\u00bb button_one_text_size__hover_enabled=\u00a0\u00bboff\u00a0\u00bb button_two_text_size__hover_enabled=\u00a0\u00bboff\u00a0\u00bb button_text_color__hover_enabled=\u00a0\u00bboff\u00a0\u00bb button_one_text_color__hover_enabled=\u00a0\u00bboff\u00a0\u00bb button_two_text_color__hover_enabled=\u00a0\u00bboff\u00a0\u00bb button_border_width__hover_enabled=\u00a0\u00bboff\u00a0\u00bb button_one_border_width__hover_enabled=\u00a0\u00bboff\u00a0\u00bb button_two_border_width__hover_enabled=\u00a0\u00bboff\u00a0\u00bb button_border_color__hover_enabled=\u00a0\u00bboff\u00a0\u00bb button_one_border_color__hover_enabled=\u00a0\u00bboff\u00a0\u00bb button_two_border_color__hover_enabled=\u00a0\u00bboff\u00a0\u00bb button_border_radius__hover_enabled=\u00a0\u00bboff\u00a0\u00bb button_one_border_radius__hover_enabled=\u00a0\u00bboff\u00a0\u00bb button_two_border_radius__hover_enabled=\u00a0\u00bboff\u00a0\u00bb button_letter_spacing__hover_enabled=\u00a0\u00bboff\u00a0\u00bb button_one_letter_spacing__hover_enabled=\u00a0\u00bboff\u00a0\u00bb button_two_letter_spacing__hover_enabled=\u00a0\u00bboff\u00a0\u00bb button_bg_color__hover_enabled=\u00a0\u00bboff\u00a0\u00bb button_one_bg_color__hover_enabled=\u00a0\u00bboff\u00a0\u00bb button_two_bg_color__hover_enabled=\u00a0\u00bboff\u00a0\u00bb][\/et_pb_contact_field][et_pb_contact_field field_id=\u00a0\u00bbEmail\u00a0\u00bb field_title=\u00a0\u00bbIndirizzo e-mail\u00a0\u00bb field_type=\u00a0\u00bbemail\u00a0\u00bb _builder_version=\u00a0\u00bb4.16&Prime; global_colors_info=\u00a0\u00bb{}\u00a0\u00bb button_text_size__hover_enabled=\u00a0\u00bboff\u00a0\u00bb button_one_text_size__hover_enabled=\u00a0\u00bboff\u00a0\u00bb button_two_text_size__hover_enabled=\u00a0\u00bboff\u00a0\u00bb button_text_color__hover_enabled=\u00a0\u00bboff\u00a0\u00bb button_one_text_color__hover_enabled=\u00a0\u00bboff\u00a0\u00bb button_two_text_color__hover_enabled=\u00a0\u00bboff\u00a0\u00bb button_border_width__hover_enabled=\u00a0\u00bboff\u00a0\u00bb button_one_border_width__hover_enabled=\u00a0\u00bboff\u00a0\u00bb button_two_border_width__hover_enabled=\u00a0\u00bboff\u00a0\u00bb button_border_color__hover_enabled=\u00a0\u00bboff\u00a0\u00bb button_one_border_color__hover_enabled=\u00a0\u00bboff\u00a0\u00bb button_two_border_color__hover_enabled=\u00a0\u00bboff\u00a0\u00bb button_border_radius__hover_enabled=\u00a0\u00bboff\u00a0\u00bb button_one_border_radius__hover_enabled=\u00a0\u00bboff\u00a0\u00bb button_two_border_radius__hover_enabled=\u00a0\u00bboff\u00a0\u00bb button_letter_spacing__hover_enabled=\u00a0\u00bboff\u00a0\u00bb button_one_letter_spacing__hover_enabled=\u00a0\u00bboff\u00a0\u00bb button_two_letter_spacing__hover_enabled=\u00a0\u00bboff\u00a0\u00bb button_bg_color__hover_enabled=\u00a0\u00bboff\u00a0\u00bb button_one_bg_color__hover_enabled=\u00a0\u00bboff\u00a0\u00bb button_two_bg_color__hover_enabled=\u00a0\u00bboff\u00a0\u00bb][\/et_pb_contact_field][et_pb_contact_field field_id=\u00a0\u00bbMessage\u00a0\u00bb field_title=\u00a0\u00bbMessaggio\u00a0\u00bb field_type=\u00a0\u00bbtext\u00a0\u00bb fullwidth_field=\u00a0\u00bbon\u00a0\u00bb _builder_version=\u00a0\u00bb4.16&Prime; global_colors_info=\u00a0\u00bb{}\u00a0\u00bb button_text_size__hover_enabled=\u00a0\u00bboff\u00a0\u00bb button_one_text_size__hover_enabled=\u00a0\u00bboff\u00a0\u00bb button_two_text_size__hover_enabled=\u00a0\u00bboff\u00a0\u00bb button_text_color__hover_enabled=\u00a0\u00bboff\u00a0\u00bb button_one_text_color__hover_enabled=\u00a0\u00bboff\u00a0\u00bb button_two_text_color__hover_enabled=\u00a0\u00bboff\u00a0\u00bb button_border_width__hover_enabled=\u00a0\u00bboff\u00a0\u00bb button_one_border_width__hover_enabled=\u00a0\u00bboff\u00a0\u00bb button_two_border_width__hover_enabled=\u00a0\u00bboff\u00a0\u00bb button_border_color__hover_enabled=\u00a0\u00bboff\u00a0\u00bb button_one_border_color__hover_enabled=\u00a0\u00bboff\u00a0\u00bb button_two_border_color__hover_enabled=\u00a0\u00bboff\u00a0\u00bb button_border_radius__hover_enabled=\u00a0\u00bboff\u00a0\u00bb button_one_border_radius__hover_enabled=\u00a0\u00bboff\u00a0\u00bb button_two_border_radius__hover_enabled=\u00a0\u00bboff\u00a0\u00bb button_letter_spacing__hover_enabled=\u00a0\u00bboff\u00a0\u00bb button_one_letter_spacing__hover_enabled=\u00a0\u00bboff\u00a0\u00bb button_two_letter_spacing__hover_enabled=\u00a0\u00bboff\u00a0\u00bb button_bg_color__hover_enabled=\u00a0\u00bboff\u00a0\u00bb button_one_bg_color__hover_enabled=\u00a0\u00bboff\u00a0\u00bb button_two_bg_color__hover_enabled=\u00a0\u00bboff\u00a0\u00bb][\/et_pb_contact_field][\/et_pb_contact_form][\/et_pb_column][et_pb_column type=\u00a0\u00bb1_2&Prime; _builder_version=\u00a0\u00bb4.16&Prime; _module_preset=\u00a0\u00bbdefault\u00a0\u00bb global_colors_info=\u00a0\u00bb{}\u00a0\u00bb][et_pb_map address=\u00a0\u00bbVia Al Ponte Reale 1 Genova\u00a0\u00bb address_lat=\u00a0\u00bb44.409344908399&Prime; address_lng=\u00a0\u00bb8.9293955854588&Prime; _builder_version=\u00a0\u00bb4.16&Prime; _module_preset=\u00a0\u00bbdefault\u00a0\u00bb global_colors_info=\u00a0\u00bb{}\u00a0\u00bb][et_pb_map_pin title=\u00a0\u00bbConsorzio Angelus Genoa\u00a0\u00bb pin_address=\u00a0\u00bbVia Al Ponte Reale, 1, 16124 Genova GE, Italia\u00a0\u00bb pin_address_lat=\u00a0\u00bb44.4092946&Prime; pin_address_lng=\u00a0\u00bb8.9293514&Prime; _builder_version=\u00a0\u00bb4.14.4&Prime; _module_preset=\u00a0\u00bbdefault\u00a0\u00bb global_colors_info=\u00a0\u00bb{}\u00a0\u00bb][\/et_pb_map_pin][\/et_pb_map][\/et_pb_column][\/et_pb_row][\/et_pb_section][et_pb_section fb_built=\u00a0\u00bb1&Prime; _builder_version=\u00a0\u00bb4.16&Prime; _module_preset=\u00a0\u00bbdefault\u00a0\u00bb global_colors_info=\u00a0\u00bb{}\u00a0\u00bb][et_pb_row _builder_version=\u00a0\u00bb4.16&Prime; global_colors_info=\u00a0\u00bb{}\u00a0\u00bb][et_pb_column type=\u00a0\u00bb4_4&Prime; _builder_version=\u00a0\u00bb4.16&Prime; global_colors_info=\u00a0\u00bb{}\u00a0\u00bb][et_pb_text _builder_version=\u00a0\u00bb4.21.0&Prime; global_colors_info=\u00a0\u00bb{}\u00a0\u00bb]<\/p>\n<h2>Consorzio Angelus, votre agence de confiance \u00e0 G\u00eanes.<\/h2>\n<p>Les soins \u00e0 domicile peuvent \u00eatre une option avantageuse pour les personnes qui ont besoin de soins de longue dur\u00e9e mais qui ne veulent pas renoncer \u00e0 leur ind\u00e9pendance et \u00e0 leur vie priv\u00e9e. Lorsque vous d\u00e9cidez d&rsquo;engager une personne soignante, vous pouvez choisir de le faire par l&rsquo;interm\u00e9diaire d&rsquo;une agence sp\u00e9cialis\u00e9e dans les services de soins \u00e0 domicile.<\/p>\n<p>Dans cet article, nous verrons pourquoi l&#8217;embauche d&rsquo;une aide familiale par l&rsquo;interm\u00e9diaire d&rsquo;une agence \u00e0 G\u00eanes peut \u00eatre le bon choix pour de nombreuses familles.<\/p>\n<p>1. <strong>Des professionnels hautement qualifi\u00e9s<\/strong><\/p>\n<p>Les agences de soins \u00e0 domicile de Genoa s\u00e9lectionnent des soignants hautement qualifi\u00e9s et form\u00e9s. Les aides-soignants qui travaillent pour ces agences ont g\u00e9n\u00e9ralement des ann\u00e9es d&rsquo;exp\u00e9rience dans les soins \u00e0 domicile, connaissent les techniques de soins aux personnes ayant des probl\u00e8mes de sant\u00e9 et peuvent faire face \u00e0 des situations d&rsquo;urgence.<\/p>\n<p>Les agences de soins \u00e0 domicile de G\u00eanes proposent \u00e9galement des cours de formation \u00e0 leurs employ\u00e9s afin de s&rsquo;assurer qu&rsquo;ils sont toujours au fait des derni\u00e8res techniques et pratiques en mati\u00e8re de soins \u00e0 domicile.<\/p>\n<p>2. <strong>Plus de s\u00e9curit\u00e9 et de tranquillit\u00e9 d&rsquo;esprit<\/strong><\/p>\n<p>L&#8217;embauche d&rsquo;une aide familiale par l&rsquo;interm\u00e9diaire d&rsquo;une agence \u00e0 G\u00eanes peut offrir une plus grande s\u00e9curit\u00e9 et une plus grande tranquillit\u00e9 d&rsquo;esprit. Les agences de soins \u00e0 domicile v\u00e9rifient les ant\u00e9c\u00e9dents de leurs employ\u00e9s et contr\u00f4lent r\u00e9guli\u00e8rement leur conduite pour s&rsquo;assurer qu&rsquo;ils respectent les normes professionnelles et comportementales.<\/p>\n<p>En outre, les agences de soins \u00e0 domicile proposent une couverture d&rsquo;assurance aux soignants qui travaillent pour elles, offrant ainsi une protection \u00e0 leurs clients en cas d&rsquo;accident ou de blessure pendant le travail.<\/p>\n<p>3. <strong>Flexibilit\u00e9 et personnalisation des services<\/strong><\/p>\n<p>Les agences de soins \u00e0 domicile de G\u00eanes proposent des services personnalis\u00e9s et flexibles pour r\u00e9pondre aux besoins sp\u00e9cifiques de leurs clients. Vous pouvez choisir l&rsquo;heure et la dur\u00e9e des soins \u00e0 domicile et d\u00e9cider des activit\u00e9s que la personne soignante effectuera pendant son s\u00e9jour.<\/p>\n<p>En outre, les agences de soins \u00e0 domicile peuvent fournir des soins \u00e0 court terme ou \u00e0 long terme, en fonction des besoins du client.<\/p>\n<p>4. <strong>Assistance et soutien continus<\/strong><\/p>\n<p>Les agences de soins \u00e0 domicile de G\u00eanes fournissent une assistance et un soutien continus \u00e0 leurs clients et \u00e0 leurs soignants. En cas d&rsquo;urgence ou d&rsquo;\u00e9v\u00e9nement impr\u00e9vu, les agences sont toujours disponibles pour fournir une assistance et r\u00e9soudre les probl\u00e8mes.<\/p>\n<p>En outre, les agences de soins \u00e0 domicile de G\u00eanes proposent des services de remplacement pour les soignants qui ne peuvent pas travailler pour cause de maladie ou pour d&rsquo;autres raisons.<\/p>\n<p>5. <strong>Gagner du temps et du stress<\/strong><\/p>\n<p>L&#8217;embauche d&rsquo;une aide familiale par l&rsquo;interm\u00e9diaire d&rsquo;une agence \u00e0 G\u00eanes peut permettre de gagner du temps et d&rsquo;\u00e9viter le stress. Les agences de soins \u00e0 domicile s&rsquo;occupent de toute la gestion du personnel, y compris la s\u00e9lection, la formation, les contr\u00f4les de conduite et la gestion des questions bureaucratiques.<\/p>\n<p>[\/et_pb_text][et_pb_text _builder_version=\u00a0\u00bb4.21.0&Prime; _module_preset=\u00a0\u00bbdefault\u00a0\u00bb global_colors_info=\u00a0\u00bb{}\u00a0\u00bb]<\/p>\n<div id=\"1187269228\" class=\"u_1187269228 dmNewParagraph\" data-dmtmpl=\"true\" data-element-type=\"paragraph\" data-version=\"5\" data-uialign=\"left\" data-anim-desktop=\"fadeInUp\">\n<h2>Consorzio Angelus Elderly Assistance and Caring Service Genoa (Service d&rsquo;assistance aux personnes \u00e2g\u00e9es et de soins)<\/h2>\n<\/div>\n<div id=\"1088972914\" class=\"u_1088972914 dmNewParagraph\" data-dmtmpl=\"true\" data-element-type=\"paragraph\" data-version=\"5\" data-uialign=\"left\">\n<p><span class=\"\">L&rsquo;Agenzia Badanti Genova Assistenza Badanti anziani e disabili op\u00e8re sur le territoire de la Ligurie en ciblant principalement ses interventions d&rsquo;assistance sociale sur des utilisateurs tels que : les personnes \u00e2g\u00e9es, les malades et les patients souffrant de handicaps psychophysiques temporaires.<\/span><\/p>\n<p>Les services propos\u00e9s concernent les patients souffrant de maladies telles que : SLA, <a href=\"https:\/\/it.wikipedia.org\/wiki\/Malattia_di_Alzheimer\" target=\"_blank\" rel=\"noopener\">Alzheimer<\/a> <a href=\"https:\/\/it.wikipedia.org\/wiki\/Malattia_di_Parkinson\" target=\"_blank\" rel=\"noopener\">, Parkinson<\/a>, oncologie, <a href=\"https:\/\/it.wikipedia.org\/wiki\/Sclerosi_multipla\" target=\"_blank\" rel=\"noopener\">scl\u00e9rose en plaques<\/a>, accident vasculaire c\u00e9r\u00e9bral, maladies cardio-pulmonaires, neurod\u00e9g\u00e9n\u00e9ratives ou myo-d\u00e9g\u00e9n\u00e9ratives. Les personnes \u00e2g\u00e9es <strong>partiellement autonomes ou non autonomes<\/strong> ont b\u00e9n\u00e9fici\u00e9 d&rsquo;interventions multiples en mati\u00e8re de services auxiliaires d&rsquo;aide sociale, de socialisation et d&rsquo;ergoth\u00e9rapie de soutien.<\/p>\n<\/div>\n<p>[\/et_pb_text][\/et_pb_column][\/et_pb_row][\/et_pb_section][et_pb_section fb_built=\u00a0\u00bb1&Prime; admin_label=\u00a0\u00bbsection\u00a0\u00bb _builder_version=\u00a0\u00bb4.16&Prime; global_colors_info=\u00a0\u00bb{}\u00a0\u00bb][et_pb_row _builder_version=\u00a0\u00bb4.16&Prime; global_colors_info=\u00a0\u00bb{}\u00a0\u00bb][et_pb_column type=\u00a0\u00bb4_4&Prime; _builder_version=\u00a0\u00bb4.16&Prime; global_colors_info=\u00a0\u00bb{}\u00a0\u00bb][et_pb_image src=\u00a0\u00bbhttps:\/\/www.badantianzianigenova.it\/wp-content\/uploads\/2021\/09\/ContributiBadanti.png\u00a0\u00bb title_text=\u00a0\u00bbContributiBadanti\u00a0\u00bb _builder_version=\u00a0\u00bb4.16&Prime; background_color=\u00a0\u00bb#a0a0a0&Prime; global_colors_info=\u00a0\u00bb{}\u00a0\u00bb][\/et_pb_image][et_pb_portfolio posts_number=\u00a0\u00bb4&Prime; include_categories=\u00a0\u00bball\u00a0\u00bb show_categories=\u00a0\u00bboff\u00a0\u00bb show_pagination=\u00a0\u00bboff\u00a0\u00bb _builder_version=\u00a0\u00bb4.16&Prime; _module_preset=\u00a0\u00bbdefault\u00a0\u00bb global_colors_info=\u00a0\u00bb{}\u00a0\u00bb][\/et_pb_portfolio][\/et_pb_column][\/et_pb_row][\/et_pb_section]<\/p>\n","protected":false},"excerpt":{"rendered":"<p>Trouvez votre aidant de confiance avec nous. Nous g\u00e9rons les contrats, les salaires et les cotisations. Aide familiale, aide de nuit, aide aux personnes \u00e2g\u00e9es et handicap\u00e9es. \u00c0 G\u00eanes, Recco, Camogli, Arenziano. Car il s&rsquo;agit de bien plus qu &lsquo;une simple agence pour les aidants \u00e0 G\u00eanes.Notre coop\u00e9rative est en mesure de soutenir les familles [&hellip;]<\/p>\n","protected":false},"author":68,"featured_media":3884,"parent":0,"menu_order":0,"comment_status":"closed","ping_status":"closed","template":"","meta":{"_acf_changed":false,"googlesitekit_rrm_CAowmdjEDA:productID":"","_et_pb_use_builder":"on","_et_pb_old_content":"","_et_gb_content_width":"","inline_featured_image":false,"footnotes":""},"class_list":["post-4075","page","type-page","status-publish","has-post-thumbnail","hentry"],"acf":[],"jetpack-related-posts":[],"_links":{"self":[{"href":"https:\/\/www.badantianzianigenova.it\/fr\/wp-json\/wp\/v2\/pages\/4075","targetHints":{"allow":["GET"]}}],"collection":[{"href":"https:\/\/www.badantianzianigenova.it\/fr\/wp-json\/wp\/v2\/pages"}],"about":[{"href":"https:\/\/www.badantianzianigenova.it\/fr\/wp-json\/wp\/v2\/types\/page"}],"author":[{"embeddable":true,"href":"https:\/\/www.badantianzianigenova.it\/fr\/wp-json\/wp\/v2\/users\/68"}],"replies":[{"embeddable":true,"href":"https:\/\/www.badantianzianigenova.it\/fr\/wp-json\/wp\/v2\/comments?post=4075"}],"version-history":[{"count":1,"href":"https:\/\/www.badantianzianigenova.it\/fr\/wp-json\/wp\/v2\/pages\/4075\/revisions"}],"predecessor-version":[{"id":4093,"href":"https:\/\/www.badantianzianigenova.it\/fr\/wp-json\/wp\/v2\/pages\/4075\/revisions\/4093"}],"wp:featuredmedia":[{"embeddable":true,"href":"https:\/\/www.badantianzianigenova.it\/fr\/wp-json\/wp\/v2\/media\/3884"}],"wp:attachment":[{"href":"https:\/\/www.badantianzianigenova.it\/fr\/wp-json\/wp\/v2\/media?parent=4075"}],"curies":[{"name":"wp","href":"https:\/\/api.w.org\/{rel}","templated":true}]}}