{"id":4082,"date":"2020-10-01T15:26:56","date_gmt":"2020-10-01T13:26:56","guid":{"rendered":"https:\/\/www.badantianzianigenova.it\/agenzia-badanti-genova-assistenza-anziani-badanti-qualificate\/"},"modified":"2020-10-01T15:26:56","modified_gmt":"2020-10-01T13:26:56","slug":"agenzia-badanti-genova-assistenza-anziani-badanti-qualificate","status":"publish","type":"page","link":"https:\/\/www.badantianzianigenova.it\/pl\/","title":{"rendered":"Agenzia Badanti Genova Assistenza Anziani Badanti Qualificate"},"content":{"rendered":"<p>[et_pb_section fb_built=&#8221;1&#8243; fullwidth=&#8221;on&#8221; theme_builder_area=&#8221;post_content&#8221; _builder_version=&#8221;4.21.0&#8243; _module_preset=&#8221;default&#8221;][et_pb_fullwidth_header title=&#8221;  Agencja opiekunek Genua  &#8221; subhead=&#8221;Assistenza Anziani. Badanti Qualificate Genova&#8221; button_one_text=&#8221;3385877021&#8243; button_one_url=&#8221;  tel:3385877021&#8243; button_two_text=&#8221;genova@consorzioangelus.com&#8221; logo_image_url=&#8221;https:\/\/www.badantianzianigenova.it\/wp-content\/uploads\/2021\/05\/unnamed.png&#8221; logo_alt_text=&#8221;  Agenzia Badanti Genova Il Sorriso&#8221; logo_title=&#8221;  Agenzia Badanti Genova Cooperativa il Sorriso  &#8221; header_image_url=&#8221;https:\/\/www.badantianzianigenova.it\/wp-content\/uploads\/2021\/12\/headercontentbg2.png&#8221; image_alt_text=&#8221;  Agenzia Badanti Genova Assistenza Anziani&#8221; image_title=&#8221;  Agenzia Badanti Genova Baddanti Qualificate&#8221; _builder_version=&#8221;4.19.0&#8243; title_level=&#8221;h2&#8243; content_text_align=&#8221;left&#8221; background_color=&#8221;#00278c&#8221; custom_button_one=&#8221;on&#8221; button_one_text_color=&#8221;#0C71C3&#8243; button_one_bg_color=&#8221;#FFFFFF&#8221; button_one_border_color=&#8221;#FFFFFF&#8221; button_one_border_radius=&#8221;20px&#8221; button_one_font=&#8221;||||||||&#8221; button_one_icon=&#8221;\ue00b||divi||400&#8243; button_one_icon_color=&#8221;#7CDA24&#8243; button_one_icon_placement=&#8221;left&#8221; button_one_on_hover=&#8221;off&#8221; custom_button_two=&#8221;on&#8221; button_two_text_color=&#8221;#0C71C3&#8243; button_two_bg_color=&#8221;#FFFFFF&#8221; button_two_border_color=&#8221;#7CDA24&#8243; button_two_border_radius=&#8221;21px&#8221; button_two_font=&#8221;||||||||&#8221; button_two_icon=&#8221;\ue010||divi||400&#8243; button_two_icon_color=&#8221;#7CDA24&#8243; button_two_icon_placement=&#8221;left&#8221; button_two_on_hover=&#8221;off&#8221; global_colors_info=&#8221;{}&#8221; theme_builder_area=&#8221;post_content&#8221;][\/et_pb_fullwidth_header][\/et_pb_section][et_pb_section fb_built=&#8221;1&#8243; _builder_version=&#8221;4.16&#8243; min_height=&#8221;228px&#8221; custom_margin=&#8221;||-116px|||&#8221; global_colors_info=&#8221;{}&#8221;][et_pb_row column_structure=&#8221;1_3,1_3,1_3&#8243; _builder_version=&#8221;4.14.3&#8243; _module_preset=&#8221;default&#8221; global_module=&#8221;2074&#8243; saved_tabs=&#8221;all&#8221; global_colors_info=&#8221;{}&#8221;][et_pb_column type=&#8221;1_3&#8243; _builder_version=&#8221;4.16&#8243; _module_preset=&#8221;default&#8221; global_colors_info=&#8221;{}&#8221;][et_pb_blurb title=&#8221;Agencja opiekunek Genua&#8221; url=&#8221;https:\/\/www.badantianzianigenova.it\/agenzia-badanti-genova-badanti-qualificate\/&#8221; use_icon=&#8221;on&#8221; font_icon=&#8221;\ue026||divi||400&#8243; _builder_version=&#8221;4.16&#8243; _module_preset=&#8221;default&#8221; link_option_url=&#8221;https:\/\/www.badantianzianigenova.it\/agenzia-badanti-genova-badanti-qualificate\/&#8221; global_colors_info=&#8221;{}&#8221;]<\/p>\n<p>Znajd\u017a z nami swojego zaufanego opiekuna. Zarz\u0105dzamy umowami, p\u0142acami i sk\u0142adkami. Opiekunka \u015brodowiskowa, opiekunka nocna, opiekunka os\u00f3b starszych i niepe\u0142nosprawnych. W Genui, Recco, Camogli, Arenziano. Poniewa\u017c jest to znacznie wi\u0119cej <strong>ni\u017c tylko agencja opiekunek w Genui<\/strong>.<\/p>\n<p>[\/et_pb_blurb][et_pb_button button_url=&#8221;https:\/\/www.badantianzianigenova.it\/agenzia-badanti-genova-badanti-qualificate&#8221; button_text=&#8221;Scopri di pi\u00f9&#8221; _builder_version=&#8221;4.16&#8243; _module_preset=&#8221;default&#8221; global_colors_info=&#8221;{}&#8221;][\/et_pb_button][\/et_pb_column][et_pb_column type=&#8221;1_3&#8243; _builder_version=&#8221;4.16&#8243; _module_preset=&#8221;default&#8221; global_colors_info=&#8221;{}&#8221;][et_pb_blurb title=&#8221;Nocny opiekun Genua&#8221; url=&#8221;https:\/\/www.badantianzianigenova.it\/badante-notturna-genova-veglia-notturna-ospedale\/&#8221; use_icon=&#8221;on&#8221; font_icon=&#8221;\ue009||divi||400&#8243; _builder_version=&#8221;4.16&#8243; _module_preset=&#8221;default&#8221; link_option_url=&#8221;https:\/\/www.badantianzianigenova.it\/badante-notturna-genova-veglia-notturna-ospedale\/&#8221; global_colors_info=&#8221;{}&#8221;]<\/p>\n<p>Nasza <a href=\"https:\/\/www.badantianzianigenova.it\/badante-notturna-genova-veglia-notturna-ospedale\/\">sp\u00f3\u0142dzielnia<\/a> jest w stanie wesprze\u0107 rodziny, kt\u00f3re znalaz\u0142y si\u0119 w takiej sytuacji, wykwalifikowanymi, niezawodnymi i profesjonalnymi operatorami. Zapewnienie nocnej opieki wymaga okre\u015blonych umiej\u0119tno\u015bci i cech osobistych.<\/p>\n<p>[\/et_pb_blurb][et_pb_button button_url=&#8221;https:\/\/www.badantianzianigenova.it\/badante-notturna-genova-veglia-notturna-ospedale&#8221; button_text=&#8221;Scopri di pi\u00f9&#8221; _builder_version=&#8221;4.16&#8243; _module_preset=&#8221;default&#8221; global_colors_info=&#8221;{}&#8221;][\/et_pb_button][\/et_pb_column][et_pb_column type=&#8221;1_3&#8243; _builder_version=&#8221;4.16&#8243; _module_preset=&#8221;default&#8221; global_colors_info=&#8221;{}&#8221;][et_pb_blurb title=&#8221;Wykwalifikowani opiekunowie Genua&#8221; url=&#8221;https:\/\/www.badantianzianigenova.it\/badanti-qualificate-genova\/&#8221; use_icon=&#8221;on&#8221; font_icon=&#8221;\ue021||divi||400&#8243; _builder_version=&#8221;4.16&#8243; _module_preset=&#8221;default&#8221; global_colors_info=&#8221;{}&#8221;]<\/p>\n<p>Angelus Genova oferuje us\u0142ugi opieki nad osobami starszymi, dziennego i nocnego opiekuna lub opiekuna na \u017cywo.<br \/>Zwracaj\u0105c si\u0119 do jednej z lokalizacji ANGELUS, znajdziesz dost\u0119pno\u015b\u0107 i kompetencje naszych opiekun\u00f3w dla cz\u0142onk\u00f3w Twojej rodziny.<\/p>\n<p>[\/et_pb_blurb][et_pb_button button_url=&#8221;https:\/\/www.badantianzianigenova.it\/badanti-qualificate-genova\/&#8221; button_text=&#8221;Scopri di pi\u00f9&#8221; _builder_version=&#8221;4.16&#8243; _module_preset=&#8221;default&#8221; global_colors_info=&#8221;{}&#8221;][\/et_pb_button][\/et_pb_column][\/et_pb_row][et_pb_row _builder_version=&#8221;4.16&#8243; global_colors_info=&#8221;{}&#8221;][et_pb_column type=&#8221;4_4&#8243; _builder_version=&#8221;4.16&#8243; custom_padding=&#8221;|||&#8221; global_colors_info=&#8221;{}&#8221; custom_padding__hover=&#8221;|||&#8221;][et_pb_text _builder_version=&#8221;4.16&#8243; global_colors_info=&#8221;{}&#8221;]<\/p>\n<h3 class=\"heading-style-3 visible-first\"><span class=\"item_title_part_3 item_title_part_even item_title_part_first_half\">DBAMY<\/span> <span class=\"item_title_part_4 item_title_part_odd item_title_part_second_half\">O<\/span> <span class=\"item_title_part_5 item_title_part_even item_title_part_second_half\">TWOJE<\/span> <span class=\"item_title_part_6 item_title_part_odd item_title_part_second_half item_title_part_last\">POTRZEBY W GENUI I PROWINCJI<\/span><\/h3>\n<p>Angelus Genova oferuje us\u0142ugi opieki nad osobami starszymi, dziennego i nocnego opiekuna lub opiekuna na \u017cywo.<br \/>\nZwracaj\u0105c si\u0119 do jednego z biur ANGELUS, znajdziesz dost\u0119pno\u015b\u0107 i wiedz\u0119 Angelus Family Advisors, kt\u00f3rzy pomog\u0105 Ci w Twoich potrzebach zwi\u0105zanych z opiek\u0105. Opiekunowie os\u00f3b starszych i rodzin Genua<br \/>\n[\/et_pb_text][\/et_pb_column][\/et_pb_row][\/et_pb_section][et_pb_section fb_built=&#8221;1&#8243; _builder_version=&#8221;4.16&#8243; global_colors_info=&#8221;{}&#8221;][et_pb_row column_structure=&#8221;1_4,3_4&#8243; _builder_version=&#8221;4.16&#8243; global_colors_info=&#8221;{}&#8221;][et_pb_column type=&#8221;1_4&#8243; _builder_version=&#8221;4.16&#8243; global_colors_info=&#8221;{}&#8221;][et_pb_image src=&#8221;https:\/\/www.badantianzianigenova.it\/wp-content\/uploads\/2021\/05\/page-1_img03.jpg&#8221; alt=&#8221;Agenzia Badanti Genova Consorzio Angelus&#8221; title_text=&#8221;Agenzia Badanti Genova  &#8221; _builder_version=&#8221;4.16&#8243; global_colors_info=&#8221;{}&#8221;][\/et_pb_image][\/et_pb_column][et_pb_column type=&#8221;3_4&#8243; _builder_version=&#8221;4.16&#8243; global_colors_info=&#8221;{}&#8221;][et_pb_text _builder_version=&#8221;4.16&#8243; global_colors_info=&#8221;{}&#8221;]<\/p>\n<h3>Opiekunowie os\u00f3b starszych Genua<\/h3>\n<p>Nasz Doradca Rodzinny wys\u0142ucha Twoich potrzeb i dobierze odpowiednich kandydat\u00f3w do pracy. Oferuje spotkania poznawcze z kandydatami, a nast\u0119pnie pomaga wybra\u0107 odpowiedniego kandydata. W Genui i jej prowincji<\/p>\n<p>Z nami od razu poznasz miesi\u0119czne koszty i niezb\u0119dne formalno\u015bci zwi\u0105zane z wynaj\u0119ciem i us\u0142ugami opiekunki z Genui<\/p>\n<p>Nasz konsultant rodzinny APiCi Genoa b\u0119dzie zawsze po Twojej stronie w zarz\u0105dzaniu stosunkiem pracy mi\u0119dzy Tob\u0105 a zatrudnionym pracownikiem. B\u0119dziemy wspiera\u0107 Ci\u0119 w Twoich raportach, dbaj\u0105c o zarz\u0105dzanie Twoimi ubezpieczeniami spo\u0142ecznymi od rekrutacji do rozwi\u0105zania umowy.<br \/>\n[\/et_pb_text][\/et_pb_column][\/et_pb_row][\/et_pb_section][et_pb_section fb_built=&#8221;1&#8243; admin_label=&#8221;Sezione&#8221; _builder_version=&#8221;4.14.4&#8243; _module_preset=&#8221;default&#8221; global_module=&#8221;2020&#8243; global_colors_info=&#8221;{}&#8221;][et_pb_row column_structure=&#8221;1_2,1_2&#8243; _builder_version=&#8221;4.16&#8243; _module_preset=&#8221;default&#8221; global_colors_info=&#8221;{}&#8221;][et_pb_column type=&#8221;1_2&#8243; _builder_version=&#8221;4.16&#8243; _module_preset=&#8221;default&#8221; global_colors_info=&#8221;{}&#8221;][et_pb_contact_form captcha=&#8221;off&#8221; email=&#8221;genova@consorzioangelus.com&#8221; title=&#8221;Skontaktuj si\u0119 z nami teraz&#8221; success_message=&#8221;Grazie per averci contattato&#8221; submit_button_text=&#8221;Invia ora&#8221; _builder_version=&#8221;4.21.0&#8243; _module_preset=&#8221;default&#8221; _unique_id=&#8221;770ee0a6-51c1-49bb-ac49-a022bdbe3aeb&#8221; title_level=&#8221;h3&#8243; global_colors_info=&#8221;{}&#8221;][et_pb_contact_field field_id=&#8221;Name&#8221; field_title=&#8221;Nome&#8221; _builder_version=&#8221;4.16&#8243; global_colors_info=&#8221;{}&#8221; button_text_size__hover_enabled=&#8221;off&#8221; button_one_text_size__hover_enabled=&#8221;off&#8221; button_two_text_size__hover_enabled=&#8221;off&#8221; button_text_color__hover_enabled=&#8221;off&#8221; button_one_text_color__hover_enabled=&#8221;off&#8221; button_two_text_color__hover_enabled=&#8221;off&#8221; button_border_width__hover_enabled=&#8221;off&#8221; button_one_border_width__hover_enabled=&#8221;off&#8221; button_two_border_width__hover_enabled=&#8221;off&#8221; button_border_color__hover_enabled=&#8221;off&#8221; button_one_border_color__hover_enabled=&#8221;off&#8221; button_two_border_color__hover_enabled=&#8221;off&#8221; button_border_radius__hover_enabled=&#8221;off&#8221; button_one_border_radius__hover_enabled=&#8221;off&#8221; button_two_border_radius__hover_enabled=&#8221;off&#8221; button_letter_spacing__hover_enabled=&#8221;off&#8221; button_one_letter_spacing__hover_enabled=&#8221;off&#8221; button_two_letter_spacing__hover_enabled=&#8221;off&#8221; button_bg_color__hover_enabled=&#8221;off&#8221; button_one_bg_color__hover_enabled=&#8221;off&#8221; button_two_bg_color__hover_enabled=&#8221;off&#8221;][\/et_pb_contact_field][et_pb_contact_field field_id=&#8221;Email&#8221; field_title=&#8221;Indirizzo e-mail&#8221; field_type=&#8221;email&#8221; _builder_version=&#8221;4.16&#8243; global_colors_info=&#8221;{}&#8221; button_text_size__hover_enabled=&#8221;off&#8221; button_one_text_size__hover_enabled=&#8221;off&#8221; button_two_text_size__hover_enabled=&#8221;off&#8221; button_text_color__hover_enabled=&#8221;off&#8221; button_one_text_color__hover_enabled=&#8221;off&#8221; button_two_text_color__hover_enabled=&#8221;off&#8221; button_border_width__hover_enabled=&#8221;off&#8221; button_one_border_width__hover_enabled=&#8221;off&#8221; button_two_border_width__hover_enabled=&#8221;off&#8221; button_border_color__hover_enabled=&#8221;off&#8221; button_one_border_color__hover_enabled=&#8221;off&#8221; button_two_border_color__hover_enabled=&#8221;off&#8221; button_border_radius__hover_enabled=&#8221;off&#8221; button_one_border_radius__hover_enabled=&#8221;off&#8221; button_two_border_radius__hover_enabled=&#8221;off&#8221; button_letter_spacing__hover_enabled=&#8221;off&#8221; button_one_letter_spacing__hover_enabled=&#8221;off&#8221; button_two_letter_spacing__hover_enabled=&#8221;off&#8221; button_bg_color__hover_enabled=&#8221;off&#8221; button_one_bg_color__hover_enabled=&#8221;off&#8221; button_two_bg_color__hover_enabled=&#8221;off&#8221;][\/et_pb_contact_field][et_pb_contact_field field_id=&#8221;Message&#8221; field_title=&#8221;Messaggio&#8221; field_type=&#8221;text&#8221; fullwidth_field=&#8221;on&#8221; _builder_version=&#8221;4.16&#8243; global_colors_info=&#8221;{}&#8221; button_text_size__hover_enabled=&#8221;off&#8221; button_one_text_size__hover_enabled=&#8221;off&#8221; button_two_text_size__hover_enabled=&#8221;off&#8221; button_text_color__hover_enabled=&#8221;off&#8221; button_one_text_color__hover_enabled=&#8221;off&#8221; button_two_text_color__hover_enabled=&#8221;off&#8221; button_border_width__hover_enabled=&#8221;off&#8221; button_one_border_width__hover_enabled=&#8221;off&#8221; button_two_border_width__hover_enabled=&#8221;off&#8221; button_border_color__hover_enabled=&#8221;off&#8221; button_one_border_color__hover_enabled=&#8221;off&#8221; button_two_border_color__hover_enabled=&#8221;off&#8221; button_border_radius__hover_enabled=&#8221;off&#8221; button_one_border_radius__hover_enabled=&#8221;off&#8221; button_two_border_radius__hover_enabled=&#8221;off&#8221; button_letter_spacing__hover_enabled=&#8221;off&#8221; button_one_letter_spacing__hover_enabled=&#8221;off&#8221; button_two_letter_spacing__hover_enabled=&#8221;off&#8221; button_bg_color__hover_enabled=&#8221;off&#8221; button_one_bg_color__hover_enabled=&#8221;off&#8221; button_two_bg_color__hover_enabled=&#8221;off&#8221;][\/et_pb_contact_field][\/et_pb_contact_form][\/et_pb_column][et_pb_column type=&#8221;1_2&#8243; _builder_version=&#8221;4.16&#8243; _module_preset=&#8221;default&#8221; global_colors_info=&#8221;{}&#8221;][et_pb_map address=&#8221;Via Al Ponte Reale 1 Genova&#8221; address_lat=&#8221;44.409344908399&#8243; address_lng=&#8221;8.9293955854588&#8243; _builder_version=&#8221;4.16&#8243; _module_preset=&#8221;default&#8221; global_colors_info=&#8221;{}&#8221;][et_pb_map_pin title=&#8221;Consorzio Angelus Genoa&#8221; pin_address=&#8221;Via Al Ponte Reale, 1, 16124 Genova GE, Italia&#8221; pin_address_lat=&#8221;44.4092946&#8243; pin_address_lng=&#8221;8.9293514&#8243; _builder_version=&#8221;4.14.4&#8243; _module_preset=&#8221;default&#8221; global_colors_info=&#8221;{}&#8221;][\/et_pb_map_pin][\/et_pb_map][\/et_pb_column][\/et_pb_row][\/et_pb_section][et_pb_section fb_built=&#8221;1&#8243; _builder_version=&#8221;4.16&#8243; _module_preset=&#8221;default&#8221; global_colors_info=&#8221;{}&#8221;][et_pb_row _builder_version=&#8221;4.16&#8243; global_colors_info=&#8221;{}&#8221;][et_pb_column type=&#8221;4_4&#8243; _builder_version=&#8221;4.16&#8243; global_colors_info=&#8221;{}&#8221;][et_pb_text _builder_version=&#8221;4.21.0&#8243; global_colors_info=&#8221;{}&#8221;]<\/p>\n<h2>Consorzio Angelus, zaufana agencja opiekunek w Genui.<\/h2>\n<p>Opieka domowa mo\u017ce by\u0107 korzystn\u0105 opcj\u0105 dla os\u00f3b, kt\u00f3re potrzebuj\u0105 d\u0142ugoterminowej opieki, ale nie chc\u0105 rezygnowa\u0107 z niezale\u017cno\u015bci i prywatno\u015bci. Decyduj\u0105c si\u0119 na zatrudnienie opiekuna, mo\u017cna to zrobi\u0107 za po\u015brednictwem agencji specjalizuj\u0105cej si\u0119 w us\u0142ugach opieki domowej.<\/p>\n<p>W tym artykule dowiemy si\u0119, dlaczego zatrudnienie opiekunki za po\u015brednictwem agencji w Genui mo\u017ce by\u0107 w\u0142a\u015bciwym wyborem dla wielu rodzin.<\/p>\n<p>1. <strong>Wysoko wykwalifikowani specjali\u015bci<\/strong><\/p>\n<p>Agencje opieki domowej w Genui wybieraj\u0105 wysoko wykwalifikowanych i przeszkolonych opiekun\u00f3w. Opiekunowie pracuj\u0105cy dla tych agencji maj\u0105 zazwyczaj wieloletnie do\u015bwiadczenie w opiece domowej, znaj\u0105 techniki opieki nad osobami z problemami zdrowotnymi i potrafi\u0105 radzi\u0107 sobie w nag\u0142ych sytuacjach.<\/p>\n<p>Agencje opieki domowej w Genui oferuj\u0105 r\u00f3wnie\u017c szkolenia dla swoich pracownik\u00f3w, aby upewni\u0107 si\u0119, \u017ce s\u0105 oni zawsze na bie\u017c\u0105co z najnowszymi technikami i praktykami w opiece domowej.<\/p>\n<p>2. <strong>Wi\u0119ksze bezpiecze\u0144stwo i spok\u00f3j ducha<\/strong><\/p>\n<p>Zatrudnienie opiekunki za po\u015brednictwem agencji w Genui mo\u017ce zapewni\u0107 wi\u0119ksze bezpiecze\u0144stwo i spok\u00f3j ducha. Agencje opieki domowej przeprowadzaj\u0105 kontrole przesz\u0142o\u015bci swoich pracownik\u00f3w i regularnie monitoruj\u0105 ich zachowanie, aby upewni\u0107 si\u0119, \u017ce spe\u0142niaj\u0105 oni standardy zawodowe i behawioralne.<\/p>\n<p>Ponadto, agencje opieki domowej zapewniaj\u0105 ubezpieczenie dla pracuj\u0105cych dla nich opiekun\u00f3w, oferuj\u0105c ochron\u0119 swoim klientom w razie wypadk\u00f3w lub uraz\u00f3w podczas pracy.<\/p>\n<p>3. <strong>Elastyczno\u015b\u0107 i dostosowanie us\u0142ug<\/strong><\/p>\n<p>Agencje opieki domowej w Genui oferuj\u0105 spersonalizowane i elastyczne us\u0142ugi, aby zaspokoi\u0107 specyficzne potrzeby swoich klient\u00f3w. Mo\u017cesz wybra\u0107 czas i okres trwania opieki domowej oraz zdecydowa\u0107, jakie czynno\u015bci opiekun b\u0119dzie wykonywa\u0142 podczas swojego pobytu.<\/p>\n<p>Ponadto, agencje opieki domowej mog\u0105 zapewni\u0107 opiek\u0119 kr\u00f3tkoterminow\u0105 lub d\u0142ugoterminow\u0105, w zale\u017cno\u015bci od potrzeb klienta.<\/p>\n<p>4. <strong>Sta\u0142a pomoc i wsparcie<\/strong><\/p>\n<p>Agencje opieki domowej w Genui zapewniaj\u0105 sta\u0142\u0105 pomoc i wsparcie swoim klientom i ich opiekunom. W nag\u0142ych wypadkach lub nieprzewidzianych zdarzeniach agencje s\u0105 zawsze dost\u0119pne, aby zapewni\u0107 pomoc i rozwi\u0105za\u0107 wszelkie problemy.<\/p>\n<p>Ponadto, agencje opieki domowej w Genui oferuj\u0105 us\u0142ugi zast\u0119pcze dla opiekun\u00f3w, kt\u00f3rzy nie mog\u0105 pracowa\u0107 z powodu choroby lub innych przyczyn.<\/p>\n<p>5. <strong>Oszcz\u0119dno\u015b\u0107 czasu i stresu<\/strong><\/p>\n<p>Zatrudnienie opiekunki za po\u015brednictwem agencji w Genui mo\u017ce pom\u00f3c zaoszcz\u0119dzi\u0107 czas i stres. Agencje opieki domowej zajmuj\u0105 si\u0119 ca\u0142ym zarz\u0105dzaniem personelem, w tym selekcj\u0105, szkoleniem, kontrol\u0105 post\u0119powania i kwestiami biurokratycznymi.<\/p>\n<p>[\/et_pb_text][et_pb_text _builder_version=&#8221;4.21.0&#8243; _module_preset=&#8221;default&#8221; global_colors_info=&#8221;{}&#8221;]<\/p>\n<div id=\"1187269228\" class=\"u_1187269228 dmNewParagraph\" data-dmtmpl=\"true\" data-element-type=\"paragraph\" data-version=\"5\" data-uialign=\"left\" data-anim-desktop=\"fadeInUp\">\n<h2>Consorzio Angelus Pomoc i opieka nad osobami starszymi Genua<\/h2>\n<\/div>\n<div id=\"1088972914\" class=\"u_1088972914 dmNewParagraph\" data-dmtmpl=\"true\" data-element-type=\"paragraph\" data-version=\"5\" data-uialign=\"left\">\n<p><span class=\"\">Agenzia Badanti Genova Assistenza Badanti anziani e disabili dzia\u0142a na terytorium Ligurii, kieruj\u0105c swoje interwencje w zakresie pomocy spo\u0142ecznej g\u0142\u00f3wnie do u\u017cytkownik\u00f3w, takich jak: osoby starsze, chore i pacjenci z czasow\u0105 niepe\u0142nosprawno\u015bci\u0105 psychofizyczn\u0105.<\/span><\/p>\n<p>\u015awiadczone us\u0142ugi dotycz\u0105 pacjent\u00f3w cierpi\u0105cych na choroby takie jak: ALS, <a href=\"https:\/\/it.wikipedia.org\/wiki\/Malattia_di_Alzheimer\" target=\"_blank\" rel=\"noopener\">Alzheimer<\/a> <a href=\"https:\/\/it.wikipedia.org\/wiki\/Malattia_di_Parkinson\" target=\"_blank\" rel=\"noopener\">, Parkinson<\/a>, Onkologia, <a href=\"https:\/\/it.wikipedia.org\/wiki\/Sclerosi_multipla\" target=\"_blank\" rel=\"noopener\">Stwardnienie Rozsiane<\/a>, Udar, Choroby Sercowo-P\u0142ucne, Neurodegeneracyjne czy Mi\u0119\u015bniowo-Pochodne. <strong>Cz\u0119\u015bciowo samowystarczalnym lub niesamowystarczalnym<\/strong> osobom starszym zapewniono wiele interwencji w zakresie us\u0142ug pomocniczych pomocy spo\u0142ecznej, socjalizacji i wspieraj\u0105cej terapii zaj\u0119ciowej.<\/p>\n<\/div>\n<p>[\/et_pb_text][\/et_pb_column][\/et_pb_row][\/et_pb_section][et_pb_section fb_built=&#8221;1&#8243; admin_label=&#8221;section&#8221; _builder_version=&#8221;4.16&#8243; global_colors_info=&#8221;{}&#8221;][et_pb_row _builder_version=&#8221;4.16&#8243; global_colors_info=&#8221;{}&#8221;][et_pb_column type=&#8221;4_4&#8243; _builder_version=&#8221;4.16&#8243; global_colors_info=&#8221;{}&#8221;][et_pb_image src=&#8221;https:\/\/www.badantianzianigenova.it\/wp-content\/uploads\/2021\/09\/ContributiBadanti.png&#8221; title_text=&#8221;ContributiBadanti&#8221; _builder_version=&#8221;4.16&#8243; background_color=&#8221;#a0a0a0&#8243; global_colors_info=&#8221;{}&#8221;][\/et_pb_image][et_pb_portfolio posts_number=&#8221;4&#8243; include_categories=&#8221;all&#8221; show_categories=&#8221;off&#8221; show_pagination=&#8221;off&#8221; _builder_version=&#8221;4.16&#8243; _module_preset=&#8221;default&#8221; global_colors_info=&#8221;{}&#8221;][\/et_pb_portfolio][\/et_pb_column][\/et_pb_row][\/et_pb_section]<\/p>\n","protected":false},"excerpt":{"rendered":"<p>Znajd\u017a z nami swojego zaufanego opiekuna. Zarz\u0105dzamy umowami, p\u0142acami i sk\u0142adkami. Opiekunka \u015brodowiskowa, opiekunka nocna, opiekunka os\u00f3b starszych i niepe\u0142nosprawnych. W Genui, Recco, Camogli, Arenziano. Poniewa\u017c jest to znacznie wi\u0119cej ni\u017c tylko agencja opiekunek w Genui.Nasza sp\u00f3\u0142dzielnia jest w stanie wesprze\u0107 rodziny, kt\u00f3re znalaz\u0142y si\u0119 w takiej sytuacji, wykwalifikowanymi, niezawodnymi i profesjonalnymi operatorami. Zapewnienie nocnej [&hellip;]<\/p>\n","protected":false},"author":68,"featured_media":3886,"parent":0,"menu_order":0,"comment_status":"closed","ping_status":"closed","template":"","meta":{"_acf_changed":false,"googlesitekit_rrm_CAowmdjEDA:productID":"","_et_pb_use_builder":"on","_et_pb_old_content":"","_et_gb_content_width":"","inline_featured_image":false,"footnotes":""},"class_list":["post-4082","page","type-page","status-publish","has-post-thumbnail","hentry"],"acf":[],"jetpack-related-posts":[],"_links":{"self":[{"href":"https:\/\/www.badantianzianigenova.it\/pl\/wp-json\/wp\/v2\/pages\/4082","targetHints":{"allow":["GET"]}}],"collection":[{"href":"https:\/\/www.badantianzianigenova.it\/pl\/wp-json\/wp\/v2\/pages"}],"about":[{"href":"https:\/\/www.badantianzianigenova.it\/pl\/wp-json\/wp\/v2\/types\/page"}],"author":[{"embeddable":true,"href":"https:\/\/www.badantianzianigenova.it\/pl\/wp-json\/wp\/v2\/users\/68"}],"replies":[{"embeddable":true,"href":"https:\/\/www.badantianzianigenova.it\/pl\/wp-json\/wp\/v2\/comments?post=4082"}],"version-history":[{"count":0,"href":"https:\/\/www.badantianzianigenova.it\/pl\/wp-json\/wp\/v2\/pages\/4082\/revisions"}],"wp:featuredmedia":[{"embeddable":true,"href":"https:\/\/www.badantianzianigenova.it\/pl\/wp-json\/wp\/v2\/media\/3886"}],"wp:attachment":[{"href":"https:\/\/www.badantianzianigenova.it\/pl\/wp-json\/wp\/v2\/media?parent=4082"}],"curies":[{"name":"wp","href":"https:\/\/api.w.org\/{rel}","templated":true}]}}