{"id":4072,"date":"2020-10-01T15:26:56","date_gmt":"2020-10-01T13:26:56","guid":{"rendered":"https:\/\/www.badantianzianigenova.it\/agenzia-badanti-genova-assistenza-anziani-badanti-qualificate\/"},"modified":"2020-10-01T15:26:56","modified_gmt":"2020-10-01T13:26:56","slug":"agenzia-badanti-genova-assistenza-anziani-badanti-qualificate","status":"publish","type":"page","link":"https:\/\/www.badantianzianigenova.it\/ro\/","title":{"rendered":"Agenzia Badanti Genova Assistenza Anziani Badanti Qualificate"},"content":{"rendered":"<p>[et_pb_section fb_built=&#8221;1&#8243; fullwidth=&#8221;on&#8221; theme_builder_area=&#8221;post_content&#8221; _builder_version=&#8221;4.21.0&#8243; _module_preset=&#8221;default&#8221;][et_pb_fullwidth_header title=&#8221;  Agen\u021bia de \u00eengrijire Genoa  &#8221; subhead=&#8221;Assistenza Anziani. Badanti Qualificate Genova&#8221; button_one_text=&#8221;3385877021&#8243; button_one_url=&#8221;  tel:3385877021&#8243; button_two_text=&#8221;genova@consorzioangelus.com&#8221; logo_image_url=&#8221;https:\/\/www.badantianzianigenova.it\/wp-content\/uploads\/2021\/05\/unnamed.png&#8221; logo_alt_text=&#8221;  Agenzia Badanti Genova Il Sorriso&#8221; logo_title=&#8221;  Agenzia Badanti Genova Cooperativa il Sorriso  &#8221; header_image_url=&#8221;https:\/\/www.badantianzianigenova.it\/wp-content\/uploads\/2021\/12\/headercontentbg2.png&#8221; image_alt_text=&#8221;  Agenzia Badanti Genova Assistenza Anziani&#8221; image_title=&#8221;  Agenzia Badanti Genova Baddanti Qualificate&#8221; _builder_version=&#8221;4.19.0&#8243; title_level=&#8221;h2&#8243; content_text_align=&#8221;left&#8221; background_color=&#8221;#00278c&#8221; custom_button_one=&#8221;on&#8221; button_one_text_color=&#8221;#0C71C3&#8243; button_one_bg_color=&#8221;#FFFFFF&#8221; button_one_border_color=&#8221;#FFFFFF&#8221; button_one_border_radius=&#8221;20px&#8221; button_one_font=&#8221;||||||||&#8221; button_one_icon=&#8221;\ue00b||divi||400&#8243; button_one_icon_color=&#8221;#7CDA24&#8243; button_one_icon_placement=&#8221;left&#8221; button_one_on_hover=&#8221;off&#8221; custom_button_two=&#8221;on&#8221; button_two_text_color=&#8221;#0C71C3&#8243; button_two_bg_color=&#8221;#FFFFFF&#8221; button_two_border_color=&#8221;#7CDA24&#8243; button_two_border_radius=&#8221;21px&#8221; button_two_font=&#8221;||||||||&#8221; button_two_icon=&#8221;\ue010||divi||400&#8243; button_two_icon_color=&#8221;#7CDA24&#8243; button_two_icon_placement=&#8221;left&#8221; button_two_on_hover=&#8221;off&#8221; global_colors_info=&#8221;{}&#8221; theme_builder_area=&#8221;post_content&#8221;][\/et_pb_fullwidth_header][\/et_pb_section][et_pb_section fb_built=&#8221;1&#8243; _builder_version=&#8221;4.16&#8243; min_height=&#8221;228px&#8221; custom_margin=&#8221;||-116px|||&#8221; global_colors_info=&#8221;{}&#8221;][et_pb_row column_structure=&#8221;1_3,1_3,1_3&#8243; _builder_version=&#8221;4.14.3&#8243; _module_preset=&#8221;default&#8221; global_module=&#8221;2074&#8243; saved_tabs=&#8221;all&#8221; global_colors_info=&#8221;{}&#8221;][et_pb_column type=&#8221;1_3&#8243; _builder_version=&#8221;4.16&#8243; _module_preset=&#8221;default&#8221; global_colors_info=&#8221;{}&#8221;][et_pb_blurb title=&#8221;Agen\u021bia de \u00eengrijire Genoa&#8221; url=&#8221;https:\/\/www.badantianzianigenova.it\/agenzia-badanti-genova-badanti-qualificate\/&#8221; use_icon=&#8221;on&#8221; font_icon=&#8221;\ue026||divi||400&#8243; _builder_version=&#8221;4.16&#8243; _module_preset=&#8221;default&#8221; link_option_url=&#8221;https:\/\/www.badantianzianigenova.it\/agenzia-badanti-genova-badanti-qualificate\/&#8221; global_colors_info=&#8221;{}&#8221;]<\/p>\n<p>G\u0103se\u0219te-\u021bi \u00eengrijitorul de \u00eencredere cu noi. Noi gestion\u0103m contractul, salariile \u0219i contribu\u021biile. \u00cengrijitor de convie\u021buire, \u00cengrijitor de noapte, \u00cengrijitor de b\u0103tr\u00e2ni \u0219i persoane cu dizabilit\u0103\u021bi. \u00cen Genova, Recco, Camogli, Arenziano. Pentru c\u0103 este mult mai mult <strong>dec\u00e2t o simpl\u0103 agen\u021bie de \u00eengrijire \u00een Genova<\/strong>.<\/p>\n<p>[\/et_pb_blurb][et_pb_button button_url=&#8221;https:\/\/www.badantianzianigenova.it\/agenzia-badanti-genova-badanti-qualificate&#8221; button_text=&#8221;Scopri di pi\u00f9&#8221; _builder_version=&#8221;4.16&#8243; _module_preset=&#8221;default&#8221; global_colors_info=&#8221;{}&#8221;][\/et_pb_button][\/et_pb_column][et_pb_column type=&#8221;1_3&#8243; _builder_version=&#8221;4.16&#8243; _module_preset=&#8221;default&#8221; global_colors_info=&#8221;{}&#8221;][et_pb_blurb title=&#8221;\u00cengrijitor de noapte Genoa&#8221; url=&#8221;https:\/\/www.badantianzianigenova.it\/badante-notturna-genova-veglia-notturna-ospedale\/&#8221; use_icon=&#8221;on&#8221; font_icon=&#8221;\ue009||divi||400&#8243; _builder_version=&#8221;4.16&#8243; _module_preset=&#8221;default&#8221; link_option_url=&#8221;https:\/\/www.badantianzianigenova.it\/badante-notturna-genova-veglia-notturna-ospedale\/&#8221; global_colors_info=&#8221;{}&#8221;]<\/p>\n<p><a href=\"https:\/\/www.badantianzianigenova.it\/badante-notturna-genova-veglia-notturna-ospedale\/\">Cooperativa<\/a> noastr\u0103 este capabil\u0103 s\u0103 sprijine familiile care se confrunt\u0103 cu o astfel de situa\u021bie, cu operatori califica\u021bi, de \u00eencredere \u0219i profesioni\u0219ti. Asigurarea \u00eengrijirii de noapte necesit\u0103 aptitudini \u0219i caracteristici personale specifice.<\/p>\n<p>[\/et_pb_blurb][et_pb_button button_url=&#8221;https:\/\/www.badantianzianigenova.it\/badante-notturna-genova-veglia-notturna-ospedale&#8221; button_text=&#8221;Scopri di pi\u00f9&#8221; _builder_version=&#8221;4.16&#8243; _module_preset=&#8221;default&#8221; global_colors_info=&#8221;{}&#8221;][\/et_pb_button][\/et_pb_column][et_pb_column type=&#8221;1_3&#8243; _builder_version=&#8221;4.16&#8243; _module_preset=&#8221;default&#8221; global_colors_info=&#8221;{}&#8221;][et_pb_blurb title=&#8221;\u00cengrijitori califica\u021bi Genoa&#8221; url=&#8221;https:\/\/www.badantianzianigenova.it\/badanti-qualificate-genova\/&#8221; use_icon=&#8221;on&#8221; font_icon=&#8221;\ue021||divi||400&#8243; _builder_version=&#8221;4.16&#8243; _module_preset=&#8221;default&#8221; global_colors_info=&#8221;{}&#8221;]<\/p>\n<p>Angelus Genova ofer\u0103 servicii de \u00eengrijire a persoanelor v\u00e2rstnice, \u00eengrijitor de zi \u0219i de noapte sau \u00eengrijitor care locuie\u0219te \u00een cas\u0103.<br \/>\u00centoarce\u021bi-v\u0103 la una dintre loca\u021biile ANGELUS, ve\u021bi g\u0103si disponibilitatea \u0219i competen\u021ba \u00eengrijitorilor no\u0219tri pentru membrii familiei dumneavoastr\u0103.<\/p>\n<p>[\/et_pb_blurb][et_pb_button button_url=&#8221;https:\/\/www.badantianzianigenova.it\/badanti-qualificate-genova\/&#8221; button_text=&#8221;Scopri di pi\u00f9&#8221; _builder_version=&#8221;4.16&#8243; _module_preset=&#8221;default&#8221; global_colors_info=&#8221;{}&#8221;][\/et_pb_button][\/et_pb_column][\/et_pb_row][et_pb_row _builder_version=&#8221;4.16&#8243; global_colors_info=&#8221;{}&#8221;][et_pb_column type=&#8221;4_4&#8243; _builder_version=&#8221;4.16&#8243; custom_padding=&#8221;|||&#8221; global_colors_info=&#8221;{}&#8221; custom_padding__hover=&#8221;|||&#8221;][et_pb_text _builder_version=&#8221;4.16&#8243; global_colors_info=&#8221;{}&#8221;]<\/p>\n<h3 class=\"heading-style-3 visible-first\">NE <span class=\"item_title_part_3 item_title_part_even item_title_part_first_half\">OCUP\u0102M<\/span> <span class=\"item_title_part_4 item_title_part_odd item_title_part_second_half\">DE<\/span> <span class=\"item_title_part_6 item_title_part_odd item_title_part_second_half item_title_part_last\">NEVOILE<\/span> <span class=\"item_title_part_5 item_title_part_even item_title_part_second_half\">DUMNEAVOASTR\u0102<\/span> <span class=\"item_title_part_6 item_title_part_odd item_title_part_second_half item_title_part_last\">\u00ceN GENOA \u0218I PROVINCIE<\/span><\/h3>\n<p>Angelus Genova ofer\u0103 servicii de \u00eengrijire a persoanelor v\u00e2rstnice, \u00eengrijitor de zi \u0219i de noapte sau \u00eengrijitor care locuie\u0219te \u00een cas\u0103.<br \/>\nDac\u0103 v\u0103 adresa\u021bi unuia dintre birourile ANGELUS, ve\u021bi g\u0103si disponibilitatea \u0219i expertiza consilierilor Angelus Family Advisors, care v\u0103 vor ajuta cu nevoile dumneavoastr\u0103 de \u00eengrijire. \u00cengrijitori pentru v\u00e2rstnici \u0219i familii Genova<br \/>\n[\/et_pb_text][\/et_pb_column][\/et_pb_row][\/et_pb_section][et_pb_section fb_built=&#8221;1&#8243; _builder_version=&#8221;4.16&#8243; global_colors_info=&#8221;{}&#8221;][et_pb_row column_structure=&#8221;1_4,3_4&#8243; _builder_version=&#8221;4.16&#8243; global_colors_info=&#8221;{}&#8221;][et_pb_column type=&#8221;1_4&#8243; _builder_version=&#8221;4.16&#8243; global_colors_info=&#8221;{}&#8221;][et_pb_image src=&#8221;https:\/\/www.badantianzianigenova.it\/wp-content\/uploads\/2021\/05\/page-1_img03.jpg&#8221; alt=&#8221;Agenzia Badanti Genova Consorzio Angelus&#8221; title_text=&#8221;Agenzia Badanti Genova  &#8221; _builder_version=&#8221;4.16&#8243; global_colors_info=&#8221;{}&#8221;][\/et_pb_image][\/et_pb_column][et_pb_column type=&#8221;3_4&#8243; _builder_version=&#8221;4.16&#8243; global_colors_info=&#8221;{}&#8221;][et_pb_text _builder_version=&#8221;4.16&#8243; global_colors_info=&#8221;{}&#8221;]<\/p>\n<h3>\u00cengrijitori pentru persoanele \u00een v\u00e2rst\u0103 Genoa<\/h3>\n<p>Consilierul nostru pentru familie v\u0103 va asculta nevoile \u0219i va selecta candida\u021bii potrivi\u021bi pentru dumneavoastr\u0103. Acesta v\u0103 va oferi \u00eent\u00e2lniri cognitive cu candida\u021bii \u0219i v\u0103 va ajuta s\u0103 alege\u021bi candidatul potrivit. \u00cen Genova \u0219i \u00een provincia sa<\/p>\n<p>Cu noi, ve\u021bi cunoa\u0219te imediat costurile lunare \u0219i formalit\u0103\u021bile necesare pentru angajarea \u0219i serviciile unui \u00eengrijitor din Genova.<\/p>\n<p>Consultantul nostru de familie de la APiCi Genoa va fi \u00eentotdeauna al\u0103turi de dumneavoastr\u0103 \u00een gestionarea rela\u021biei de munc\u0103 dintre dumneavoastr\u0103 \u0219i lucr\u0103torul angajat. V\u0103 vom sprijini \u00een rapoartele dumneavoastr\u0103, ocup\u00e2ndu-ne de gestionarea securit\u0103\u021bii sociale, de la recrutare p\u00e2n\u0103 la \u00eencetarea contractului.<br \/>\n[\/et_pb_text][\/et_pb_column][\/et_pb_row][\/et_pb_section][et_pb_section fb_built=&#8221;1&#8243; admin_label=&#8221;Sezione&#8221; _builder_version=&#8221;4.14.4&#8243; _module_preset=&#8221;default&#8221; global_module=&#8221;2020&#8243; global_colors_info=&#8221;{}&#8221;][et_pb_row column_structure=&#8221;1_2,1_2&#8243; _builder_version=&#8221;4.16&#8243; _module_preset=&#8221;default&#8221; global_colors_info=&#8221;{}&#8221;][et_pb_column type=&#8221;1_2&#8243; _builder_version=&#8221;4.16&#8243; _module_preset=&#8221;default&#8221; global_colors_info=&#8221;{}&#8221;][et_pb_contact_form captcha=&#8221;off&#8221; email=&#8221;genova@consorzioangelus.com&#8221; title=&#8221;Contacta\u021bi-ne acum&#8221; success_message=&#8221;Grazie per averci contattato&#8221; submit_button_text=&#8221;Invia ora&#8221; _builder_version=&#8221;4.21.0&#8243; _module_preset=&#8221;default&#8221; _unique_id=&#8221;770ee0a6-51c1-49bb-ac49-a022bdbe3aeb&#8221; title_level=&#8221;h3&#8243; global_colors_info=&#8221;{}&#8221;][et_pb_contact_field field_id=&#8221;Name&#8221; field_title=&#8221;Nome&#8221; _builder_version=&#8221;4.16&#8243; global_colors_info=&#8221;{}&#8221; button_text_size__hover_enabled=&#8221;off&#8221; button_one_text_size__hover_enabled=&#8221;off&#8221; button_two_text_size__hover_enabled=&#8221;off&#8221; button_text_color__hover_enabled=&#8221;off&#8221; button_one_text_color__hover_enabled=&#8221;off&#8221; button_two_text_color__hover_enabled=&#8221;off&#8221; button_border_width__hover_enabled=&#8221;off&#8221; button_one_border_width__hover_enabled=&#8221;off&#8221; button_two_border_width__hover_enabled=&#8221;off&#8221; button_border_color__hover_enabled=&#8221;off&#8221; button_one_border_color__hover_enabled=&#8221;off&#8221; button_two_border_color__hover_enabled=&#8221;off&#8221; button_border_radius__hover_enabled=&#8221;off&#8221; button_one_border_radius__hover_enabled=&#8221;off&#8221; button_two_border_radius__hover_enabled=&#8221;off&#8221; button_letter_spacing__hover_enabled=&#8221;off&#8221; button_one_letter_spacing__hover_enabled=&#8221;off&#8221; button_two_letter_spacing__hover_enabled=&#8221;off&#8221; button_bg_color__hover_enabled=&#8221;off&#8221; button_one_bg_color__hover_enabled=&#8221;off&#8221; button_two_bg_color__hover_enabled=&#8221;off&#8221;][\/et_pb_contact_field][et_pb_contact_field field_id=&#8221;Email&#8221; field_title=&#8221;Indirizzo e-mail&#8221; field_type=&#8221;email&#8221; _builder_version=&#8221;4.16&#8243; global_colors_info=&#8221;{}&#8221; button_text_size__hover_enabled=&#8221;off&#8221; button_one_text_size__hover_enabled=&#8221;off&#8221; button_two_text_size__hover_enabled=&#8221;off&#8221; button_text_color__hover_enabled=&#8221;off&#8221; button_one_text_color__hover_enabled=&#8221;off&#8221; button_two_text_color__hover_enabled=&#8221;off&#8221; button_border_width__hover_enabled=&#8221;off&#8221; button_one_border_width__hover_enabled=&#8221;off&#8221; button_two_border_width__hover_enabled=&#8221;off&#8221; button_border_color__hover_enabled=&#8221;off&#8221; button_one_border_color__hover_enabled=&#8221;off&#8221; button_two_border_color__hover_enabled=&#8221;off&#8221; button_border_radius__hover_enabled=&#8221;off&#8221; button_one_border_radius__hover_enabled=&#8221;off&#8221; button_two_border_radius__hover_enabled=&#8221;off&#8221; button_letter_spacing__hover_enabled=&#8221;off&#8221; button_one_letter_spacing__hover_enabled=&#8221;off&#8221; button_two_letter_spacing__hover_enabled=&#8221;off&#8221; button_bg_color__hover_enabled=&#8221;off&#8221; button_one_bg_color__hover_enabled=&#8221;off&#8221; button_two_bg_color__hover_enabled=&#8221;off&#8221;][\/et_pb_contact_field][et_pb_contact_field field_id=&#8221;Message&#8221; field_title=&#8221;Messaggio&#8221; field_type=&#8221;text&#8221; fullwidth_field=&#8221;on&#8221; _builder_version=&#8221;4.16&#8243; global_colors_info=&#8221;{}&#8221; button_text_size__hover_enabled=&#8221;off&#8221; button_one_text_size__hover_enabled=&#8221;off&#8221; button_two_text_size__hover_enabled=&#8221;off&#8221; button_text_color__hover_enabled=&#8221;off&#8221; button_one_text_color__hover_enabled=&#8221;off&#8221; button_two_text_color__hover_enabled=&#8221;off&#8221; button_border_width__hover_enabled=&#8221;off&#8221; button_one_border_width__hover_enabled=&#8221;off&#8221; button_two_border_width__hover_enabled=&#8221;off&#8221; button_border_color__hover_enabled=&#8221;off&#8221; button_one_border_color__hover_enabled=&#8221;off&#8221; button_two_border_color__hover_enabled=&#8221;off&#8221; button_border_radius__hover_enabled=&#8221;off&#8221; button_one_border_radius__hover_enabled=&#8221;off&#8221; button_two_border_radius__hover_enabled=&#8221;off&#8221; button_letter_spacing__hover_enabled=&#8221;off&#8221; button_one_letter_spacing__hover_enabled=&#8221;off&#8221; button_two_letter_spacing__hover_enabled=&#8221;off&#8221; button_bg_color__hover_enabled=&#8221;off&#8221; button_one_bg_color__hover_enabled=&#8221;off&#8221; button_two_bg_color__hover_enabled=&#8221;off&#8221;][\/et_pb_contact_field][\/et_pb_contact_form][\/et_pb_column][et_pb_column type=&#8221;1_2&#8243; _builder_version=&#8221;4.16&#8243; _module_preset=&#8221;default&#8221; global_colors_info=&#8221;{}&#8221;][et_pb_map address=&#8221;Via Al Ponte Reale 1 Genova&#8221; address_lat=&#8221;44.409344908399&#8243; address_lng=&#8221;8.9293955854588&#8243; _builder_version=&#8221;4.16&#8243; _module_preset=&#8221;default&#8221; global_colors_info=&#8221;{}&#8221;][et_pb_map_pin title=&#8221;Consorzio Angelus Genova&#8221; pin_address=&#8221;Via Al Ponte Reale, 1, 16124 Genova GE, Italia&#8221; pin_address_lat=&#8221;44.4092946&#8243; pin_address_lng=&#8221;8.9293514&#8243; _builder_version=&#8221;4.14.4&#8243; _module_preset=&#8221;default&#8221; global_colors_info=&#8221;{}&#8221;][\/et_pb_map_pin][\/et_pb_map][\/et_pb_column][\/et_pb_row][\/et_pb_section][et_pb_section fb_built=&#8221;1&#8243; _builder_version=&#8221;4.16&#8243; _module_preset=&#8221;default&#8221; global_colors_info=&#8221;{}&#8221;][et_pb_row _builder_version=&#8221;4.16&#8243; global_colors_info=&#8221;{}&#8221;][et_pb_column type=&#8221;4_4&#8243; _builder_version=&#8221;4.16&#8243; global_colors_info=&#8221;{}&#8221;][et_pb_text _builder_version=&#8221;4.21.0&#8243; global_colors_info=&#8221;{}&#8221;]<\/p>\n<h2>Consorzio Angelus, agen\u021bia dumneavoastr\u0103 de \u00eencredere pentru \u00eengrijitori din Genova.<\/h2>\n<p>\u00cengrijirea la domiciliu poate fi o op\u021biune avantajoas\u0103 pentru cei care au nevoie de \u00eengrijire pe termen lung, dar nu doresc s\u0103 renun\u021be la independen\u021ba \u0219i intimitatea lor. Atunci c\u00e2nd decide\u021bi s\u0103 angaja\u021bi un \u00eengrijitor, pute\u021bi alege s\u0103 o face\u021bi prin intermediul unei agen\u021bii specializate \u00een servicii de \u00eengrijire la domiciliu.<\/p>\n<p>\u00cen acest articol, vom vedea de ce angajarea unui \u00eengrijitor prin intermediul unei agen\u021bii din Genova poate fi alegerea potrivit\u0103 pentru multe familii.<\/p>\n<p>1. <strong>Profesioni\u0219ti cu \u00eenalt\u0103 calificare<\/strong><\/p>\n<p>Agen\u021biile de \u00eengrijire la domiciliu din Genova selecteaz\u0103 \u00eengrijitori cu \u00eenalt\u0103 calificare \u0219i preg\u0103tire. \u00cengrijitorii care lucreaz\u0103 pentru aceste agen\u021bii au, \u00een general, ani de experien\u021b\u0103 \u00een \u00eengrijirea la domiciliu, sunt familiariza\u021bi cu tehnicile de \u00eengrijire a persoanelor cu probleme de s\u0103n\u0103tate \u0219i pot face fa\u021b\u0103 situa\u021biilor de urgen\u021b\u0103.<\/p>\n<p>Agen\u021biile de \u00eengrijire la domiciliu din Genova ofer\u0103, de asemenea, cursuri de formare pentru angaja\u021bii lor pentru a se asigura c\u0103 ace\u0219tia sunt mereu la curent cu cele mai recente tehnici \u0219i practici \u00een domeniul \u00eengrijirii la domiciliu.<\/p>\n<p>2. <strong>O mai mare siguran\u021b\u0103 \u0219i lini\u0219te sufleteasc\u0103<\/strong><\/p>\n<p>Angajarea unui \u00eengrijitor prin intermediul unei agen\u021bii din Genova poate oferi mai mult\u0103 siguran\u021b\u0103 \u0219i lini\u0219te sufleteasc\u0103. Agen\u021biile de \u00eengrijire la domiciliu efectueaz\u0103 verific\u0103ri ale antecedentelor angaja\u021bilor lor \u0219i monitorizeaz\u0103 \u00een mod regulat comportamentul acestora pentru a se asigura c\u0103 \u00eendeplinesc standardele profesionale \u0219i comportamentale.<\/p>\n<p>\u00cen plus, agen\u021biile de \u00eengrijire la domiciliu ofer\u0103 asigur\u0103ri pentru \u00eengrijitorii care lucreaz\u0103 pentru ele, oferind protec\u021bie clien\u021bilor lor \u00een caz de accidente sau r\u0103niri \u00een timpul serviciului.<\/p>\n<p>3. <strong>Flexibilitatea \u0219i personalizarea serviciilor<\/strong><\/p>\n<p>Agen\u021biile de \u00eengrijire la domiciliu din Genova ofer\u0103 servicii personalizate \u0219i flexibile pentru a r\u0103spunde nevoilor specifice ale clien\u021bilor lor. Pute\u021bi alege momentul \u0219i durata \u00eengrijirii la domiciliu \u0219i pute\u021bi decide ce activit\u0103\u021bi va desf\u0103\u0219ura \u00eengrijitorul \u00een timpul \u0219ederii sale.<\/p>\n<p>\u00cen plus, agen\u021biile de \u00eengrijire la domiciliu pot oferi \u00eengrijire pe termen scurt sau pe termen lung, \u00een func\u021bie de nevoile clientului.<\/p>\n<p>4. <strong>Asisten\u021b\u0103 \u0219i sprijin continuu<\/strong><\/p>\n<p>Agen\u021biile de \u00eengrijire la domiciliu din Genova ofer\u0103 asisten\u021b\u0103 \u0219i sprijin continuu clien\u021bilor \u0219i \u00eengrijitorilor acestora. \u00cen caz de urgen\u021b\u0103 sau de evenimente neprev\u0103zute, agen\u021biile sunt \u00eentotdeauna disponibile pentru a oferi asisten\u021b\u0103 \u0219i a rezolva orice problem\u0103.<\/p>\n<p>\u00cen plus, agen\u021biile de \u00eengrijire la domiciliu din Genova ofer\u0103 servicii de \u00eenlocuire pentru \u00eengrijitorii care nu pot lucra din cauza bolii sau din alte motive.<\/p>\n<p>5. <strong>Economisirea timpului \u0219i a stresului<\/strong><\/p>\n<p>Angajarea unui \u00eengrijitor prin intermediul unei agen\u021bii din Genova v\u0103 poate ajuta s\u0103 economisi\u021bi timp \u0219i stres. Agen\u021biile de \u00eengrijire la domiciliu se ocup\u0103 de toat\u0103 gestionarea personalului, inclusiv de selec\u021bie, formare, verific\u0103ri de conduit\u0103 \u0219i gestionarea problemelor birocratice.<\/p>\n<p>[\/et_pb_text][et_pb_text _builder_version=&#8221;4.21.0&#8243; _module_preset=&#8221;default&#8221; global_colors_info=&#8221;{}&#8221;]<\/p>\n<div id=\"1187269228\" class=\"u_1187269228 dmNewParagraph\" data-dmtmpl=\"true\" data-element-type=\"paragraph\" data-version=\"5\" data-uialign=\"left\" data-anim-desktop=\"fadeInUp\">\n<h2>Consorzio Angelus Serviciul de asisten\u021b\u0103 \u0219i \u00eengrijire a persoanelor v\u00e2rstnice Genova<\/h2>\n<\/div>\n<div id=\"1088972914\" class=\"u_1088972914 dmNewParagraph\" data-dmtmpl=\"true\" data-element-type=\"paragraph\" data-version=\"5\" data-uialign=\"left\">\n<p><span class=\"\">Agenzia Badanti Genova Assistenza Badanti anziani e disabili \u00ee\u0219i desf\u0103\u0219oar\u0103 activitatea pe teritoriul Liguriei, orient\u00e2ndu-\u0219i interven\u021biile de asisten\u021b\u0103 social\u0103 \u00een principal c\u0103tre utilizatori precum: persoanele \u00een v\u00e2rst\u0103, bolnavii \u0219i pacien\u021bii cu dizabilit\u0103\u021bi psiho-fizice temporare.<\/span><\/p>\n<p>Serviciile oferite se adreseaz\u0103 pacien\u021bilor care sufer\u0103 de boli precum: SLA, <a href=\"https:\/\/it.wikipedia.org\/wiki\/Malattia_di_Alzheimer\" target=\"_blank\" rel=\"noopener\">Alzheimer<\/a> <a href=\"https:\/\/it.wikipedia.org\/wiki\/Malattia_di_Parkinson\" target=\"_blank\" rel=\"noopener\">, Parkinson<\/a>, Oncologie, <a href=\"https:\/\/it.wikipedia.org\/wiki\/Sclerosi_multipla\" target=\"_blank\" rel=\"noopener\">Scleroz\u0103 multipl\u0103<\/a>, Accident vascular cerebral, boli cardio-pulmonare, boli neurodegenerative sau boli mio-degenerative. Persoanelor v\u00e2rstnice <strong>par\u021bial autosuficiente sau nesuficiente<\/strong> li s-au oferit interven\u021bii multiple \u00een ceea ce prive\u0219te serviciile auxiliare de asisten\u021b\u0103 social\u0103, socializare \u0219i terapie ocupa\u021bional\u0103 de sprijin.<\/p>\n<\/div>\n<p>[\/et_pb_text][\/et_pb_column][\/et_pb_row][\/et_pb_section][et_pb_section fb_built=&#8221;1&#8243; admin_label=&#8221;section&#8221; _builder_version=&#8221;4.16&#8243; global_colors_info=&#8221;{}&#8221;][et_pb_row _builder_version=&#8221;4.16&#8243; global_colors_info=&#8221;{}&#8221;][et_pb_column type=&#8221;4_4&#8243; _builder_version=&#8221;4.16&#8243; global_colors_info=&#8221;{}&#8221;][et_pb_image src=&#8221;https:\/\/www.badantianzianigenova.it\/wp-content\/uploads\/2021\/09\/ContributiBadanti.png&#8221; title_text=&#8221;ContributiBadanti&#8221; _builder_version=&#8221;4.16&#8243; background_color=&#8221;#a0a0a0&#8243; global_colors_info=&#8221;{}&#8221;][\/et_pb_image][et_pb_portfolio posts_number=&#8221;4&#8243; include_categories=&#8221;all&#8221; show_categories=&#8221;off&#8221; show_pagination=&#8221;off&#8221; _builder_version=&#8221;4.16&#8243; _module_preset=&#8221;default&#8221; global_colors_info=&#8221;{}&#8221;][\/et_pb_portfolio][\/et_pb_column][\/et_pb_row][\/et_pb_section]<\/p>\n","protected":false},"excerpt":{"rendered":"<p>G\u0103se\u0219te-\u021bi \u00eengrijitorul de \u00eencredere cu noi. Noi gestion\u0103m contractul, salariile \u0219i contribu\u021biile. \u00cengrijitor de convie\u021buire, \u00cengrijitor de noapte, \u00cengrijitor de b\u0103tr\u00e2ni \u0219i persoane cu dizabilit\u0103\u021bi. \u00cen Genova, Recco, Camogli, Arenziano. Pentru c\u0103 este mult mai mult dec\u00e2t o simpl\u0103 agen\u021bie de \u00eengrijire \u00een Genova.Cooperativa noastr\u0103 este capabil\u0103 s\u0103 sprijine familiile care se confrunt\u0103 cu o [&hellip;]<\/p>\n","protected":false},"author":68,"featured_media":3887,"parent":0,"menu_order":0,"comment_status":"closed","ping_status":"closed","template":"","meta":{"_acf_changed":false,"googlesitekit_rrm_CAowmdjEDA:productID":"","_et_pb_use_builder":"on","_et_pb_old_content":"","_et_gb_content_width":"","inline_featured_image":false,"footnotes":""},"class_list":["post-4072","page","type-page","status-publish","has-post-thumbnail","hentry"],"acf":[],"jetpack-related-posts":[],"_links":{"self":[{"href":"https:\/\/www.badantianzianigenova.it\/ro\/wp-json\/wp\/v2\/pages\/4072","targetHints":{"allow":["GET"]}}],"collection":[{"href":"https:\/\/www.badantianzianigenova.it\/ro\/wp-json\/wp\/v2\/pages"}],"about":[{"href":"https:\/\/www.badantianzianigenova.it\/ro\/wp-json\/wp\/v2\/types\/page"}],"author":[{"embeddable":true,"href":"https:\/\/www.badantianzianigenova.it\/ro\/wp-json\/wp\/v2\/users\/68"}],"replies":[{"embeddable":true,"href":"https:\/\/www.badantianzianigenova.it\/ro\/wp-json\/wp\/v2\/comments?post=4072"}],"version-history":[{"count":0,"href":"https:\/\/www.badantianzianigenova.it\/ro\/wp-json\/wp\/v2\/pages\/4072\/revisions"}],"wp:featuredmedia":[{"embeddable":true,"href":"https:\/\/www.badantianzianigenova.it\/ro\/wp-json\/wp\/v2\/media\/3887"}],"wp:attachment":[{"href":"https:\/\/www.badantianzianigenova.it\/ro\/wp-json\/wp\/v2\/media?parent=4072"}],"curies":[{"name":"wp","href":"https:\/\/api.w.org\/{rel}","templated":true}]}}