{"id":4112,"date":"2021-12-21T06:30:36","date_gmt":"2021-12-21T05:30:36","guid":{"rendered":"https:\/\/www.badantianzianigenova.it\/ingrijitor-de-noapte-genoa-night-vigil-spitalul-de-noapte\/"},"modified":"2023-06-13T09:47:18","modified_gmt":"2023-06-13T07:47:18","slug":"ingrijitor-de-noapte-genoa-night-vigil-spitalul-de-noapte","status":"publish","type":"page","link":"https:\/\/www.badantianzianigenova.it\/ro\/ingrijitor-de-noapte-genoa-night-vigil-spitalul-de-noapte\/","title":{"rendered":"\u00cengrijitor de noapte Genoa Night Vigil Spitalul de noapte"},"content":{"rendered":"<p>[et_pb_section fb_built=&#8221;1&#8243; fullwidth=&#8221;on&#8221; _builder_version=&#8221;4.21.0&#8243; _module_preset=&#8221;default&#8221; global_colors_info=&#8221;{}&#8221;][et_pb_fullwidth_post_title _builder_version=&#8221;4.21.0&#8243; _module_preset=&#8221;default&#8221; global_colors_info=&#8221;{}&#8221;][\/et_pb_fullwidth_post_title][et_pb_fullwidth_header title=&#8221;\u00cengrijitor de noapte Genoa&#8221; subhead=&#8221;Genoa Night Care Agency&#8221; button_one_text=&#8221;3385877021&#8243; button_one_url=&#8221;  tel:3385877021&#8243; button_two_text=&#8221;genova@consorzioangelus.com&#8221; logo_image_url=&#8221;https:\/\/www.badantianzianigenova.it\/wp-content\/uploads\/2021\/05\/unnamed.png&#8221; logo_alt_text=&#8221;  Agen\u021bia Badanti Genova Il Sorriso&#8221; logo_title=&#8221;  Agen\u021bia Badanti Genova Cooperativa il Sorriso  &#8221; header_image_url=&#8221;https:\/\/www.badantianzianigenova.it\/wp-content\/uploads\/2021\/12\/headercontentbg2.png&#8221; image_alt_text=&#8221; Agenzia Badanti Genova Assistenza Anziani&#8221; image_title=&#8221; Agenzia Badanti Genova Baddanti Qualificate&#8221; _builder_version=&#8221;4.21.0&#8243; title_level=&#8221;h2&#8243; content_text_align=&#8221;left&#8221; background_color=&#8221;#00278c&#8221; custom_button_one=&#8221;on&#8221; button_one_text_color=&#8221;#0C71C3&#8243; button_one_bg_color=&#8221;#FFFFFF&#8221; button_one_border_color=&#8221;#FFFFFF&#8221; button_one_border_radius=&#8221;20px&#8221; button_one_font=&#8221;||||||||&#8221; button_one_icon=&#8221;\ue00b||divi||400&#8243; button_one_icon_color=&#8221;#7CDA24&#8243; button_one_icon_placement=&#8221;left&#8221; button_one_on_hover=&#8221;off&#8221; custom_button_two=&#8221;on&#8221; button_two_text_color=&#8221;#0C71C3&#8243; button_two_bg_color=&#8221;#FFFFFF&#8221; button_two_border_color=&#8221;#7CDA24&#8243; button_two_border_radius=&#8221;21px&#8221; button_two_font=&#8221;||||||||&#8221; button_two_icon=&#8221;\ue010||divi||400&#8243; button_two_icon_color=&#8221;#7CDA24&#8243; button_two_icon_placement=&#8221;left&#8221; button_two_on_hover=&#8221;off&#8221; global_colors_info=&#8221;{}&#8221;][\/et_pb_fullwidth_header][\/et_pb_section][et_pb_section fb_built=&#8221;1&#8243; _builder_version=&#8221;4.16&#8243; min_height=&#8221;228px&#8221; custom_margin=&#8221;||-116px|||&#8221; global_colors_info=&#8221;{}&#8221;][et_pb_row column_structure=&#8221;1_3,1_3,1_3&#8243; _builder_version=&#8221;4.16&#8243; _module_preset=&#8221;default&#8221; global_colors_info=&#8221;{}&#8221;][et_pb_column type=&#8221;1_3&#8243; _builder_version=&#8221;4.16&#8243; _module_preset=&#8221;default&#8221; global_colors_info=&#8221;{}&#8221;][et_pb_blurb title=&#8221;Vigilia de noapte Genova&#8221; image=&#8221;https:\/\/www.badantianzianigenova.it\/wp-content\/uploads\/2021\/05\/page-1_img03.jpg&#8221; alt=&#8221;\u00cengrijitori de b\u0103tr\u00e2ni Genoa &#8211; \u00cengrijire b\u0103tr\u00e2ni Genoa&#8221; _builder_version=&#8221;4.16&#8243; _module_preset=&#8221;default&#8221; box_shadow_style_image=&#8221;preset2&#8243; global_colors_info=&#8221;{}&#8221;]<\/p>\n<p><a href=\"https:\/\/www.angelussavona.it\" target=\"_blank\" rel=\"noopener\">Cooperativa<\/a> noastr\u0103 este capabil\u0103 s\u0103 sprijine familiile care se confrunt\u0103 cu o astfel de situa\u021bie, cu operatori califica\u021bi, de \u00eencredere \u0219i profesioni\u0219ti. Asigurarea \u00eengrijirii de noapte necesit\u0103 aptitudini \u0219i caracteristici personale specifice.<\/p>\n<p>[\/et_pb_blurb][\/et_pb_column][et_pb_column type=&#8221;1_3&#8243; _builder_version=&#8221;4.16&#8243; _module_preset=&#8221;default&#8221; global_colors_info=&#8221;{}&#8221;][et_pb_blurb title=&#8221;\u00cengrijire de noapte pentru persoanele \u00een v\u00e2rst\u0103&#8221; image=&#8221;https:\/\/www.badantianzianigenova.it\/wp-content\/uploads\/2021\/12\/veglia-notturna-anziani.jpg&#8221; alt=&#8221;\u00cengrijire de noapte pentru persoanele \u00een v\u00e2rst\u0103&#8221; _builder_version=&#8221;4.16&#8243; _module_preset=&#8221;default&#8221; box_shadow_style_image=&#8221;preset1&#8243; global_colors_info=&#8221;{}&#8221;]<\/p>\n<p>Persoanele \u00een v\u00e2rst\u0103, din p\u0103cate, se confrunt\u0103 cu o schimbare a ritmului somn-veghe, care le afecteaz\u0103 negativ somnul.<br \/>\nAceast\u0103 schimbare depinde de motive legate de \u00eemb\u0103tr\u00e2nirea natural\u0103 a organismului \u0219i\/sau de boli.<\/p>\n<p>[\/et_pb_blurb][\/et_pb_column][et_pb_column type=&#8221;1_3&#8243; _builder_version=&#8221;4.16&#8243; _module_preset=&#8221;default&#8221; global_colors_info=&#8221;{}&#8221;][et_pb_blurb title=&#8221;\u00cengrijitor de noapte Genoa&#8221; image=&#8221;https:\/\/www.badantianzianigenova.it\/wp-content\/uploads\/2021\/12\/Badante-notturna.jpg&#8221; alt=&#8221;\u00cengrijitor de noapte Genoa&#8221; _builder_version=&#8221;4.16&#8243; _module_preset=&#8221;default&#8221; box_shadow_style_image=&#8221;preset1&#8243; global_colors_info=&#8221;{}&#8221;]<\/p>\n<p>\u00cengrijitorii no\u0219tri pot lucra \u00een toate spitalele, centrele reziden\u021biale \u0219i clinicile private din zona Genova. Pute\u021bi solicita serviciile noastre pentru a v\u0103 asista persoana iubit\u0103 internat\u0103,<\/p>\n<p>[\/et_pb_blurb][\/et_pb_column][\/et_pb_row][et_pb_row _builder_version=&#8221;4.16&#8243; global_colors_info=&#8221;{}&#8221;][et_pb_column type=&#8221;4_4&#8243; _builder_version=&#8221;4.16&#8243; custom_padding=&#8221;|||&#8221; global_colors_info=&#8221;{}&#8221; custom_padding__hover=&#8221;|||&#8221;][et_pb_text _builder_version=&#8221;4.16&#8243; global_colors_info=&#8221;{}&#8221;]<\/p>\n<h3 class=\"heading-style-3 visible-first\">NE <span class=\"item_title_part_3 item_title_part_even item_title_part_first_half\">OCUP\u0102M<\/span> <span class=\"item_title_part_4 item_title_part_odd item_title_part_second_half\">DE<\/span> <span class=\"item_title_part_6 item_title_part_odd item_title_part_second_half item_title_part_last\">NEVOILE<\/span> <span class=\"item_title_part_5 item_title_part_even item_title_part_second_half\">DUMNEAVOASTR\u0102<\/span> <span class=\"item_title_part_6 item_title_part_odd item_title_part_second_half item_title_part_last\">\u00ceN GENOA \u0218I PROVINCIE<\/span><\/h3>\n<p>Angelus Genova ofer\u0103 servicii de \u00eengrijire a persoanelor v\u00e2rstnice, \u00eengrijitor de zi \u0219i de noapte sau \u00eengrijitor care locuie\u0219te \u00een cas\u0103.<br \/>\nDac\u0103 v\u0103 adresa\u021bi unuia dintre birourile ANGELUS, ve\u021bi g\u0103si disponibilitatea \u0219i expertiza consilierilor Angelus Family Advisors, care v\u0103 vor ajuta cu nevoile dumneavoastr\u0103 de \u00eengrijire. \u00cengrijitori pentru v\u00e2rstnici \u0219i familii Genova<\/p>\n<p>[\/et_pb_text][\/et_pb_column][\/et_pb_row][\/et_pb_section][et_pb_section fb_built=&#8221;1&#8243; _builder_version=&#8221;4.16&#8243; global_colors_info=&#8221;{}&#8221;][et_pb_row column_structure=&#8221;1_4,3_4&#8243; _builder_version=&#8221;4.16&#8243; global_colors_info=&#8221;{}&#8221;][et_pb_column type=&#8221;1_4&#8243; _builder_version=&#8221;4.16&#8243; global_colors_info=&#8221;{}&#8221;][et_pb_image src=&#8221;https:\/\/www.badantianzianigenova.it\/wp-content\/uploads\/2021\/12\/Assistenza-notturna-anziani.jpg&#8221; alt=&#8221;\u00cengrijire de noapte pentru persoanele \u00een v\u00e2rst\u0103 \u00een Genova&#8221; title_text=&#8221;\u00cengrijire de noapte &#8211; b\u0103tr\u00e2ni&#8221; _builder_version=&#8221;4.16&#8243; global_colors_info=&#8221;{}&#8221;][\/et_pb_image][\/et_pb_column][et_pb_column type=&#8221;3_4&#8243; _builder_version=&#8221;4.16&#8243; global_colors_info=&#8221;{}&#8221;][et_pb_text _builder_version=&#8221;4.16&#8243; global_colors_info=&#8221;{}&#8221;]<\/p>\n<h3>\u00cengrijitor de noapte Genoa, \u00cengrijire de noapte pentru v\u00e2rstnici Genoa<\/h3>\n<p>Persoanele \u00een v\u00e2rst\u0103, din p\u0103cate, se confrunt\u0103 cu o schimbare a ritmului somn-veghe, care le afecteaz\u0103 negativ somnul.<br \/>\nAceast\u0103 schimbare se datoreaz\u0103 unor motive legate de \u00eemb\u0103tr\u00e2nirea natural\u0103 a organismului (cum ar fi produc\u021bia redus\u0103 de hormoni care regleaz\u0103 somnul, nevoia de a merge mai des la baie, sensibilitatea crescut\u0103 la zgomotul din mediul \u00eenconjur\u0103tor) \u0219i\/sau boli, adesea cronice, care, din cauza simptomelor lor sau a efectelor secundare generate de medicamente, perturb\u0103 somnul persoanelor \u00een v\u00e2rst\u0103.<\/p>\n<p>Serviciul de \u00eengrijire de noapte pentru b\u0103tr\u00e2ni \u0219i bolnavi este esen\u021bial pentru multe familii care sunt capabile s\u0103 aib\u0103 grij\u0103 de cei dragi \u00een timpul zilei, dar au nevoie de <strong>ajutor extern pe timp de noapte<\/strong>.<\/p>\n<p>\u00cen cazul \u00een care nu este nevoie de \u00eengrijire permanent\u0103 asigurat\u0103 de o persoan\u0103 care locuie\u0219te la domiciliu, <strong>membrii familiei persoanei v\u00e2rstnice<\/strong> \u00eencearc\u0103 s\u0103 o asiste p\u00e2n\u0103 c\u00e2nd aceasta \u00ee\u0219i recap\u0103t\u0103 independen\u021ba deplin\u0103.<\/p>\n<p>Chiar \u0219i \u00een cazurile de convalescen\u021b\u0103 postoperatorie, atunci c\u00e2nd a avut loc un accident sau o infirmitate care a f\u0103cut ca<strong>persoana \u00een v\u00e2rst\u0103 s\u0103 nu fie capabil\u0103 s\u0103 se descurce singur\u0103<\/strong>, rudele fac tot posibilul pentru a-l ajuta pe cel drag, ocup\u00e2ndu-se de sarcinile obi\u0219nuite \u0219i de toate opera\u021biile necesare pentru a-i reda s\u0103n\u0103tatea.<\/p>\n<p>O situa\u021bie foarte frecvent\u0103 este aceea c\u0103 membrii familiei acoper\u0103 orele de diminea\u021ba p\u00e2n\u0103 seara, deseori alternativ, pentru a oferi tot sprijinul posibil<strong>persoanei v\u00e2rstnice sl\u0103bite \u00een urma unui accident sau a unei boli<\/strong> (c\u0103derile cu fractur\u0103 de \u0219old sau de picior sunt foarte frecvente).<\/p>\n<p>Persoanele bolnave de toate v\u00e2rstele pot avea tulbur\u0103ri de somn. Disconfortul psiho-fizic interfereaz\u0103 foarte mult cu somnul de noapte, motiv pentru care pacien\u021bii se simt foarte bine dac\u0103 au al\u0103turi un \u00eengrijitor care, cu competen\u021b\u0103 \u0219i profesionalism, le poate alina suferin\u021ba. \u00centr-adev\u0103r, persoana bolnav\u0103 este adesea ner\u0103bd\u0103toare, dar \u0219i suferind\u0103, iar lucr\u0103torii califica\u021bi pot fi o prezen\u021b\u0103 valoroas\u0103. \u00cen timpul  <strong>veghe de noapte<\/strong>  \u00eel ajut\u0103 pe rezident s\u0103 g\u0103seasc\u0103 pozi\u021bia cea mai confortabil\u0103, \u00eel mobilizeaz\u0103 pentru a preveni \u00eenro\u0219irea pielii \u0219i apari\u021bia pl\u0103gilor de presiune, \u00eei ofer\u0103 frecvent ap\u0103 pentru a men\u021bine o hidratare adecvat\u0103 a corpului \u0219i a cavit\u0103\u021bii bucale, se asigur\u0103 c\u0103 r\u0103m\u00e2ne curat, \u00eei ofer\u0103 confort \u0219i reasigurare \u0219i \u00eei \u021bine companie. \u00cen plus, dac\u0103 patologia o permite, se pot aplica creme hidratante \u00een timpul igienei de diminea\u021b\u0103, prin masarea \u00eentregului corp \u0219i practicarea gimnasticii pasive a membrelor poate facilita procesul de vindecare.<\/p>\n<p>[\/et_pb_text][\/et_pb_column][\/et_pb_row][et_pb_row _builder_version=&#8221;4.16&#8243; global_colors_info=&#8221;{}&#8221;][et_pb_column type=&#8221;4_4&#8243; _builder_version=&#8221;4.16&#8243; global_colors_info=&#8221;{}&#8221;][et_pb_text _builder_version=&#8221;4.16&#8243; global_colors_info=&#8221;{}&#8221;]<\/p>\n<p><strong>Veghea de noapte \u00een spitalul din Genova<\/strong> este un serviciu organizat de Consorzio Angelus Badanti Notturne Genova \u00een caz de spitalizare, pentru ca membrii familiei s\u0103 nu fie l\u0103sa\u021bi singuri \u00een timpul zilei \u0219i al nop\u021bii. Pe l\u00e2ng\u0103 faptul c\u0103 nu este pl\u0103cut\u0103, \u0219ederea \u00een spital poate fi mai rea dec\u00e2t se a\u0219teapt\u0103 dac\u0103 nu se beneficiaz\u0103 de ajutorul adecvat al unei persoane calificate, instruite \u0219i amabile.<\/p>\n<p>Pe l\u00e2ng\u0103 veghe, supraveghere \u0219i companie, acest tip de asisten\u021b\u0103 este oferit \u0219i pentru necesit\u0103\u021bi precum m\u00e2ncatul, b\u0103utul, ridicarea din pat \u0219i igiena personal\u0103. <strong>Serviciul de veghe de noapte \u00een spitalul<\/strong> din Genova este un sprijin pentru persoana \u0219i familia acesteia, oferit direct \u00een spital, de c\u0103tre \u00eengrijitori, \u00eengrijitori \u0219i lucr\u0103tori socio-medici.<\/p>\n<p>Serviciul este organizat \u00een cel mai scurt timp posibil \u0219i \u00eentotdeauna cu personal calificat, \u00een special pentru <strong>trezirea de noapte \u00een spitalul din Genova<\/strong> sau \u00een unitate, totul pentru a u\u0219ura familia \u00een timpul perioadei de spitalizare.<\/p>\n<p>Asisten\u021ba serve\u0219te pe l\u00e2ng\u0103 veghe, supraveghere \u0219i \u00eenso\u021bire \u0219i ca ajutor practic \u0219i calificat pentru a m\u00e2nca, bea, se ridic\u0103 din pat, igien\u0103 personal\u0103, mersul pe jos. De asemenea, aceast\u0103 \u00eengrijire ofer\u0103 sprijin \u0219i asisten\u021b\u0103 familiei.<\/p>\n<p>Exist\u0103 momente \u00een care, \u00een timpul unei \u0219ederi \u00een spital, este necesar\u0103 prezen\u021ba constant\u0103 a unui membru al familiei care poate ajuta rezidentul s\u0103 desf\u0103\u0219oare activit\u0103\u021bile zilnice normale.<\/p>\n<p>[\/et_pb_text][et_pb_text _builder_version=&#8221;4.16&#8243; _module_preset=&#8221;default&#8221; global_colors_info=&#8221;{}&#8221;]<\/p>\n<div id=\"1187269228\" class=\"u_1187269228 dmNewParagraph\" data-dmtmpl=\"true\" data-element-type=\"paragraph\" data-version=\"5\" data-uialign=\"left\" data-anim-desktop=\"fadeInUp\">\n<h2>Consorzio Angelus Serviciul de asisten\u021b\u0103 \u0219i \u00eengrijire a persoanelor v\u00e2rstnice Genova<\/h2>\n<\/div>\n<div id=\"1088972914\" class=\"u_1088972914 dmNewParagraph\" data-dmtmpl=\"true\" data-element-type=\"paragraph\" data-version=\"5\" data-uialign=\"left\">\n<p><span class=\"\">Asisten\u021ba pentru \u00eengrijitorii de b\u0103tr\u00e2ni \u0219i persoane cu dizabilit\u0103\u021bi din Genova \u00ee\u0219i desf\u0103\u0219oar\u0103 activitatea \u00een regiunea Liguriei, orient\u00e2ndu-\u0219i interven\u021biile socio-asisten\u021biale \u00een principal c\u0103tre utilizatori precum: b\u0103tr\u00e2ni, bolnavi \u0219i pacien\u021bi cu dizabilit\u0103\u021bi psiho-fizice temporare.<\/span><\/p>\n<p>Serviciile oferite se adreseaz\u0103 pacien\u021bilor care sufer\u0103 de boli precum: SLA, Alzheimer, Parkinson, Oncologie, Scleroz\u0103 multipl\u0103, Accident vascular cerebral, boli cardio-pulmonare, boli neurodegenerative sau boli mio-degenerative. Persoanelor v\u00e2rstnice <strong>par\u021bial autosuficiente sau nesuficiente<\/strong> li s-au oferit interven\u021bii multiple \u00een ceea ce prive\u0219te serviciile auxiliare de asisten\u021b\u0103 social\u0103, socializare \u0219i terapie ocupa\u021bional\u0103 de sprijin.<\/p>\n<\/div>\n<p>[\/et_pb_text][\/et_pb_column][\/et_pb_row][et_pb_row _builder_version=&#8221;4.16&#8243; global_colors_info=&#8221;{}&#8221;][et_pb_column type=&#8221;4_4&#8243; _builder_version=&#8221;4.16&#8243; global_colors_info=&#8221;{}&#8221;][et_pb_text _builder_version=&#8221;4.16&#8243; global_colors_info=&#8221;{}&#8221;]<\/p>\n<h3 class=\"heading-style-3 visible-first\"><span class=\"item_title_part_1 item_title_part_even item_title_part_first_half\">NU<\/span> <span class=\"item_title_part_2 item_title_part_odd item_title_part_first_half\">TI<\/span> <span class=\"item_title_part_3 item_title_part_even item_title_part_second_half\">TE LASA<\/span> <span class=\"item_title_part_4 item_title_part_odd item_title_part_second_half\">NICIODAT\u0102<\/span> <span class=\"item_title_part_5 item_title_part_even item_title_part_second_half item_title_part_last\">DOAR <\/span> <\/h3>\n<h2 class=\"heading-style-2 visible-first\"><span class=\"item_title_part_0 item_title_part_odd item_title_part_first_half item_title_part_first\">HAI<\/span> <span class=\"item_title_part_1 item_title_part_even item_title_part_first_half\">ONE<\/span> <span class=\"item_title_part_2 item_title_part_odd item_title_part_first_half\">HOUSEHOLD<\/span> <span class=\"item_title_part_3 item_title_part_even item_title_part_first_half\">DAR<\/span> <span class=\"item_title_part_4 item_title_part_odd item_title_part_second_half\">C\u0102UTARE<\/span> <span class=\"item_title_part_5 item_title_part_even item_title_part_second_half\">AJUTOR<\/span> <span class=\"item_title_part_6 item_title_part_odd item_title_part_second_half\">\u00ceN<\/span> <span class=\"item_title_part_7 item_title_part_even item_title_part_second_half item_title_part_last\">MANAGEMENT?<\/span><\/h2>\n<h3 class=\"heading-style-3 visible-first\">V\u0102 OFERIM <span class=\"item_title_part_12 item_title_part_odd item_title_part_second_half\">DEJA<\/span> <span class=\"item_title_part_4 item_title_part_odd item_title_part_first_half\">\u0218I<\/span> <span class=\"item_title_part_6 item_title_part_odd item_title_part_first_half\">SERVICII<\/span> DE <span class=\"item_title_part_8 item_title_part_odd item_title_part_second_half\">MANAGEMENT DE<\/span> <span class=\"item_title_part_11 item_title_part_even item_title_part_second_half\">PERSONAL<\/span>  <span class=\"item_title_part_13 item_title_part_even item_title_part_second_half item_title_part_last\">ASUMAT. \u00cen Genova \u0219i \u00een provincia sa ne pute\u021bi contacta pentru a angaja sau gestiona \u00cengrijitori pentru v\u00e2rstnici \u00een Genova<\/span><\/h3>\n<p>[\/et_pb_text][\/et_pb_column][\/et_pb_row][et_pb_row _builder_version=&#8221;4.16&#8243; global_colors_info=&#8221;{}&#8221;][et_pb_column type=&#8221;4_4&#8243; _builder_version=&#8221;4.16&#8243; global_colors_info=&#8221;{}&#8221;][et_pb_image src=&#8221;https:\/\/www.badantianzianigenova.it\/wp-content\/uploads\/2021\/09\/ContributiBadanti.png&#8221; title_text=&#8221;Contribu\u021biiBadanti&#8221; _builder_version=&#8221;4.16&#8243; background_color=&#8221;#a0a0a0&#8243; global_colors_info=&#8221;{}&#8221;][\/et_pb_image][et_pb_portfolio posts_number=&#8221;4&#8243; include_categories=&#8221;all&#8221; show_categories=&#8221;off&#8221; show_pagination=&#8221;off&#8221; _builder_version=&#8221;4.16&#8243; _module_preset=&#8221;default&#8221; global_colors_info=&#8221;{}&#8221;][\/et_pb_portfolio][et_pb_text _builder_version=&#8221;4.21.0&#8243; _module_preset=&#8221;default&#8221; hover_enabled=&#8221;0&#8243; sticky_enabled=&#8221;0&#8243;]<\/p>\n<h2>C\u0103utarea \u00eengrijitorului de noapte potrivit \u0219i asisten\u021b\u0103 de noapte complet\u0103<\/h2>\n<h3>Genova Consorzio Angelus Agenzia Badanti<\/h3>\n<p>C\u00e2nd vine vorba de asigurarea \u00eengrijirii adecvate a unei persoane \u00een timpul nop\u021bii, este esen\u021bial s\u0103 ne baz\u0103m pe profesioni\u0219ti califica\u021bi. \u00cen acest context, Consorzio Angelus Agenzia Badanti din Genova se distinge ca o agen\u021bie specializat\u0103 \u00een c\u0103utarea \u0219i recrutarea de \u00eengrijitori de noapte, oferind un serviciu complet \u0219i fiabil.<\/p>\n<p>Figura \u00eengrijitorului de noapte joac\u0103 un rol crucial \u00een \u00eengrijirea persoanelor fragile, v\u00e2rstnice sau cu dizabilit\u0103\u021bi, care au nevoie de \u00eengrijire \u0219i aten\u021bie constant\u0103 chiar \u0219i \u00een timpul nop\u021bii. Acest profesionist are sarcina de a monitoriza \u00eendeaproape persoana \u00eengrijit\u0103 \u00een timpul nop\u021bii, de a asigura o asisten\u021b\u0103 continu\u0103 \u0219i de a fi gata s\u0103 intervin\u0103 \u00een caz de urgen\u021b\u0103.<\/p>\n<p>Agen\u021bia de \u00eengrijitori Angelus Consortium se angajeaz\u0103 s\u0103 selecteze \u0219i s\u0103 propun\u0103 numai \u00eengrijitori de noapte cu \u00eenalt\u0103 calificare \u0219i competen\u021b\u0103. Printr-un proces de recrutare atent, agen\u021bia evalueaz\u0103 competen\u021bele, experien\u021ba \u0219i seriozitatea candida\u021bilor pentru a asigura clien\u021bilor s\u0103i servicii de \u00eenalt\u0103 calitate.<\/p>\n<p>Una dintre principalele preocup\u0103ri ale celor care caut\u0103 un \u00eengrijitor de noapte este securitatea \u0219i lini\u0219tea \u00een timpul nop\u021bii. Agen\u021bia de \u00eengrijire a Consor\u021biului Angelus se asigur\u0103 c\u0103 \u00eengrijitorii de noapte propu\u0219i sunt capabili s\u0103 fac\u0103 fa\u021b\u0103 situa\u021biilor de urgen\u021b\u0103 \u0219i s\u0103 ofere \u00eengrijiri adecvate \u00een timpul nop\u021bii. Acest lucru permite familiilor s\u0103 doarm\u0103 lini\u0219tite, \u0219tiind c\u0103 persoana \u00eengrijit\u0103 se afl\u0103 pe m\u00e2ini bune.<\/p>\n<p>Pe l\u00e2ng\u0103 g\u0103sirea celui mai potrivit \u00eengrijitor de noapte pentru nevoile dvs. specifice, Angelus Consortium Carers Agency ofer\u0103, de asemenea, sprijin \u00een recrutarea \u0219i gestionarea aspectelor birocratice. Aceasta include gestionarea contractelor de munc\u0103, a salariilor, a impozitelor \u0219i a asigur\u0103rilor sociale, degrev\u00e2nd familiile de sarcini \u0219i responsabilit\u0103\u021bi.<\/p>\n<p>De asemenea, agen\u021bia se angajeaz\u0103 s\u0103 ofere asisten\u021b\u0103 \u0219i sprijin constant pe toat\u0103 perioada de colaborare cu \u00eengrijitorul de noapte. Acest lucru asigur\u0103 un flux de comunicare eficient \u0219i rezolvarea \u00een timp util a oric\u0103ror probleme sau solicit\u0103ri.<\/p>\n<p>\u00cengrijitorul de noapte joac\u0103 un rol cheie \u00een \u00eengrijirea la domiciliu, permi\u021b\u00e2nd persoanelor aflate \u00een dificultate s\u0103 primeasc\u0103 \u00eengrijirea necesar\u0103 chiar \u0219i \u00een timpul nop\u021bii. Datorit\u0103 experien\u021bei \u0219i profesionalismului \u00eengrijitorilor de noapte oferite de Agen\u021bia de \u00eengrijire Angelus Consortium, familiile se pot baza pe un serviciu de calitate \u0219i pot garanta o calitate mai bun\u0103 a vie\u021bii persoanei \u00eengrijite.<\/p>\n<p>\u00cen concluzie, dac\u0103 sunte\u021bi \u00een c\u0103utarea unui \u00eengrijitor de noapte de \u00eencredere \u0219i competent \u00een Genova, Consorzio Angelus Agenzia Badanti este o op\u021biune de luat \u00een considerare. Cu experien\u021ba \u0219i aten\u021bia lor la nevoile clien\u021bilor, agen\u021bia se angajeaz\u0103 s\u0103<\/p>\n<p>s\u0103 g\u0103sim \u00eengrijitorul de noapte potrivit \u0219i s\u0103 oferim un serviciu complet, asigur\u00e2nd \u00eengrijire \u0219i asisten\u021b\u0103 \u00een timpul nop\u021bii \u0219i gestion\u00e2nd \u00een mod profesionist documentele de recrutare.<\/p>\n<p>[\/et_pb_text][\/et_pb_column][\/et_pb_row][\/et_pb_section]<\/p>\n","protected":false},"excerpt":{"rendered":"<p>Cooperativa noastr\u0103 este capabil\u0103 s\u0103 sprijine familiile care se confrunt\u0103 cu o astfel de situa\u021bie, cu operatori califica\u021bi, de \u00eencredere \u0219i profesioni\u0219ti. Asigurarea \u00eengrijirii de noapte necesit\u0103 aptitudini \u0219i caracteristici personale specifice. Persoanele \u00een v\u00e2rst\u0103, din p\u0103cate, se confrunt\u0103 cu o schimbare a ritmului somn-veghe, care le afecteaz\u0103 negativ somnul. Aceast\u0103 schimbare depinde de motive [&hellip;]<\/p>\n","protected":false},"author":68,"featured_media":4101,"parent":0,"menu_order":0,"comment_status":"closed","ping_status":"closed","template":"","meta":{"_acf_changed":false,"googlesitekit_rrm_CAowmdjEDA:productID":"","_et_pb_use_builder":"on","_et_pb_old_content":"","_et_gb_content_width":"","inline_featured_image":false,"footnotes":""},"class_list":["post-4112","page","type-page","status-publish","has-post-thumbnail","hentry"],"acf":[],"jetpack-related-posts":[],"_links":{"self":[{"href":"https:\/\/www.badantianzianigenova.it\/ro\/wp-json\/wp\/v2\/pages\/4112","targetHints":{"allow":["GET"]}}],"collection":[{"href":"https:\/\/www.badantianzianigenova.it\/ro\/wp-json\/wp\/v2\/pages"}],"about":[{"href":"https:\/\/www.badantianzianigenova.it\/ro\/wp-json\/wp\/v2\/types\/page"}],"author":[{"embeddable":true,"href":"https:\/\/www.badantianzianigenova.it\/ro\/wp-json\/wp\/v2\/users\/68"}],"replies":[{"embeddable":true,"href":"https:\/\/www.badantianzianigenova.it\/ro\/wp-json\/wp\/v2\/comments?post=4112"}],"version-history":[{"count":2,"href":"https:\/\/www.badantianzianigenova.it\/ro\/wp-json\/wp\/v2\/pages\/4112\/revisions"}],"predecessor-version":[{"id":4114,"href":"https:\/\/www.badantianzianigenova.it\/ro\/wp-json\/wp\/v2\/pages\/4112\/revisions\/4114"}],"wp:featuredmedia":[{"embeddable":true,"href":"https:\/\/www.badantianzianigenova.it\/ro\/wp-json\/wp\/v2\/media\/4101"}],"wp:attachment":[{"href":"https:\/\/www.badantianzianigenova.it\/ro\/wp-json\/wp\/v2\/media?parent=4112"}],"curies":[{"name":"wp","href":"https:\/\/api.w.org\/{rel}","templated":true}]}}