{"id":4076,"date":"2020-10-01T15:26:56","date_gmt":"2020-10-01T13:26:56","guid":{"rendered":"https:\/\/www.badantianzianigenova.it\/agjencia-e-kujdestareve-ndihme-genoa-per-kujdestaret-e-kualifikuar-te-te-moshuarve\/"},"modified":"2020-10-01T15:26:56","modified_gmt":"2020-10-01T13:26:56","slug":"agjencia-e-kujdestareve-ndihme-genoa-per-kujdestaret-e-kualifikuar-te-te-moshuarve","status":"publish","type":"page","link":"https:\/\/www.badantianzianigenova.it\/sq\/","title":{"rendered":"Agjencia e Kujdestar\u00ebve Ndihm\u00eb Genoa p\u00ebr Kujdestar\u00ebt e Kualifikuar t\u00eb t\u00eb moshuarve"},"content":{"rendered":"<p>[et_pb_section fb_built=&#8221;1&#8243; fullwidth=&#8221;on&#8221; theme_builder_area=&#8221;post_content&#8221; _builder_version=&#8221;4.21.0&#8243; _module_preset=&#8221;default&#8221;][et_pb_fullwidth_header title=&#8221; Agjencia e Kujdestaris\u00eb Genova &#8221; subhead=&#8221;Assistenza Anziani. Badanti Qualificate Genova&#8221; button_one_text=&#8221;3385877021&#8243; button_one_url=&#8221;  tel:3385877021&#8243; button_two_text=&#8221;genova@consorzioangelus.com&#8221; logo_image_url=&#8221;https:\/\/www.badantianzianigenova.it\/wp-content\/uploads\/2021\/05\/unnamed.png&#8221; logo_alt_text=&#8221;  Agenzia Badanti Genova Il Sorriso&#8221; logo_title=&#8221;  Agenzia Badanti Genova Cooperativa il Sorriso  &#8221; header_image_url=&#8221;https:\/\/www.badantianzianigenova.it\/wp-content\/uploads\/2021\/12\/headercontentbg2.png&#8221; image_alt_text=&#8221;  Agenzia Badanti Genova Assistenza Anziani&#8221; image_title=&#8221;  Agenzia Badanti Genova Baddanti Qualificate&#8221; _builder_version=&#8221;4.19.0&#8243; title_level=&#8221;h2&#8243; content_text_align=&#8221;left&#8221; background_color=&#8221;#00278c&#8221; custom_button_one=&#8221;on&#8221; button_one_text_color=&#8221;#0C71C3&#8243; button_one_bg_color=&#8221;#FFFFFF&#8221; button_one_border_color=&#8221;#FFFFFF&#8221; button_one_border_radius=&#8221;20px&#8221; button_one_font=&#8221;||||||||&#8221; button_one_icon=&#8221;\ue00b||divi||400&#8243; button_one_icon_color=&#8221;#7CDA24&#8243; button_one_icon_placement=&#8221;left&#8221; button_one_on_hover=&#8221;off&#8221; custom_button_two=&#8221;on&#8221; button_two_text_color=&#8221;#0C71C3&#8243; button_two_bg_color=&#8221;#FFFFFF&#8221; button_two_border_color=&#8221;#7CDA24&#8243; button_two_border_radius=&#8221;21px&#8221; button_two_font=&#8221;||||||||&#8221; button_two_icon=&#8221;\ue010||divi||400&#8243; button_two_icon_color=&#8221;#7CDA24&#8243; button_two_icon_placement=&#8221;left&#8221; button_two_on_hover=&#8221;off&#8221; global_colors_info=&#8221;{}&#8221; theme_builder_area=&#8221;post_content&#8221;][\/et_pb_fullwidth_header][\/et_pb_section][et_pb_section fb_built=&#8221;1&#8243; _builder_version=&#8221;4.16&#8243; min_height=&#8221;228px&#8221; custom_margin=&#8221;||-116px|||&#8221; global_colors_info=&#8221;{}&#8221;][et_pb_row column_structure=&#8221;1_3,1_3,1_3&#8243; _builder_version=&#8221;4.14.3&#8243; _module_preset=&#8221;default&#8221; global_module=&#8221;2074&#8243; saved_tabs=&#8221;all&#8221; global_colors_info=&#8221;{}&#8221;][et_pb_column type=&#8221;1_3&#8243; _builder_version=&#8221;4.16&#8243; _module_preset=&#8221;default&#8221; global_colors_info=&#8221;{}&#8221;][et_pb_blurb title=&#8221;Agjencia e Kujdestaris\u00eb Genova&#8221; url=&#8221;https:\/\/www.badantianzianigenova.it\/agenzia-badanti-genova-badanti-qualificate\/&#8221; use_icon=&#8221;on&#8221; font_icon=&#8221;\ue026||divi||400&#8243; _builder_version=&#8221;4.16&#8243; _module_preset=&#8221;default&#8221; link_option_url=&#8221;https:\/\/www.badantianzianigenova.it\/agenzia-badanti-genova-badanti-qualificate\/&#8221; global_colors_info=&#8221;{}&#8221;]<\/p>\n<p>Gjeni kujdestarin tuaj t\u00eb besuar me ne. Ne menaxhojm\u00eb kontrat\u00ebn, list\u00ebn e pagave dhe kontributet. Kujdestar bashk\u00ebjetues, kujdestar nate, ndihm\u00eb p\u00ebr t\u00eb moshuarit dhe invalid\u00ebt. N\u00eb Genova, Recco, Camogli, Arenziano. Sepse \u00ebsht\u00eb shum\u00eb m\u00eb tep\u00ebr <strong>se nj\u00eb agjenci e thjesht\u00eb kujdesi n\u00eb Genova.<\/strong><\/p>\n<p>[\/et_pb_blurb][et_pb_button button_url=&#8221;https:\/\/www.badantianzianigenova.it\/agenzia-badanti-genova-badanti-qualificate&#8221; button_text=&#8221;Scopri di pi\u00f9&#8221; _builder_version=&#8221;4.16&#8243; _module_preset=&#8221;default&#8221; global_colors_info=&#8221;{}&#8221;][\/et_pb_button][\/et_pb_column][et_pb_column type=&#8221;1_3&#8243; _builder_version=&#8221;4.16&#8243; _module_preset=&#8221;default&#8221; global_colors_info=&#8221;{}&#8221;][et_pb_blurb title=&#8221;Kujdestari i nat\u00ebs Genova&#8221; url=&#8221;https:\/\/www.badantianzianigenova.it\/badante-notturna-genova-veglia-notturna-ospedale\/&#8221; use_icon=&#8221;on&#8221; font_icon=&#8221;\ue009||divi||400&#8243; _builder_version=&#8221;4.16&#8243; _module_preset=&#8221;default&#8221; link_option_url=&#8221;https:\/\/www.badantianzianigenova.it\/badante-notturna-genova-veglia-notturna-ospedale\/&#8221; global_colors_info=&#8221;{}&#8221;]<\/p>\n<p><a href=\"https:\/\/www.badantianzianigenova.it\/badante-notturna-genova-veglia-notturna-ospedale\/\">Kooperativa<\/a> jon\u00eb \u00ebsht\u00eb n\u00eb gjendje t\u00eb mb\u00ebshtes\u00eb familjet, t\u00eb cilat p\u00ebrballen me nj\u00eb situat\u00eb t\u00eb ngjashme, me operator\u00eb t\u00eb kualifikuar, t\u00eb besuesh\u00ebm dhe profesionist\u00eb. Sigurimi i ndihm\u00ebs gjat\u00eb nat\u00ebs k\u00ebrkon aft\u00ebsi specifike dhe karakteristika t\u00eb ve\u00e7anta personale.<\/p>\n<p>[\/et_pb_blurb][et_pb_button button_url=&#8221;https:\/\/www.badantianzianigenova.it\/badante-notturna-genova-veglia-notturna-ospedale&#8221; button_text=&#8221;Scopri di pi\u00f9&#8221; _builder_version=&#8221;4.16&#8243; _module_preset=&#8221;default&#8221; global_colors_info=&#8221;{}&#8221;][\/et_pb_button][\/et_pb_column][et_pb_column type=&#8221;1_3&#8243; _builder_version=&#8221;4.16&#8243; _module_preset=&#8221;default&#8221; global_colors_info=&#8221;{}&#8221;][et_pb_blurb title=&#8221;Kujdestar\u00eb t\u00eb kualifikuar Genoa&#8221; url=&#8221;https:\/\/www.badantianzianigenova.it\/badanti-qualificate-genova\/&#8221; use_icon=&#8221;on&#8221; font_icon=&#8221;\ue021||divi||400&#8243; _builder_version=&#8221;4.16&#8243; _module_preset=&#8221;default&#8221; global_colors_info=&#8221;{}&#8221;]<\/p>\n<p>Angelus Genova ofron sh\u00ebrbimin e asistenc\u00ebs s\u00eb t\u00eb moshuarve, kujdestar ose bashk\u00ebjetues dit\u00ebn dhe nat\u00ebn.<br \/>Kontaktoni nj\u00eb nga zyrat e ANGELUS, do t\u00eb gjeni disponueshm\u00ebrin\u00eb dhe kompetenc\u00ebn e Kujdestar\u00ebve tan\u00eb p\u00ebr an\u00ebtar\u00ebt e familjes suaj.<\/p>\n<p>[\/et_pb_blurb][et_pb_button button_url=&#8221;https:\/\/www.badantianzianigenova.it\/badanti-qualificate-genova\/&#8221; button_text=&#8221;Scopri di pi\u00f9&#8221; _builder_version=&#8221;4.16&#8243; _module_preset=&#8221;default&#8221; global_colors_info=&#8221;{}&#8221;][\/et_pb_button][\/et_pb_column][\/et_pb_row][et_pb_row _builder_version=&#8221;4.16&#8243; global_colors_info=&#8221;{}&#8221;][et_pb_column type=&#8221;4_4&#8243; _builder_version=&#8221;4.16&#8243; custom_padding=&#8221;|||&#8221; global_colors_info=&#8221;{}&#8221; custom_padding__hover=&#8221;|||&#8221;][et_pb_text _builder_version=&#8221;4.16&#8243; global_colors_info=&#8221;{}&#8221;]<\/p>\n<h3 class=\"heading-style-3 visible-first\">NE KUJDESEM\u00cb <span class=\"item_title_part_4 item_title_part_odd item_title_part_second_half\">P\u00cbR<\/span> NEVOJAT <span class=\"item_title_part_3 item_title_part_even item_title_part_first_half\">TUAJA<\/span> <span class=\"item_title_part_5 item_title_part_even item_title_part_second_half\">N\u00cb<\/span> <span class=\"item_title_part_6 item_title_part_odd item_title_part_second_half item_title_part_last\">GENOA DHE PROVIN\u00cb<\/span><\/h3>\n<p>Angelus Genova ofron sh\u00ebrbimin e asistenc\u00ebs s\u00eb t\u00eb moshuarve, kujdestar ose bashk\u00ebjetues dit\u00ebn dhe nat\u00ebn.<br \/>\nKontaktoni nj\u00eb nga zyrat e ANGELUS, do t\u00eb gjeni disponueshm\u00ebrin\u00eb dhe kompetenc\u00ebn e Konsulent\u00ebve t\u00eb Familjes Angelus, t\u00eb cil\u00ebt do t&#8217;ju ndihmojn\u00eb t\u00eb zgjidhni nevojat tuaja p\u00ebr ndihm\u00eb. Kujdestar\u00ebt p\u00ebr t\u00eb moshuarit dhe familjet Genova<br \/>\n[\/et_pb_text][\/et_pb_column][\/et_pb_row][\/et_pb_section][et_pb_section fb_built=&#8221;1&#8243; _builder_version=&#8221;4.16&#8243; global_colors_info=&#8221;{}&#8221;][et_pb_row column_structure=&#8221;1_4,3_4&#8243; _builder_version=&#8221;4.16&#8243; global_colors_info=&#8221;{}&#8221;][et_pb_column type=&#8221;1_4&#8243; _builder_version=&#8221;4.16&#8243; global_colors_info=&#8221;{}&#8221;][et_pb_image src=&#8221;https:\/\/www.badantianzianigenova.it\/wp-content\/uploads\/2021\/05\/page-1_img03.jpg&#8221; alt=&#8221;Agjencia e Kujdestar\u00ebve Konsorciumi Genoa Angelus&#8221; title_text=&#8221;Agenzia Badanti Genova  &#8221; _builder_version=&#8221;4.16&#8243; global_colors_info=&#8221;{}&#8221;][\/et_pb_image][\/et_pb_column][et_pb_column type=&#8221;3_4&#8243; _builder_version=&#8221;4.16&#8243; global_colors_info=&#8221;{}&#8221;][et_pb_text _builder_version=&#8221;4.16&#8243; global_colors_info=&#8221;{}&#8221;]<\/p>\n<h3>Kujdestar\u00ebt p\u00ebr t\u00eb moshuarit Genova<\/h3>\n<p>Konsulenti yn\u00eb Familjar, pasi ka d\u00ebgjuar nevojat tuaja, do t\u00eb zgjedh\u00eb pun\u00ebtor\u00ebt kandidat\u00eb t\u00eb duhur p\u00ebr ju p\u00ebr t\u00eb p\u00ebrmbushur nevojat tuaja. Ai do t&#8217;ju ofroj\u00eb takime prezantuese me kandidat\u00ebt dhe m\u00eb pas do t&#8217;ju ndihmoj\u00eb t\u00eb zgjidhni kandidatin e duhur. N\u00eb Genova dhe Provinca<\/p>\n<p>Me ne do t\u00eb dini menj\u00ebher\u00eb kostot mujore dhe formalitetet e nevojshme p\u00ebr rekrutimin dhe sh\u00ebrbimet e Badante Genova<\/p>\n<p>Konsulenti yn\u00eb i familjes APiCi Genoa do t\u00eb jet\u00eb gjithmon\u00eb pran\u00eb jush n\u00eb menaxhimin e marr\u00ebdh\u00ebnieve t\u00eb pun\u00ebs midis jush dhe punonj\u00ebsit t\u00eb pun\u00ebsuar. Ne do t&#8217;ju mb\u00ebshtesim n\u00eb marr\u00ebdh\u00ebniet tuaja duke marr\u00eb parasysh menaxhimin e sigurimeve shoq\u00ebrore nga rekrutimi deri n\u00eb p\u00ebrfundim.<br \/>\n[\/et_pb_text][\/et_pb_column][\/et_pb_row][\/et_pb_section][et_pb_section fb_built=&#8221;1&#8243; admin_label=&#8221;Sezione&#8221; _builder_version=&#8221;4.14.4&#8243; _module_preset=&#8221;default&#8221; global_module=&#8221;2020&#8243; global_colors_info=&#8221;{}&#8221;][et_pb_row column_structure=&#8221;1_2,1_2&#8243; _builder_version=&#8221;4.16&#8243; _module_preset=&#8221;default&#8221; global_colors_info=&#8221;{}&#8221;][et_pb_column type=&#8221;1_2&#8243; _builder_version=&#8221;4.16&#8243; _module_preset=&#8221;default&#8221; global_colors_info=&#8221;{}&#8221;][et_pb_contact_form captcha=&#8221;off&#8221; email=&#8221;genova@consorzioangelus.com&#8221; title=&#8221;Na kontaktoni tani&#8221; success_message=&#8221;Grazie per averci contattato&#8221; submit_button_text=&#8221;Invia ora&#8221; _builder_version=&#8221;4.21.0&#8243; _module_preset=&#8221;default&#8221; _unique_id=&#8221;770ee0a6-51c1-49bb-ac49-a022bdbe3aeb&#8221; title_level=&#8221;h3&#8243; global_colors_info=&#8221;{}&#8221;][et_pb_contact_field field_id=&#8221;Name&#8221; field_title=&#8221;Nome&#8221; _builder_version=&#8221;4.16&#8243; global_colors_info=&#8221;{}&#8221; button_text_size__hover_enabled=&#8221;off&#8221; button_one_text_size__hover_enabled=&#8221;off&#8221; button_two_text_size__hover_enabled=&#8221;off&#8221; button_text_color__hover_enabled=&#8221;off&#8221; button_one_text_color__hover_enabled=&#8221;off&#8221; button_two_text_color__hover_enabled=&#8221;off&#8221; button_border_width__hover_enabled=&#8221;off&#8221; button_one_border_width__hover_enabled=&#8221;off&#8221; button_two_border_width__hover_enabled=&#8221;off&#8221; button_border_color__hover_enabled=&#8221;off&#8221; button_one_border_color__hover_enabled=&#8221;off&#8221; button_two_border_color__hover_enabled=&#8221;off&#8221; button_border_radius__hover_enabled=&#8221;off&#8221; button_one_border_radius__hover_enabled=&#8221;off&#8221; button_two_border_radius__hover_enabled=&#8221;off&#8221; button_letter_spacing__hover_enabled=&#8221;off&#8221; button_one_letter_spacing__hover_enabled=&#8221;off&#8221; button_two_letter_spacing__hover_enabled=&#8221;off&#8221; button_bg_color__hover_enabled=&#8221;off&#8221; button_one_bg_color__hover_enabled=&#8221;off&#8221; button_two_bg_color__hover_enabled=&#8221;off&#8221;][\/et_pb_contact_field][et_pb_contact_field field_id=&#8221;Email&#8221; field_title=&#8221;Indirizzo e-mail&#8221; field_type=&#8221;email&#8221; _builder_version=&#8221;4.16&#8243; global_colors_info=&#8221;{}&#8221; button_text_size__hover_enabled=&#8221;off&#8221; button_one_text_size__hover_enabled=&#8221;off&#8221; button_two_text_size__hover_enabled=&#8221;off&#8221; button_text_color__hover_enabled=&#8221;off&#8221; button_one_text_color__hover_enabled=&#8221;off&#8221; button_two_text_color__hover_enabled=&#8221;off&#8221; button_border_width__hover_enabled=&#8221;off&#8221; button_one_border_width__hover_enabled=&#8221;off&#8221; button_two_border_width__hover_enabled=&#8221;off&#8221; button_border_color__hover_enabled=&#8221;off&#8221; button_one_border_color__hover_enabled=&#8221;off&#8221; button_two_border_color__hover_enabled=&#8221;off&#8221; button_border_radius__hover_enabled=&#8221;off&#8221; button_one_border_radius__hover_enabled=&#8221;off&#8221; button_two_border_radius__hover_enabled=&#8221;off&#8221; button_letter_spacing__hover_enabled=&#8221;off&#8221; button_one_letter_spacing__hover_enabled=&#8221;off&#8221; button_two_letter_spacing__hover_enabled=&#8221;off&#8221; button_bg_color__hover_enabled=&#8221;off&#8221; button_one_bg_color__hover_enabled=&#8221;off&#8221; button_two_bg_color__hover_enabled=&#8221;off&#8221;][\/et_pb_contact_field][et_pb_contact_field field_id=&#8221;Message&#8221; field_title=&#8221;Messaggio&#8221; field_type=&#8221;text&#8221; fullwidth_field=&#8221;on&#8221; _builder_version=&#8221;4.16&#8243; global_colors_info=&#8221;{}&#8221; button_text_size__hover_enabled=&#8221;off&#8221; button_one_text_size__hover_enabled=&#8221;off&#8221; button_two_text_size__hover_enabled=&#8221;off&#8221; button_text_color__hover_enabled=&#8221;off&#8221; button_one_text_color__hover_enabled=&#8221;off&#8221; button_two_text_color__hover_enabled=&#8221;off&#8221; button_border_width__hover_enabled=&#8221;off&#8221; button_one_border_width__hover_enabled=&#8221;off&#8221; button_two_border_width__hover_enabled=&#8221;off&#8221; button_border_color__hover_enabled=&#8221;off&#8221; button_one_border_color__hover_enabled=&#8221;off&#8221; button_two_border_color__hover_enabled=&#8221;off&#8221; button_border_radius__hover_enabled=&#8221;off&#8221; button_one_border_radius__hover_enabled=&#8221;off&#8221; button_two_border_radius__hover_enabled=&#8221;off&#8221; button_letter_spacing__hover_enabled=&#8221;off&#8221; button_one_letter_spacing__hover_enabled=&#8221;off&#8221; button_two_letter_spacing__hover_enabled=&#8221;off&#8221; button_bg_color__hover_enabled=&#8221;off&#8221; button_one_bg_color__hover_enabled=&#8221;off&#8221; button_two_bg_color__hover_enabled=&#8221;off&#8221;][\/et_pb_contact_field][\/et_pb_contact_form][\/et_pb_column][et_pb_column type=&#8221;1_2&#8243; _builder_version=&#8221;4.16&#8243; _module_preset=&#8221;default&#8221; global_colors_info=&#8221;{}&#8221;][et_pb_map address=&#8221;Via Al Ponte Reale 1 Genova&#8221; address_lat=&#8221;44.409344908399&#8243; address_lng=&#8221;8.9293955854588&#8243; _builder_version=&#8221;4.16&#8243; _module_preset=&#8221;default&#8221; global_colors_info=&#8221;{}&#8221;][et_pb_map_pin title=&#8221;Konsorciumi Angelus Genova&#8221; pin_address=&#8221;Via Al Ponte Reale, 1, 16124 Genova GE, Italia&#8221; pin_address_lat=&#8221;44.4092946&#8243; pin_address_lng=&#8221;8.9293514&#8243; _builder_version=&#8221;4.14.4&#8243; _module_preset=&#8221;default&#8221; global_colors_info=&#8221;{}&#8221;][\/et_pb_map_pin][\/et_pb_map][\/et_pb_column][\/et_pb_row][\/et_pb_section][et_pb_section fb_built=&#8221;1&#8243; _builder_version=&#8221;4.16&#8243; _module_preset=&#8221;default&#8221; global_colors_info=&#8221;{}&#8221;][et_pb_row _builder_version=&#8221;4.16&#8243; global_colors_info=&#8221;{}&#8221;][et_pb_column type=&#8221;4_4&#8243; _builder_version=&#8221;4.16&#8243; global_colors_info=&#8221;{}&#8221;][et_pb_text _builder_version=&#8221;4.21.0&#8243; global_colors_info=&#8221;{}&#8221;]<\/p>\n<h2>Konsorciumi Angelus, Agjencia juaj e Kujdestar\u00ebve t\u00eb Besuar n\u00eb Genoa.<\/h2>\n<p>Kujdesi n\u00eb sht\u00ebpi mund t\u00eb jet\u00eb nj\u00eb opsion i favorsh\u00ebm p\u00ebr ata q\u00eb kan\u00eb nevoj\u00eb p\u00ebr kujdes afatgjat\u00eb, por nuk duan t\u00eb heqin dor\u00eb nga pavar\u00ebsia dhe privat\u00ebsia e tyre. Kur vendosni t\u00eb pun\u00ebsoni nj\u00eb kujdestar, ju mund t\u00eb zgjidhni ta b\u00ebni k\u00ebt\u00eb n\u00ebp\u00ebrmjet nj\u00eb agjencie q\u00eb \u00ebsht\u00eb e specializuar n\u00eb sh\u00ebrbimet e kujdesit n\u00eb sht\u00ebpi.<\/p>\n<p>N\u00eb k\u00ebt\u00eb artikull, ne do t\u00eb shqyrtojm\u00eb pse pun\u00ebsimi i nj\u00eb kujdestari p\u00ebrmes nj\u00eb agjencie n\u00eb Genova mund t\u00eb jet\u00eb zgjidhja e duhur p\u00ebr shum\u00eb familje.<\/p>\n<p>1. <strong>Profesionist\u00eb shum\u00eb t\u00eb kualifikuar<\/strong><\/p>\n<p>Agjencit\u00eb e kujdesit n\u00eb sht\u00ebpi n\u00eb Genova zgjedhin kujdestar\u00eb t\u00eb kualifikuar dhe t\u00eb trajnuar. Kujdestar\u00ebt q\u00eb punojn\u00eb p\u00ebr k\u00ebto agjenci p\u00ebrgjith\u00ebsisht kan\u00eb vite p\u00ebrvoj\u00eb n\u00eb fush\u00ebn e kujdesit n\u00eb sht\u00ebpi, njohin teknikat p\u00ebr t\u00eb ndihmuar njer\u00ebzit me probleme sh\u00ebndet\u00ebsore dhe mund t\u00eb p\u00ebrballojn\u00eb situata emergjente.<\/p>\n<p>Agjencit\u00eb e kujdesit n\u00eb sht\u00ebpi n\u00eb Genova ofrojn\u00eb gjithashtu kurse trajnimi p\u00ebr punonj\u00ebsit e tyre p\u00ebr t\u00eb siguruar q\u00eb ata t\u00eb jen\u00eb gjithmon\u00eb t\u00eb p\u00ebrdit\u00ebsuar mbi teknikat dhe praktikat m\u00eb t\u00eb fundit n\u00eb kujdesin n\u00eb sht\u00ebpi.<\/p>\n<p>2. <strong>Siguri dhe qet\u00ebsi m\u00eb e madhe shpirt\u00ebrore<\/strong><\/p>\n<p>Pun\u00ebsimi i nj\u00eb kujdestari p\u00ebrmes nj\u00eb agjencie n\u00eb Genova mund t\u00eb garantoj\u00eb m\u00eb shum\u00eb siguri dhe paqe mendore. Sfondi i agjencive t\u00eb kujdesit n\u00eb sht\u00ebpi kontrollojn\u00eb punonj\u00ebsit e tyre dhe monitorojn\u00eb rregullisht sjelljen e tyre p\u00ebr t&#8217;u siguruar q\u00eb ata p\u00ebrmbushin standardet profesionale dhe t\u00eb sjelljes.<\/p>\n<p>P\u00ebrve\u00e7 k\u00ebsaj, agjencit\u00eb e kujdesit n\u00eb sht\u00ebpi ofrojn\u00eb mbulim sigurimi p\u00ebr kujdestar\u00ebt q\u00eb punojn\u00eb p\u00ebr ta, duke ofruar mbrojtje p\u00ebr klient\u00ebt e tyre n\u00eb rast aksidenti ose l\u00ebndimi gjat\u00eb pun\u00ebs.<\/p>\n<p>3. <strong>Fleksibiliteti dhe personalizimi i sh\u00ebrbimeve<\/strong><\/p>\n<p>Agjencit\u00eb e kujdesit n\u00eb sht\u00ebpi n\u00eb Genova ofrojn\u00eb sh\u00ebrbime t\u00eb personalizuara dhe fleksib\u00ebl p\u00ebr t\u00eb p\u00ebrmbushur nevojat specifike t\u00eb klient\u00ebve t\u00eb tyre. \u00cbsht\u00eb e mundur t\u00eb zgjedh\u00ebsh koh\u00ebn dhe koh\u00ebzgjatjen e kujdesit n\u00eb sht\u00ebpi dhe t\u00eb vendos\u00ebsh se cilat aktivitete do t\u00eb kryej\u00eb kujdestari gjat\u00eb q\u00ebndrimit t\u00eb saj.<\/p>\n<p>P\u00ebr m\u00eb tep\u00ebr, agjencit\u00eb e kujdesit n\u00eb sht\u00ebpi mund t\u00eb ofrojn\u00eb kujdes afatshkurt\u00ebr ose afatgjat\u00eb, bazuar n\u00eb nevojat e klientit.<\/p>\n<p>4. <strong>Sh\u00ebrbimi dhe mb\u00ebshtetja e vazhdueshme<\/strong><\/p>\n<p>Agjencit\u00eb e kujdesit n\u00eb sht\u00ebpi n\u00eb Genova ofrojn\u00eb ndihm\u00eb t\u00eb vazhdueshme dhe mb\u00ebshtetje t\u00eb vazhdueshme p\u00ebr klient\u00ebt e tyre dhe kujdestar\u00ebt e tyre. N\u00eb rast urgjence apo ngjarje t\u00eb paparashikuara, agjencit\u00eb jan\u00eb gjithmon\u00eb n\u00eb dispozicion p\u00ebr t\u00eb ofruar ndihm\u00eb dhe p\u00ebr t\u00eb zgjidhur \u00e7do problem.<\/p>\n<p>P\u00ebr m\u00eb tep\u00ebr, agjencit\u00eb e kujdesit n\u00eb sht\u00ebpi n\u00eb Genova ofrojn\u00eb sh\u00ebrbime z\u00ebvend\u00ebsimi p\u00ebr kujdestar\u00ebt q\u00eb nuk mund t\u00eb punojn\u00eb p\u00ebr shkak t\u00eb s\u00ebmundjes ose arsyeve t\u00eb tjera.<\/p>\n<p>5. <strong>Kurseni koh\u00eb dhe stres<\/strong><\/p>\n<p>Pun\u00ebsimi i nj\u00eb kujdestari p\u00ebrmes nj\u00eb agjencie n\u00eb Genova mund t&#8217;ju ndihmoj\u00eb t\u00eb kurseni koh\u00eb dhe stres. Agjencit\u00eb e kujdesit n\u00eb sht\u00ebpi kujdesen p\u00ebr t\u00eb gjith\u00eb menaxhimin e personelit, duke p\u00ebrfshir\u00eb p\u00ebrzgjedhjen, trajnimin, kryerjen e kontrollit dhe menaxhimin e \u00e7\u00ebshtjeve burokratike.<\/p>\n<p>[\/et_pb_text][et_pb_text _builder_version=&#8221;4.21.0&#8243; _module_preset=&#8221;default&#8221; global_colors_info=&#8221;{}&#8221;]<\/p>\n<div id=\"1187269228\" class=\"u_1187269228 dmNewParagraph\" data-dmtmpl=\"true\" data-element-type=\"paragraph\" data-version=\"5\" data-uialign=\"left\" data-anim-desktop=\"fadeInUp\">\n<h2>Konsorciumi Angelus p\u00ebr Ndihm\u00ebn e t\u00eb Moshuarve dhe Sh\u00ebrbimin e Kujdestar\u00ebve Genova<\/h2>\n<\/div>\n<div id=\"1088972914\" class=\"u_1088972914 dmNewParagraph\" data-dmtmpl=\"true\" data-element-type=\"paragraph\" data-version=\"5\" data-uialign=\"left\">\n<p><span class=\"\">Agenzia Badanti Genova Assistance Caregivers p\u00ebr t\u00eb moshuarit dhe t\u00eb paaft\u00ebt operon n\u00eb territorin e Liguris\u00eb duke adresuar kryesisht nd\u00ebrhyrjet e saj t\u00eb mir\u00ebqenies sociale p\u00ebr p\u00ebrdoruesit si: t\u00eb moshuarit, t\u00eb s\u00ebmur\u00ebt dhe pacient\u00ebt me aft\u00ebsi t\u00eb kufizuara t\u00eb p\u00ebrkohshme psiko-fizike.<\/span><\/p>\n<p>Sh\u00ebrbimet e ofruara kan\u00eb t\u00eb b\u00ebjn\u00eb me pacient\u00eb q\u00eb vuajn\u00eb nga patologji t\u00eb tilla si: ALS, <a href=\"https:\/\/it.wikipedia.org\/wiki\/Malattia_di_Alzheimer\" target=\"_blank\" rel=\"noopener\">Alzheimer<\/a> , <a href=\"https:\/\/it.wikipedia.org\/wiki\/Malattia_di_Parkinson\" target=\"_blank\" rel=\"noopener\">Parkinson<\/a> , Onkologji, <a href=\"https:\/\/it.wikipedia.org\/wiki\/Sclerosi_multipla\" target=\"_blank\" rel=\"noopener\">Skleroz\u00eb Multiple<\/a> , goditje n\u00eb tru, s\u00ebmundje kardiopulmonare, neurodegjenerative ose miodegjenerative. Nd\u00ebrhyrje t\u00eb shumta jan\u00eb ofruar p\u00ebr t\u00eb moshuarit <strong>pjes\u00ebrisht t\u00eb vet\u00eb-mjaftuesh\u00ebm ose jo t\u00eb vet\u00eb-mjaftuesh\u00ebm<\/strong> n\u00eb lidhje me sh\u00ebrbimet ndihm\u00ebse t\u00eb mir\u00ebqenies sociale, socializimin dhe terapin\u00eb profesionale mb\u00ebshtet\u00ebse.<\/p>\n<\/div>\n<p>[\/et_pb_text][\/et_pb_column][\/et_pb_row][\/et_pb_section][et_pb_section fb_built=&#8221;1&#8243; admin_label=&#8221;section&#8221; _builder_version=&#8221;4.16&#8243; global_colors_info=&#8221;{}&#8221;][et_pb_row _builder_version=&#8221;4.16&#8243; global_colors_info=&#8221;{}&#8221;][et_pb_column type=&#8221;4_4&#8243; _builder_version=&#8221;4.16&#8243; global_colors_info=&#8221;{}&#8221;][et_pb_image src=&#8221;https:\/\/www.badantianzianigenova.it\/wp-content\/uploads\/2021\/09\/ContributiBadanti.png&#8221; title_text=&#8221;ContributiBadanti&#8221; _builder_version=&#8221;4.16&#8243; background_color=&#8221;#a0a0a0&#8243; global_colors_info=&#8221;{}&#8221;][\/et_pb_image][et_pb_portfolio posts_number=&#8221;4&#8243; include_categories=&#8221;all&#8221; show_categories=&#8221;off&#8221; show_pagination=&#8221;off&#8221; _builder_version=&#8221;4.16&#8243; _module_preset=&#8221;default&#8221; global_colors_info=&#8221;{}&#8221;][\/et_pb_portfolio][\/et_pb_column][\/et_pb_row][\/et_pb_section]<\/p>\n","protected":false},"excerpt":{"rendered":"<p>Gjeni kujdestarin tuaj t\u00eb besuar me ne. Ne menaxhojm\u00eb kontrat\u00ebn, list\u00ebn e pagave dhe kontributet. Kujdestar bashk\u00ebjetues, kujdestar nate, ndihm\u00eb p\u00ebr t\u00eb moshuarit dhe invalid\u00ebt. N\u00eb Genova, Recco, Camogli, Arenziano. Sepse \u00ebsht\u00eb shum\u00eb m\u00eb tep\u00ebr se nj\u00eb agjenci e thjesht\u00eb kujdesi n\u00eb Genova.Kooperativa jon\u00eb \u00ebsht\u00eb n\u00eb gjendje t\u00eb mb\u00ebshtes\u00eb familjet, t\u00eb cilat p\u00ebrballen me nj\u00eb [&hellip;]<\/p>\n","protected":false},"author":68,"featured_media":3882,"parent":0,"menu_order":0,"comment_status":"closed","ping_status":"closed","template":"","meta":{"_acf_changed":false,"googlesitekit_rrm_CAowmdjEDA:productID":"","_et_pb_use_builder":"on","_et_pb_old_content":"","_et_gb_content_width":"","inline_featured_image":false,"footnotes":""},"class_list":["post-4076","page","type-page","status-publish","has-post-thumbnail","hentry"],"acf":[],"jetpack-related-posts":[],"_links":{"self":[{"href":"https:\/\/www.badantianzianigenova.it\/sq\/wp-json\/wp\/v2\/pages\/4076","targetHints":{"allow":["GET"]}}],"collection":[{"href":"https:\/\/www.badantianzianigenova.it\/sq\/wp-json\/wp\/v2\/pages"}],"about":[{"href":"https:\/\/www.badantianzianigenova.it\/sq\/wp-json\/wp\/v2\/types\/page"}],"author":[{"embeddable":true,"href":"https:\/\/www.badantianzianigenova.it\/sq\/wp-json\/wp\/v2\/users\/68"}],"replies":[{"embeddable":true,"href":"https:\/\/www.badantianzianigenova.it\/sq\/wp-json\/wp\/v2\/comments?post=4076"}],"version-history":[{"count":0,"href":"https:\/\/www.badantianzianigenova.it\/sq\/wp-json\/wp\/v2\/pages\/4076\/revisions"}],"wp:featuredmedia":[{"embeddable":true,"href":"https:\/\/www.badantianzianigenova.it\/sq\/wp-json\/wp\/v2\/media\/3882"}],"wp:attachment":[{"href":"https:\/\/www.badantianzianigenova.it\/sq\/wp-json\/wp\/v2\/media?parent=4076"}],"curies":[{"name":"wp","href":"https:\/\/api.w.org\/{rel}","templated":true}]}}